{"id":11,"date":"2016-04-01T01:00:35","date_gmt":"2016-03-31T23:00:35","guid":{"rendered":"https:\/\/www.zahnklinik-essen.de\/de\/?page_id=11"},"modified":"2025-03-21T15:14:49","modified_gmt":"2025-03-21T14:14:49","slug":"ueber-uns","status":"publish","type":"page","link":"https:\/\/www.dentalzentrum-essen.de\/de\/ueber-uns\/","title":{"rendered":"\u00dcber uns"},"content":{"rendered":"<h2>Pr\u00e4zision, Erfahrung und Menschlichkeit sichern den Behandlungserfolg.<\/h2>\n<p>Das Dentalzentrum Essen ist das Fachzentrum f\u00fcr Implantologie und Parodontologie in der Region. Hier arbeiten f\u00fchrende Spezialist*innen mit besonderen Kompetenzen und speziellen Behandlungsmethoden an der Zahngesundheit und am Zahnersatz ihrer hochzufriedenen Patient*innen.<\/p>\n<p>Der Mensch steht seit der Gr\u00fcndung des Dentalzentrum Essen durch Dr. J\u00fcrgen Oberbeckmann im Mittelpunkt. \u201eDabei legt <a href=\"https:\/\/www.dentalzentrum-essen.de\/de\/ueber-uns\/team\/\">unser erfahrenes Team<\/a> viel Wert auf eine informative und transparente Beratung\u201c, so Dr. Abramowski, Gesellschafter des Dentalzentrum. Dr. Gerckens, ebenfalls Gesellschafterin, unterstreicht diese Sichtweise: \u201eWir m\u00f6chten, dass sich unsere Patienten bei uns wohlf\u00fchlen. Deshalb nehmen wir uns viel Zeit f\u00fcr die Beratung und auch das Aufzeigen von Behandlungsalternativen.\u201c So werden Patient*innen vor, w\u00e4hrend und nach der Behandlung optimal betreut.<\/p>\n<p>Unser Ziel ist es, allen Patient*innen funktionale und \u00e4sthetisch anspruchsvolle Ergebnisse mit langer Haltbarkeit zu bieten. Ma\u00dfgeschneiderte Therapien bilden die Basis unserer erfolgreichen Arbeit. Egal, wie sich der Zustand Ihrer Z\u00e4hne im Laufe der Jahre ver\u00e4ndert, wir sind f\u00fcr Sie da. Das hei\u00dft f\u00fcr Sie: Gleichbleibende Ansprechpartner*innen, verl\u00e4ssliche Kommunikation und kurze Wege. Das Gesamtkonzept unserer kooperativen und interdisziplin\u00e4ren Zahnheilkunde erm\u00f6glicht, dass ohne Umwege sofort Spezialist*innen hinzugezogen werden k\u00f6nnen. Und das sorgt f\u00fcr einen optimalen Therapieverlauf.<\/p>\n<p><strong>Lernen Sie uns kennen:<\/strong><\/p>\n<p><iframe title=\"#WeilWirMehrSind\" width=\"500\" height=\"281\" src=\"https:\/\/www.youtube.com\/embed\/iJvk1eVlPxc?feature=oembed&#038;rel=0\" frameborder=\"0\" allow=\"accelerometer; autoplay; clipboard-write; encrypted-media; gyroscope; picture-in-picture; web-share\" referrerpolicy=\"strict-origin-when-cross-origin\" allowfullscreen><\/iframe><\/p>\n","protected":false},"excerpt":{"rendered":"<p>Pr\u00e4zision, Erfahrung und Menschlichkeit sichern den Behandlungserfolg. Das Dentalzentrum Essen ist das Fachzentrum f\u00fcr Implantologie und Parodontologie in der Region. Hier arbeiten f\u00fchrende Spezialist*innen mit besonderen Kompetenzen und speziellen Behandlungsmethoden an der Zahngesundheit und am Zahnersatz ihrer hochzufriedenen Patient*innen. Der Mensch steht seit der Gr\u00fcndung des Dentalzentrum Essen durch Dr. J\u00fcrgen Oberbeckmann im Mittelpunkt. \u201eDabei [&hellip;]<\/p>\n","protected":false},"author":1,"featured_media":0,"parent":0,"menu_order":0,"comment_status":"closed","ping_status":"closed","template":"","meta":[],"_links":{"self":[{"href":"https:\/\/www.dentalzentrum-essen.de\/de\/wp-json\/wp\/v2\/pages\/11"}],"collection":[{"href":"https:\/\/www.dentalzentrum-essen.de\/de\/wp-json\/wp\/v2\/pages"}],"about":[{"href":"https:\/\/www.dentalzentrum-essen.de\/de\/wp-json\/wp\/v2\/types\/page"}],"author":[{"embeddable":true,"href":"https:\/\/www.dentalzentrum-essen.de\/de\/wp-json\/wp\/v2\/users\/1"}],"replies":[{"embeddable":true,"href":"https:\/\/www.dentalzentrum-essen.de\/de\/wp-json\/wp\/v2\/comments?post=11"}],"version-history":[{"count":9,"href":"https:\/\/www.dentalzentrum-essen.de\/de\/wp-json\/wp\/v2\/pages\/11\/revisions"}],"predecessor-version":[{"id":4451,"href":"https:\/\/www.dentalzentrum-essen.de\/de\/wp-json\/wp\/v2\/pages\/11\/revisions\/4451"}],"wp:attachment":[{"href":"https:\/\/www.dentalzentrum-essen.de\/de\/wp-json\/wp\/v2\/media?parent=11"}],"curies":[{"name":"wp","href":"https:\/\/api.w.org\/{rel}","templated":true}]}}