{"id":1899,"date":"2019-07-11T13:17:38","date_gmt":"2019-07-11T11:17:38","guid":{"rendered":"https:\/\/www.zahnklinik-essen.de\/de\/?page_id=1899"},"modified":"2024-01-18T11:51:45","modified_gmt":"2024-01-18T10:51:45","slug":"dr-christine-theile","status":"publish","type":"page","link":"https:\/\/www.dentalzentrum-essen.de\/de\/team\/dr-christine-theile\/","title":{"rendered":"Dr. Christine Theile"},"content":{"rendered":"<h3>Vita<\/h3>\n<dl class=\"vita\">\n<dt>2001-2006<\/dt>\n<dd>Studium der Zahnmedizin an der Georg-August-Universit\u00e4t G\u00f6ttingen<\/dd>\n<dt>2007<\/dt>\n<dd>Promotion zum Dr. med. dent. in der Abteilung f\u00fcr zahn\u00e4rztliche Prop\u00e4deutik und Werkstoffkunde an der Georg-August-Universit\u00e4t G\u00f6ttingen<\/dd>\n<dt>2007-2009<\/dt>\n<dd>Assistenzzahn\u00e4rztin in Remscheid und Wuppertal<\/dd>\n<dt>2010-2019<\/dt>\n<dd>angestellte Zahn\u00e4rztin in Ratingen<\/dd>\n<dt>Seit 2019<\/dt>\n<dd>Angestellte Zahn\u00e4rztin in der Zahnklinik Essen mit T\u00e4tigkeitsschwerpunkt Endodontologie und endodontischer \u00dcberweisungst\u00e4tigkeit<\/dd>\n<\/dl>\n<h3>Fortbildungen<\/h3>\n<dl class=\"vita\">\n<dt>2010<\/dt>\n<dd>Curriculum Parodontologie des Karl-H\u00e4upl-Instituts der Zahn\u00e4rztekammer Nordrhein<\/dd>\n<dt>Seit 2011<\/dt>\n<dd>zahlreiche hochwertige nationale und internationale Fortbildungen im Bereich Endodontologie<\/dd>\n<dt>2012<\/dt>\n<dd>Curriculum Endodontologie der Deutschen Gesellschaft f\u00fcr Endodontologie und Traumatologie (DGET)<\/dd>\n<dt>Seit 2013<\/dt>\n<dd>T\u00e4tigkeitsschwerpunkt Endodontologie<\/dd>\n<dt>Seit 2014<\/dt>\n<dd>zahlreiche hochwertige Fortbildungen auf dem Gebiet der Zahnerhaltung<\/dd>\n<dt>2016<\/dt>\n<dd>Fachkunde digitale Volumentomografie<\/dd>\n<dt>2019<\/dt>\n<dd>FCurriculum zahn\u00e4rztliche Schlafmedizin (APW)<\/dd>\n<\/dl>\n<h3>Aktive Mitgliedschaften<\/h3>\n<ul>\n<li>Deutsche Gesellschaft f\u00fcr Endodontologie und zahn\u00e4rztliche Traumatologie (DGET)<\/li>\n<li>Deutsche Gesellschaft f\u00fcr Zahn-, Mund- und Kieferheilkunde (DGZMK)<\/li>\n<li>Deutsche Gesellschaft f\u00fcr Zahnerhaltung (DGZ)<\/li>\n<li>Deutsche Gesellschaft f\u00fcr Zahn\u00e4rztliche Schlafmedizin (DGZS)<\/li>\n<li>Studiengruppe f\u00fcr Restaurative Zahnheilkunde e.V.<\/li>\n<\/ul>\n","protected":false},"excerpt":{"rendered":"<p>Vita 2001-2006 Studium der Zahnmedizin an der Georg-August-Universit\u00e4t G\u00f6ttingen 2007 Promotion zum Dr. med. dent. in der Abteilung f\u00fcr zahn\u00e4rztliche Prop\u00e4deutik und Werkstoffkunde an der Georg-August-Universit\u00e4t G\u00f6ttingen 2007-2009 Assistenzzahn\u00e4rztin in Remscheid und Wuppertal 2010-2019 angestellte Zahn\u00e4rztin in Ratingen Seit 2019 Angestellte Zahn\u00e4rztin in der Zahnklinik Essen mit T\u00e4tigkeitsschwerpunkt Endodontologie und endodontischer \u00dcberweisungst\u00e4tigkeit Fortbildungen 2010 Curriculum [&hellip;]<\/p>\n","protected":false},"author":4,"featured_media":0,"parent":41,"menu_order":0,"comment_status":"closed","ping_status":"closed","template":"","meta":[],"_links":{"self":[{"href":"https:\/\/www.dentalzentrum-essen.de\/de\/wp-json\/wp\/v2\/pages\/1899"}],"collection":[{"href":"https:\/\/www.dentalzentrum-essen.de\/de\/wp-json\/wp\/v2\/pages"}],"about":[{"href":"https:\/\/www.dentalzentrum-essen.de\/de\/wp-json\/wp\/v2\/types\/page"}],"author":[{"embeddable":true,"href":"https:\/\/www.dentalzentrum-essen.de\/de\/wp-json\/wp\/v2\/users\/4"}],"replies":[{"embeddable":true,"href":"https:\/\/www.dentalzentrum-essen.de\/de\/wp-json\/wp\/v2\/comments?post=1899"}],"version-history":[{"count":1,"href":"https:\/\/www.dentalzentrum-essen.de\/de\/wp-json\/wp\/v2\/pages\/1899\/revisions"}],"predecessor-version":[{"id":3825,"href":"https:\/\/www.dentalzentrum-essen.de\/de\/wp-json\/wp\/v2\/pages\/1899\/revisions\/3825"}],"up":[{"embeddable":true,"href":"https:\/\/www.dentalzentrum-essen.de\/de\/wp-json\/wp\/v2\/pages\/41"}],"wp:attachment":[{"href":"https:\/\/www.dentalzentrum-essen.de\/de\/wp-json\/wp\/v2\/media?parent=1899"}],"curies":[{"name":"wp","href":"https:\/\/api.w.org\/{rel}","templated":true}]}}