{"id":2,"date":"2016-04-01T01:00:20","date_gmt":"2016-03-31T23:00:20","guid":{"rendered":"https:\/\/www.zahnklinik-essen.de\/de\/?page_id=2"},"modified":"2024-11-26T12:06:17","modified_gmt":"2024-11-26T11:06:17","slug":"patienten","status":"publish","type":"page","link":"https:\/\/www.dentalzentrum-essen.de\/de\/patienten\/","title":{"rendered":"F\u00fcr Patienten"},"content":{"rendered":"<p>Ein strahlendes L\u00e4cheln mit gesunden Z\u00e4hnen ist ein St\u00fcck Lebensqualit\u00e4t. Ihnen ein solches zu schenken und es am besten ein Leben lang zu erhalten, ist das Ziel unseres Dentalzentrums Essen. In unserer Praxis f\u00fcr Implantologie und Parodontologie arbeiten f\u00fchrende Spezialistinnen und Spezialisten mit langj\u00e4hriger Erfahrung und besonderer Kompetenz. Ob die j\u00e4hrliche Prophylaxe, Zahnersatz, Bleaching oder Kieferchirurgie: Bei Ihrem <strong>Zahnarzt in Essen<\/strong> sind Sie in den besten H\u00e4nden.<\/p>\n<p>Dank moderner Methoden und neuester technisch-medizinischer Ausstattung sind wir immer am Zahn der Zeit und k\u00f6nnen Behandlungen auf h\u00f6chster Qualit\u00e4tsstufe durchf\u00fchren. Dabei stehen Sie als Mensch mit Ihren W\u00fcnschen und Vorstellungen im Mittelpunkt. Wir m\u00f6chten Sie vor, w\u00e4hrend und nach der Behandlung gleicherma\u00dfen zufriedenstellend betreuen und haben stets ein offenes Ohr f\u00fcr Ihre Fragen. Eine vorausschauende Terminierung der Behandlungen sorgt daf\u00fcr, dass Patientinnen und Patienten bei uns nicht lange warten m\u00fcssen. Sprechen Sie uns gerne auf Ihren Wunschtermin an!<\/p>\n<h3>Ihre Vorteile mit unserer Zahnarztpraxis<\/h3>\n<ul>\n<li>Gro\u00dfes Behandlungsspektrum<\/li>\n<li>Hochspezialisierte \u00c4rztinnen und \u00c4rzte<\/li>\n<li>Moderne Techniken und Methoden<\/li>\n<li>Der Mensch im Mittelpunkt<\/li>\n<\/ul>\n<h3 style=\"text-align: center;\"><a href=\"tel:+49201280270\">Wenden Sie sich an den Zahnarzt Ihres Vertrauens. Kontaktieren Sie uns!<\/a><\/h3>\n<p>&nbsp;<\/p>\n<h2>Die Leistungen unserer Zahn\u00e4rztinnen und Zahn\u00e4rzte in Essen<\/h2>\n<p>In unserer <strong>Zahnarztpraxis in Essen<\/strong> bieten wir Patientinnen und Patienten ein facettenreiches Leistungsspektrum aus den verschiedenen Bereichen der allgemeinen Zahnmedizin. Daneben decken wir auch besondere zahnmedizinische Fachgebiete ab, um auf jeden individuellen Wunsch einzugehen. Zu diesen m\u00f6chten wir Ihnen nachfolgend einen ersten \u00dcberblick geben.<\/p>\n<ul>\n<li><a href=\"https:\/\/www.dentalzentrum-essen.de\/de\/parodontologie\/\">Parodontologie<\/a>: In der Parodontologie besch\u00e4ftigen sich unsere Zahn\u00e4rztinnen und Zahn\u00e4rzte mit der Behandlung von Zahnfleischerkrankungen jeglicher Art. Erste Anzeichen einer Parodontitis k\u00f6nnen Blutungen oder unangenehme Schwellungen im Mundraum sein.<\/li>\n<li><a href=\"https:\/\/www.dentalzentrum-essen.de\/de\/implantologie\/\">Zahnimplantate<\/a>: Heutzutage muss niemand mehr mit einer Zahnl\u00fccke durch das Leben gehen. Wir fertigen j\u00e4hrlich \u00fcber 2.000 Zahnimplantate und setzen bei einem Zahnverlust auch in Ihrem Gebiss einen hochwertigen und passgenauen Zahnersatz ein.<\/li>\n<li><a href=\"https:\/\/www.dentalzentrum-essen.de\/de\/wurzelbehandlung\/\">Wurzelbehandlung<\/a>: In unserer Praxis steht der Zahnerhalt immer im Fokus. Daher setzen wir mit innovativen Verfahren der Wurzelbehandlung alles daran, um einen erkrankten Zahn zu retten und auch das Gewebe der benachbarten Z\u00e4hne zu erhalten.<\/li>\n<li><a href=\"https:\/\/www.dentalzentrum-essen.de\/de\/oralchirurgie\/\">Oralchirurgie<\/a>: Ganz gleich, ob es um die Entfernung von Weisheitsz\u00e4hnen, eine Zahnverlagerung oder einen anderen oralchirurgischen Eingriff geht: Bei unserem erfahrenen Team an ausgebildeten Oralchirurginnen und -chirurgen sind Sie in den besten H\u00e4nden.<\/li>\n<li><a href=\"https:\/\/www.dentalzentrum-essen.de\/de\/oralchirurgie\/\">Kieferchirurgie<\/a>: Unsere Zahnarztpraxis hat sich unter anderem auf das Fachgebiet der Kieferchirurgie spezialisiert. Wir verf\u00fcgen \u00fcber neueste medizinische Erkenntnisse und Behandlungsmethoden, um Kieferh\u00f6hlenoperationen, Speicheldr\u00fcsenbehandlungen und andere Eingriffe professionell durchzuf\u00fchren.<\/li>\n<li><a href=\"https:\/\/www.weilwirfestezaehnemachen.de\">Sofortversorgung<\/a>: Mit modernster Technik und langj\u00e4hriger Erfahrung setzen wir Implantate so, dass Sie noch am selben Tag wieder zubei\u00dfen und lachen k\u00f6nnen. Minimalinvasiv, pr\u00e4zise und komfortabel \u2013 f\u00fcr Ihr Wohlbefinden von Anfang an.<\/li>\n<li><a href=\"https:\/\/www.dentalzentrum-essen.de\/de\/prophylaxe-vorsorge\/\">Zahnreinigung<\/a>: Sie geh\u00f6rt zum erweiterten Portfolio der Prophylaxe und sollte auf Empfehlung Ihres Zahnarztes in Essen regelm\u00e4\u00dfig durchgef\u00fchrt werden. Mit einer professionellen Zahnreinigung beugen Sie Karies und anderen Erkrankungen der Z\u00e4hne wirksam vor.<\/li>\n<li><a href=\"https:\/\/www.dentalzentrum-essen.de\/de\/prophylaxe-vorsorge\/\">Prophylaxe<\/a>: Bakterien sammeln sich gerne in Zahnzwischenr\u00e4umen an, die mit der B\u00fcrste nicht erreichbar sind. Daher ist die h\u00e4usliche Zahnpflege zwar wichtig, aber ein langfristig gesundes Gebiss kommt nicht ohne eine konsequente zahnmedizinische Prophylaxe aus.<\/li>\n<\/ul>\n<p>Wenn Sie zu bestimmten Themen Fragen haben, scheuen Sie sich nicht, uns einfach anzusprechen. Wir freuen uns darauf, Sie beraten zu k\u00f6nnen und bald als Patientin oder Patient in einer der modernsten Einrichtungen des Landes behandeln zu d\u00fcrfen.<\/p>\n<h2>Pr\u00e4zision, Fachkompetenz und Menschlichkeit: alles unter einem Dach<\/h2>\n<p>Viele unserer Patientinnen und Patienten kommen in das <strong>Dentalzentrum Essen<\/strong>, weil sie<\/p>\n<ul>\n<li>den drohenden Verlust der eigenen Z\u00e4hne richtigerweise verhindern m\u00f6chten<\/li>\n<li>Prothesen-Probleme haben und endlich Zahnimplantate m\u00f6chten, die fest sitzen<\/li>\n<li>Interesse an ihrem Aussehen haben und gerade beim Zahnersatz neben dem medizinischen Erfolg auch die \u00e4sthetische Passgenauigkeit w\u00fcnschen<\/li>\n<li>Angst vor Schmerzen haben und wissen, dass wir ihnen sowohl die Angst als auch die Schmerzen zuverl\u00e4ssig nehmen k\u00f6nnen<\/li>\n<li>unsere Arbeit an einem dauerhaften Erfolg sch\u00e4tzen<\/li>\n<li>wissen, dass wir neben Deutsch auch Englisch, Franz\u00f6sisch, Russisch und Polnisch sprechen<\/li>\n<li>den Komfort auch in Bezug auf nahe gelegene Parkpl\u00e4tze und die benachbarte Cafeteria genie\u00dfen<\/li>\n<li>das Gef\u00fchl der Sicherheit durch die Angliederung des Dentalzentrums an das Elisabeth-Krankenhaus empfinden<\/li>\n<\/ul>\n<p>Kommen Sie gerne auf unser Dentalzentrum Essen zu, wenn Sie einen Termin vereinbaren oder sich beraten lassen m\u00f6chten. Unser erfahrenes Team bringt alles mit, was f\u00fcr eine erfolgreiche Behandlung n\u00f6tig ist: spezialisierte \u00c4rztinnen und \u00c4rzte mit Erfahrung, Fachkompetenz und menschlichem Einf\u00fchlungsverm\u00f6gen.<\/p>\n<p>Wir nehmen uns gerne Zeit f\u00fcr Sie und freuen uns, Sie schon bald in unserer Zahnarztpraxis zu begr\u00fc\u00dfen.<\/p>\n<h3 style=\"text-align: center;\"><a href=\"tel:+49201280270\">Kontaktieren Sie uns f\u00fcr einen Termin!<\/a><\/h3>\n<p>&nbsp;<\/p>\n","protected":false},"excerpt":{"rendered":"<p>Ein strahlendes L\u00e4cheln mit gesunden Z\u00e4hnen ist ein St\u00fcck Lebensqualit\u00e4t. Ihnen ein solches zu schenken und es am besten ein Leben lang zu erhalten, ist das Ziel unseres Dentalzentrums Essen. In unserer Praxis f\u00fcr Implantologie und Parodontologie arbeiten f\u00fchrende Spezialistinnen und Spezialisten mit langj\u00e4hriger Erfahrung und besonderer Kompetenz. Ob die j\u00e4hrliche Prophylaxe, Zahnersatz, Bleaching oder [&hellip;]<\/p>\n","protected":false},"author":1,"featured_media":0,"parent":0,"menu_order":0,"comment_status":"closed","ping_status":"closed","template":"","meta":[],"_links":{"self":[{"href":"https:\/\/www.dentalzentrum-essen.de\/de\/wp-json\/wp\/v2\/pages\/2"}],"collection":[{"href":"https:\/\/www.dentalzentrum-essen.de\/de\/wp-json\/wp\/v2\/pages"}],"about":[{"href":"https:\/\/www.dentalzentrum-essen.de\/de\/wp-json\/wp\/v2\/types\/page"}],"author":[{"embeddable":true,"href":"https:\/\/www.dentalzentrum-essen.de\/de\/wp-json\/wp\/v2\/users\/1"}],"replies":[{"embeddable":true,"href":"https:\/\/www.dentalzentrum-essen.de\/de\/wp-json\/wp\/v2\/comments?post=2"}],"version-history":[{"count":46,"href":"https:\/\/www.dentalzentrum-essen.de\/de\/wp-json\/wp\/v2\/pages\/2\/revisions"}],"predecessor-version":[{"id":4153,"href":"https:\/\/www.dentalzentrum-essen.de\/de\/wp-json\/wp\/v2\/pages\/2\/revisions\/4153"}],"wp:attachment":[{"href":"https:\/\/www.dentalzentrum-essen.de\/de\/wp-json\/wp\/v2\/media?parent=2"}],"curies":[{"name":"wp","href":"https:\/\/api.w.org\/{rel}","templated":true}]}}