{"id":22,"date":"2016-04-01T01:00:30","date_gmt":"2016-03-31T23:00:30","guid":{"rendered":"https:\/\/www.zahnklinik-essen.de\/de\/?page_id=22"},"modified":"2024-02-08T10:54:35","modified_gmt":"2024-02-08T09:54:35","slug":"kontakt","status":"publish","type":"page","link":"https:\/\/www.dentalzentrum-essen.de\/de\/kontakt\/","title":{"rendered":"Kontakt"},"content":{"rendered":"<h3>Ihr Weg zum Dentalzentrum Essen am Elisabeth-Krankenhaus<\/h3>\n<p>Zentrum f\u00fcr Implantologie &amp; Parodontologie<br \/>\nHerwarthstra\u00dfe 102 \/ Ecke Moltkestra\u00dfe<br \/>\n45138 Essen<\/p>\n<p>Bitte nehmen Sie telefonisch Kontakt auf. Auf diesem Weg k\u00f6nnen wir eine zeitnahe Bearbeitung ihres Anliegens gew\u00e4hrleisten und Sie erleben direkt die Vorteile unserer kompetenten und umfassenden Beratung. Vielen Dank!<\/p>\n<p>Telefon: +49 201 280 270<br \/>\nTelefax: +49 201-280 2720<br \/>\nE-Mail: <a class=\"email\" href=\"mailto:info@dentalzentrum-essen.de\">info[at]dentalzentrum-essen.de<\/a><\/p>\n<p>Die Klinik ist nur ca. 1 Autominute von der A52 bzw. A40 entfernt. Parken k\u00f6nnen Sie in unserem Parkhaus an der R\u00fcckseite der Klinik. Achtung Navibenutzer: Geben Sie bitte den Klara-Kopp-Weg als Ziel ein! Wir w\u00fcnschen Ihnen eine angenehme Fahrt und freuen uns auf Ihren Besuch.<\/p>\n","protected":false},"excerpt":{"rendered":"<p>Ihr Weg zum Dentalzentrum Essen am Elisabeth-Krankenhaus Zentrum f\u00fcr Implantologie &amp; Parodontologie Herwarthstra\u00dfe 102 \/ Ecke Moltkestra\u00dfe 45138 Essen Bitte nehmen Sie telefonisch Kontakt auf. Auf diesem Weg k\u00f6nnen wir eine zeitnahe Bearbeitung ihres Anliegens gew\u00e4hrleisten und Sie erleben direkt die Vorteile unserer kompetenten und umfassenden Beratung. Vielen Dank! Telefon: +49 201 280 270 Telefax: [&hellip;]<\/p>\n","protected":false},"author":1,"featured_media":0,"parent":0,"menu_order":0,"comment_status":"closed","ping_status":"closed","template":"","meta":[],"_links":{"self":[{"href":"https:\/\/www.dentalzentrum-essen.de\/de\/wp-json\/wp\/v2\/pages\/22"}],"collection":[{"href":"https:\/\/www.dentalzentrum-essen.de\/de\/wp-json\/wp\/v2\/pages"}],"about":[{"href":"https:\/\/www.dentalzentrum-essen.de\/de\/wp-json\/wp\/v2\/types\/page"}],"author":[{"embeddable":true,"href":"https:\/\/www.dentalzentrum-essen.de\/de\/wp-json\/wp\/v2\/users\/1"}],"replies":[{"embeddable":true,"href":"https:\/\/www.dentalzentrum-essen.de\/de\/wp-json\/wp\/v2\/comments?post=22"}],"version-history":[{"count":8,"href":"https:\/\/www.dentalzentrum-essen.de\/de\/wp-json\/wp\/v2\/pages\/22\/revisions"}],"predecessor-version":[{"id":3855,"href":"https:\/\/www.dentalzentrum-essen.de\/de\/wp-json\/wp\/v2\/pages\/22\/revisions\/3855"}],"wp:attachment":[{"href":"https:\/\/www.dentalzentrum-essen.de\/de\/wp-json\/wp\/v2\/media?parent=22"}],"curies":[{"name":"wp","href":"https:\/\/api.w.org\/{rel}","templated":true}]}}