{"id":2216,"date":"2020-03-09T10:51:03","date_gmt":"2020-03-09T09:51:03","guid":{"rendered":"https:\/\/www.dentalzentrum-essen.de\/de\/?page_id=2216"},"modified":"2023-12-15T14:30:37","modified_gmt":"2023-12-15T13:30:37","slug":"zahnklinik","status":"publish","type":"page","link":"https:\/\/www.dentalzentrum-essen.de\/de\/zahnklinik\/","title":{"rendered":"Zahnklinik"},"content":{"rendered":"<p>Die F\u00fcrsorge wird im Dentalzentrum Essen gro\u00df geschrieben. So nutzen wir bei station\u00e4ren Behandlungen unserer Privatpatient*innen die R\u00e4umlichkeiten der Zahnklinik. Dabei ist die unmittelbare N\u00e4he zum Elisabeth-Krankenhaus und die Kooperation mit dem Herzzentrum der Universit\u00e4tsmedizin f\u00fcr unsere Privatpatient*innen von immensem Vorteil. Denn umfangreiche chirurgische, oralchirurgische, implantologische und prothetische Behandlung werden von unsere*n Spezialist*innen, wenn medizinisch notwendig, in der Klinik durchgef\u00fchrt.<\/p>\n<p>Auch eine Behandlung unter Vollnarkose ist, ebenfalls unter Voraussetzung der medizinischen Notwendigkeit, m\u00f6glich. Sollte nach einem Eingriff ein kurzer oder auch l\u00e4ngerer Aufenthalt von N\u00f6ten sein, werden unsere Privatpatient*innen gerne aufgenommen. Risikopatient*innen erfahren durch die Kooperation mit den Stationen der Krankenh\u00e4user beste Versorgung und allergr\u00f6\u00dfte Sicherheit.<\/p>\n<p>Als Privatklinik unterliegen wir dem \u00a7 30 der Gewerbeordnung. Die hier aufgef\u00fchrten Leistungen werden nicht von Gesetzlichen Krankenkassen \u00fcbernommen.<\/p>\n","protected":false},"excerpt":{"rendered":"<p>Die F\u00fcrsorge wird im Dentalzentrum Essen gro\u00df geschrieben. So nutzen wir bei station\u00e4ren Behandlungen unserer Privatpatient*innen die R\u00e4umlichkeiten der Zahnklinik. Dabei ist die unmittelbare N\u00e4he zum Elisabeth-Krankenhaus und die Kooperation mit dem Herzzentrum der Universit\u00e4tsmedizin f\u00fcr unsere Privatpatient*innen von immensem Vorteil. Denn umfangreiche chirurgische, oralchirurgische, implantologische und prothetische Behandlung werden von unsere*n Spezialist*innen, wenn medizinisch [&hellip;]<\/p>\n","protected":false},"author":1,"featured_media":0,"parent":0,"menu_order":0,"comment_status":"closed","ping_status":"closed","template":"","meta":[],"_links":{"self":[{"href":"https:\/\/www.dentalzentrum-essen.de\/de\/wp-json\/wp\/v2\/pages\/2216"}],"collection":[{"href":"https:\/\/www.dentalzentrum-essen.de\/de\/wp-json\/wp\/v2\/pages"}],"about":[{"href":"https:\/\/www.dentalzentrum-essen.de\/de\/wp-json\/wp\/v2\/types\/page"}],"author":[{"embeddable":true,"href":"https:\/\/www.dentalzentrum-essen.de\/de\/wp-json\/wp\/v2\/users\/1"}],"replies":[{"embeddable":true,"href":"https:\/\/www.dentalzentrum-essen.de\/de\/wp-json\/wp\/v2\/comments?post=2216"}],"version-history":[{"count":2,"href":"https:\/\/www.dentalzentrum-essen.de\/de\/wp-json\/wp\/v2\/pages\/2216\/revisions"}],"predecessor-version":[{"id":2694,"href":"https:\/\/www.dentalzentrum-essen.de\/de\/wp-json\/wp\/v2\/pages\/2216\/revisions\/2694"}],"wp:attachment":[{"href":"https:\/\/www.dentalzentrum-essen.de\/de\/wp-json\/wp\/v2\/media?parent=2216"}],"curies":[{"name":"wp","href":"https:\/\/api.w.org\/{rel}","templated":true}]}}