{"id":24,"date":"2016-05-02T10:55:40","date_gmt":"2016-05-02T08:55:40","guid":{"rendered":"https:\/\/www.zahnklinik-essen.de\/de\/?page_id=24"},"modified":"2025-10-06T12:32:57","modified_gmt":"2025-10-06T10:32:57","slug":"impressum","status":"publish","type":"page","link":"https:\/\/www.dentalzentrum-essen.de\/de\/impressum\/","title":{"rendered":"Impressum"},"content":{"rendered":"<p style=\"font-weight: 400;\"><strong>Impressum<\/strong><\/p>\n<p style=\"font-weight: 400;\"><strong>\u00a0<\/strong><strong>Verantwortlich f\u00fcr den Inhalt gem\u00e4\u00df \u00a7 5 Abs. 1 Nr. 1-2 DDG <\/strong><strong>Berufsaus\u00fcbungsgemeinschaft (BAG)<\/strong><\/p>\n<p style=\"font-weight: 400;\">Dr. Philip Abramowski, Dr. Stefan G\u00fcnther, Dr. Carolin Gerckens, Dr. Max Langer<\/p>\n<p style=\"font-weight: 400;\">Zentrum f\u00fcr Implantologie und Parodontologie<\/p>\n<p style=\"font-weight: 400;\">Herwarthstra\u00dfe 102 \/ Ecke Moltkestra\u00dfe<\/p>\n<p style=\"font-weight: 400;\">D &#8211; 45138 Essen<\/p>\n<p style=\"font-weight: 400;\">Telefon: +49 201 280 270<\/p>\n<p style=\"font-weight: 400;\">Telefax: +49 201 280 2720<\/p>\n<p style=\"font-weight: 400;\">E-Mail: <a href=\"mailto:info@dentalzentrum-essen.de\">info@dentalzentrum-essen.de<\/a><\/p>\n<p style=\"font-weight: 400;\"><strong>Inhaltlich Verantwortliche:<\/strong> Dr. Stefan G\u00fcnther und Dr. Philip Abramowski<\/p>\n<p style=\"font-weight: 400;\">Verantwortlich im Sinne des \u00a7 5 Digitale-Dienste-Gesetzes (DDG) und \u00a7 18 Medienstaatsvertrag (MStV)<\/p>\n<p style=\"font-weight: 400;\"><strong>Audiovisuelle Mediendienste:<\/strong><\/p>\n<p style=\"font-weight: 400;\">Sitzland: Deutschland.<\/p>\n<p style=\"font-weight: 400;\"><strong>Zust\u00e4ndige Regulierungs-, bzw. Aufsichtsbeh\u00f6rde:<\/strong><\/p>\n<p style=\"font-weight: 400;\">Landesanstalt f\u00fcr Medien NRW<\/p>\n<p style=\"font-weight: 400;\">Zollhof 2<\/p>\n<p style=\"font-weight: 400;\">D &#8211; 40221 D\u00fcsseldorf<\/p>\n<p style=\"font-weight: 400;\">Telefon: +49 211 770070<\/p>\n<p style=\"font-weight: 400;\">Telefax: +49 211 727170<\/p>\n<p style=\"font-weight: 400;\">E-Mail: <a href=\"mailto:info@medienanstalt-nrw.de\">info@medienanstalt-nrw.de<\/a><\/p>\n<p style=\"font-weight: 400;\">Netz: <a href=\"http:\/\/www.medienanstalt-nrw.de\/\">www.medienanstalt-nrw.de<\/a><\/p>\n<p style=\"font-weight: 400;\"><strong>Datenschutzerkl\u00e4rung:<\/strong> <a href=\"http:\/\/www.dentalzentrum-essen.de\/de\/datenschutz\">www.dentalzentrum-essen.de\/de\/datenschutz<\/a><\/p>\n<p style=\"font-weight: 400;\"><strong>Zust\u00e4ndige \u00c4rztekammer:<\/strong><\/p>\n<p style=\"font-weight: 400;\">Zahn\u00e4rztekammer Nordrhein<\/p>\n<p style=\"font-weight: 400;\">Emanuel-Leutze-Stra\u00dfe 8<\/p>\n<p style=\"font-weight: 400;\">D &#8211; 40547 D\u00fcsseldorf<\/p>\n<p style=\"font-weight: 400;\"><strong>Zust\u00e4ndige Kassen\u00e4rztliche Vereinigung: Kassenzahn\u00e4rztliche Vereinigung<\/strong> Nordrhein<\/p>\n<p style=\"font-weight: 400;\">Lindemannstra\u00dfe 34\u201342<\/p>\n<p style=\"font-weight: 400;\">D &#8211; 40474 D\u00fcsseldorf<\/p>\n<p style=\"font-weight: 400;\">Telefon: +49 211 96840<\/p>\n<p style=\"font-weight: 400;\">E-Mail: <a href=\"mailto:info@kzvnr.de\">info@kzvnr.de<\/a><\/p>\n<p style=\"font-weight: 400;\"><strong>Berufsordnung der Zahn\u00e4rztekammer Nordrhein \u2013 Berufsordnung: <\/strong><a href=\"https:\/\/recht.nrw.de\/lmi\/owa\/br_bes_text?anw_nr=1&amp;bes_id=8767&amp;aufgehoben=N\">https:\/\/recht.nrw.de\/lmi\/owa\/br_bes_text?anw_nr=1&amp;bes_id=8767&amp;aufgehoben=N<\/a><\/p>\n<p style=\"font-weight: 400;\"><strong>Zahn\u00e4rztliche Approbationsordnung \u2013 Approbationsordnung:<\/strong> <a href=\"https:\/\/www.gesetze-im-internet.de\/zappro\/BJNR093310019.html\">https:\/\/www.gesetze-im-internet.de\/zappro\/BJNR093310019.html<\/a><\/p>\n<p style=\"font-weight: 400;\">Die gesetzliche Berufsbezeichnung aller Behandler und Behandlerinnen lautet Zahnarzt bzw. Zahn\u00e4rztin, diese Berufsbezeichnungen wurden verliehen in Deutschland.<\/p>\n<p style=\"font-weight: 400;\">Es gelten unsere Allgemeinen Gesch\u00e4ftsbedingungen \/ AGB. Diese k\u00f6nnen bei uns eingesehen, oder angefordert werden.<\/p>\n<p>&nbsp;<\/p>\n<p><strong>USt-IdNr:<\/strong> DE322771670<\/p>\n<ul>\n<li>5 Abs. 1 Nr. 6 DDG<\/li>\n<\/ul>\n<p>&nbsp;<\/p>\n<p><strong>Berufshaftpflichtversicherung:<\/strong><\/p>\n<p><strong>Alte Leipziger-Gesellschaften<\/strong><\/p>\n<p>Alte Leipziger-Platz 1<\/p>\n<p>D &#8211; 61440 Oberursel<\/p>\n<p>Telefon: +49 6171 6600<\/p>\n<p>Telefax: +49 6171 24434<\/p>\n<p>E-Mail: <a href=\"mailto:service@alte-leipziger.de\">service@alte-leipziger.de<\/a><\/p>\n<p><strong>\u00a0<\/strong><\/p>\n<p><strong>Streitschlichtung:<\/strong><\/p>\n<p>Die Zahn\u00e4rztekammer Nordrhein stellt eine Plattform zur Allgemeine Streitschlichtung bereit, die unter <a href=\"https:\/\/www.zahnaerztekammernordrhein.de\/patienten\/patientenberatung-und-beschwerden\/patientenberatung-und-beschwerden\/?sub=1\">https:\/\/www.zahnaerztekammernordrhein.de\/patienten\/patientenberatung-und-beschwerden\/patientenberatung-und-beschwerden\/?sub=1<\/a> abrufbar ist. Wir sind weder bereit noch verpflichtet, an Streitbeilegungsverfahren vor einer Verbraucherschlichtungsstelle teilzunehmen.<\/p>\n<p>&nbsp;<\/p>\n<p><strong>Haftungs- und Schutzrechtshinweise:<\/strong><\/p>\n<p><strong>Haftung f\u00fcr Inhalte:<\/strong><\/p>\n<p>Die Inhalte unserer Webseite wurden mit gr\u00f6\u00dftm\u00f6glicher Sorgfalt erstellt. F\u00fcr die Richtigkeit, Vollst\u00e4ndigkeit und Aktualit\u00e4t der Inhalte k\u00f6nnen wir jedoch keine Gew\u00e4hr \u00fcbernehmen. Als Diensteanbieter sind wir f\u00fcr eigene Inhalte auf diesen Seiten nach den allgemeinen Gesetzen verantwortlich. Wir behalten uns vor, Inhalte jederzeit ohne vorherige Ank\u00fcndigung zu \u00e4ndern oder zu entfernen, soweit dies nicht gegen vertragliche Verpflichtungen verst\u00f6\u00dft.<\/p>\n<p>&nbsp;<\/p>\n<p><strong>Haftung f\u00fcr Links:<\/strong><\/p>\n<p>Das Angebot der Praxis Zentrum f\u00fcr Implantologie &amp; Parodontologie enth\u00e4lt Links zu externen Webseiten Dritter, auf deren Inhalte wir keinen Einfluss haben. F\u00fcr die Inhalte der verlinkten Seiten ist stets der jeweilige Anbieter oder Betreiber der Seiten verantwortlich. Die verlinkten Seiten wurden zum Zeitpunkt der Verlinkung auf m\u00f6gliche Rechtsverst\u00f6\u00dfe \u00fcberpr\u00fcft. Rechtswidrige Inhalte waren zum Zeitpunkt der Verlinkung nicht erkennbar. Eine permanente inhaltliche Kontrolle der verlinkten Seiten ist jedoch ohne konkrete Anhaltspunkte einer Rechtsverletzung nicht zumutbar. Bei Bekanntwerden von Rechtsverletzungen werden wir derartige Links umgehend entfernen.<\/p>\n<p>&nbsp;<\/p>\n<p><strong>Urheberrechte und Markenrechte:<\/strong><\/p>\n<p>Die durch die Praxis Zentrum f\u00fcr Implantologie &amp; Parodontologie erstellten Inhalte und Werke auf diesen Webseiten unterliegen dem deutschen Urheberrecht. Die Vervielf\u00e4ltigung, Bearbeitung, Verbreitung und jede Art der Verwertung au\u00dferhalb der Grenzen des Urheberrechtes bed\u00fcrfen der schriftlichen Zustimmung des jeweiligen Autors bzw. Erstellers. Downloads und Kopien dieser Seite sind nur f\u00fcr den privaten, nicht kommerziellen Gebrauch gestattet. Soweit die Inhalte auf dieser Seite nicht vom Betreiber erstellt wurden, werden die Urheberrechte Dritter beachtet. Insbesondere werden Inhalte Dritter als solche gekennzeichnet. Sollten Sie trotzdem auf eine Urheberrechtsverletzung aufmerksam werden, bitten wir um einen entsprechenden Hinweis. Bei Bekanntwerden von Rechtsverletzungen werden wir derartige Inhalte umgehend entfernen.<\/p>\n<p>&nbsp;<\/p>\n<p><strong>Hinweise auf Rechtsverst\u00f6\u00dfe<\/strong><\/p>\n<p>Sollten Sie auf den Praxis Webseite Inhalte finden, die gegen geltendes Recht versto\u00dfen, bitten wir Sie, uns dar\u00fcber zu informieren. Wir werden solche Inhalte nach Kenntnisnahme und Pr\u00fcfung unverz\u00fcglich entfernen.<\/p>\n<p>&nbsp;<\/p>\n<p><strong>Vorbehalt der Nutzung f\u00fcr Text und Data Mining:<\/strong><\/p>\n<p>Die Inhalte dieser Website d\u00fcrfen f\u00fcr Zwecke des Text- und Data-Mining (TDM), einschlie\u00dflich der Entwicklung, des Trainings oder des Betriebs von k\u00fcnstlicher Intelligenz oder anderen maschinellen Lernsystemen, nur mit ausdr\u00fccklicher schriftlicher Zustimmung der Praxis Zentrum f\u00fcr Implantologie &amp; Parodontologie verwendet werden. Ohne diese Zustimmung ist jede Nutzung der Inhalte zu TDM-Zwecken untersagt. Dies gilt unabh\u00e4ngig davon, ob die Inhalte technisch durch Meta-Angaben oder andere Ma\u00dfnahmen vor automatisierten Zugriffen gesch\u00fctzt sind. Ein Versto\u00df gegen diesen Nutzungsvorbehalt kann rechtliche Konsequenzen nach sich ziehen.<\/p>\n<p>Der Nutzungsvorbehalt wird gem\u00e4\u00df \u00a7 44b Abs. 3 UrhG maschinenlesbar bereitgestellt.<\/p>\n<p>&nbsp;<\/p>\n<p><strong>Social Media und andere Onlinepr\u00e4senzen:<\/strong><\/p>\n<p>Dieses Impressum gilt auch f\u00fcr die folgenden Social-Media-Pr\u00e4senzen und Onlineprofile:<\/p>\n<p><a href=\"https:\/\/www.facebook.com\/dentalzentrumessen\/\">https:\/\/www.facebook.com\/dentalzentrumessen\/<\/a><\/p>\n<p><a href=\"https:\/\/www.instagram.com\/dentalzentrum_essen\">https:\/\/www.instagram.com\/dentalzentrum_essen<\/a><\/p>\n<p><a href=\"https:\/\/www.youtube.com\/channel\/UCXIJsmOZK6GY2QU-2D1ixbw\">https:\/\/www.youtube.com\/channel\/UCXIJsmOZK6GY2QU-2D1ixbw<\/a><\/p>\n<p>&nbsp;<\/p>\n<p><strong>Bildrechte und andere Motive:<\/strong><\/p>\n<p><strong>\u00a9<\/strong> Adobe Stock \u2013 Fotos<\/p>\n<p><strong>\u00a9<\/strong> iStockphoto LP \u2013 Logos \u2013 Grafiken \u2013 Fotos<\/p>\n<p><strong>\u00a9 <\/strong>marcellini GmbH \u2013 Logos &#8211; Grafiken \u2013 Fotos<\/p>\n<p><strong>\u00a9<\/strong> Schl\u00fcter Fotografie \u2013 Fotos \u2013 Videos<\/p>\n<p>&nbsp;<\/p>\n<p><strong>Internetauftritt:<\/strong><\/p>\n<p>Konzeption &amp; Gestaltung: <a href=\"http:\/\/www.marcellini.de\/\">www.marcellini.de<\/a><\/p>\n<p>Betreuende Agentur: <a href=\"http:\/\/www.mcompany.de\/\">www.mcompany.de<\/a><\/p>\n<p>&nbsp;<\/p>\n<p><strong>Hinweis auf Gleichbehandlung:<\/strong><\/p>\n<p>Aus Gr\u00fcnden der besseren Lesbarkeit wird auf geschlechterspezifische Differenzierungen verzichtet. Entsprechende Begriffe gelten im Sinne der Gleichbehandlung f\u00fcr alle Geschlechter.<\/p>\n<p>&nbsp;<\/p>\n<p><strong>Hinweis zur Aktualit\u00e4t:<\/strong><\/p>\n<p>Die Inhalte dieses Impressums werden regelm\u00e4\u00dfig \u00fcberpr\u00fcft und bei Bedarf aktualisiert, um die Richtigkeit und Vollst\u00e4ndigkeit der Angaben sicherzustellen.<\/p>\n<p><strong>Stand:<\/strong><span style=\"font-weight: 400;\"> Oktober 2025<\/span><\/p>\n<p>&nbsp;<\/p>\n","protected":false},"excerpt":{"rendered":"<p>Impressum \u00a0Verantwortlich f\u00fcr den Inhalt gem\u00e4\u00df \u00a7 5 Abs. 1 Nr. 1-2 DDG Berufsaus\u00fcbungsgemeinschaft (BAG) Dr. Philip Abramowski, Dr. Stefan G\u00fcnther, Dr. Carolin Gerckens, Dr. Max Langer Zentrum f\u00fcr Implantologie und Parodontologie Herwarthstra\u00dfe 102 \/ Ecke Moltkestra\u00dfe D &#8211; 45138 Essen Telefon: +49 201 280 270 Telefax: +49 201 280 2720 E-Mail: info@dentalzentrum-essen.de Inhaltlich Verantwortliche: [&hellip;]<\/p>\n","protected":false},"author":1,"featured_media":0,"parent":0,"menu_order":0,"comment_status":"closed","ping_status":"closed","template":"","meta":[],"_links":{"self":[{"href":"https:\/\/www.dentalzentrum-essen.de\/de\/wp-json\/wp\/v2\/pages\/24"}],"collection":[{"href":"https:\/\/www.dentalzentrum-essen.de\/de\/wp-json\/wp\/v2\/pages"}],"about":[{"href":"https:\/\/www.dentalzentrum-essen.de\/de\/wp-json\/wp\/v2\/types\/page"}],"author":[{"embeddable":true,"href":"https:\/\/www.dentalzentrum-essen.de\/de\/wp-json\/wp\/v2\/users\/1"}],"replies":[{"embeddable":true,"href":"https:\/\/www.dentalzentrum-essen.de\/de\/wp-json\/wp\/v2\/comments?post=24"}],"version-history":[{"count":5,"href":"https:\/\/www.dentalzentrum-essen.de\/de\/wp-json\/wp\/v2\/pages\/24\/revisions"}],"predecessor-version":[{"id":4606,"href":"https:\/\/www.dentalzentrum-essen.de\/de\/wp-json\/wp\/v2\/pages\/24\/revisions\/4606"}],"wp:attachment":[{"href":"https:\/\/www.dentalzentrum-essen.de\/de\/wp-json\/wp\/v2\/media?parent=24"}],"curies":[{"name":"wp","href":"https:\/\/api.w.org\/{rel}","templated":true}]}}