{"id":2641,"date":"2021-06-25T09:41:47","date_gmt":"2021-06-25T07:41:47","guid":{"rendered":"https:\/\/www.dentalzentrum-essen.de\/de\/?page_id=2641"},"modified":"2024-01-18T13:29:05","modified_gmt":"2024-01-18T12:29:05","slug":"videosprechstunde","status":"publish","type":"page","link":"https:\/\/www.dentalzentrum-essen.de\/de\/videosprechstunde\/","title":{"rendered":"Videosprechstunde"},"content":{"rendered":"<h3>Digital beraten werden \u2013 das geht f\u00fcr Sie nun im Dentalzentrum Essen<\/h3>\n<p>Kurze Fragen oder eine professionelle Meinung zum Thema Implantate k\u00f6nnen Sie bei uns jetzt per Videosprechstunde einholen. Unsere beiden Experten Dr. Abramowski und Dr. G\u00fcnther stehen Ihnen per Videosprechstunde zur Verf\u00fcgung \u2013 daf\u00fcr haben wir in unserer Praxis extra Zeitfenster einger\u00e4umt: Jeden Mittwochabend von 18:00 \u2013 20:00 Uhr sind wir f\u00fcr Sie digital erreichbar.<\/p>\n<h3>Buchen Sie einfach telefonisch Ihren Termin unter: +49 201 280 270<\/h3>\n<p>Wir schicken Ihnen dann im Anschluss alle n\u00f6tigen Unterlagen f\u00fcr den Termin zu und Sie k\u00f6nnen einfach und bequem mit jedem videotelefonief\u00e4higen Ger\u00e4t (Smartphone, Tablet, Laptop mit Webcam) teilnehmen.<\/p>\n<p>Die Digitalisierung bietet tolle M\u00f6glichkeiten \u2013 nutzen wir sie!<\/p>\n","protected":false},"excerpt":{"rendered":"<p>Digital beraten werden \u2013 das geht f\u00fcr Sie nun im Dentalzentrum Essen Kurze Fragen oder eine professionelle Meinung zum Thema Implantate k\u00f6nnen Sie bei uns jetzt per Videosprechstunde einholen. Unsere beiden Experten Dr. Abramowski und Dr. G\u00fcnther stehen Ihnen per Videosprechstunde zur Verf\u00fcgung \u2013 daf\u00fcr haben wir in unserer Praxis extra Zeitfenster einger\u00e4umt: Jeden Mittwochabend [&hellip;]<\/p>\n","protected":false},"author":11,"featured_media":0,"parent":0,"menu_order":0,"comment_status":"closed","ping_status":"closed","template":"","meta":[],"_links":{"self":[{"href":"https:\/\/www.dentalzentrum-essen.de\/de\/wp-json\/wp\/v2\/pages\/2641"}],"collection":[{"href":"https:\/\/www.dentalzentrum-essen.de\/de\/wp-json\/wp\/v2\/pages"}],"about":[{"href":"https:\/\/www.dentalzentrum-essen.de\/de\/wp-json\/wp\/v2\/types\/page"}],"author":[{"embeddable":true,"href":"https:\/\/www.dentalzentrum-essen.de\/de\/wp-json\/wp\/v2\/users\/11"}],"replies":[{"embeddable":true,"href":"https:\/\/www.dentalzentrum-essen.de\/de\/wp-json\/wp\/v2\/comments?post=2641"}],"version-history":[{"count":3,"href":"https:\/\/www.dentalzentrum-essen.de\/de\/wp-json\/wp\/v2\/pages\/2641\/revisions"}],"predecessor-version":[{"id":2645,"href":"https:\/\/www.dentalzentrum-essen.de\/de\/wp-json\/wp\/v2\/pages\/2641\/revisions\/2645"}],"wp:attachment":[{"href":"https:\/\/www.dentalzentrum-essen.de\/de\/wp-json\/wp\/v2\/media?parent=2641"}],"curies":[{"name":"wp","href":"https:\/\/api.w.org\/{rel}","templated":true}]}}