{"id":355,"date":"2016-04-01T01:00:08","date_gmt":"2016-03-31T23:00:08","guid":{"rendered":"https:\/\/www.zahnklinik-essen.de\/de\/?page_id=355"},"modified":"2025-01-24T15:41:52","modified_gmt":"2025-01-24T14:41:52","slug":"ueberweiser","status":"publish","type":"page","link":"https:\/\/www.dentalzentrum-essen.de\/de\/ueberweiser\/","title":{"rendered":"\u00dcberweiser*innen"},"content":{"rendered":"<h2>Wir freuen uns sehr, wenn Sie uns als Mitbehandler f\u00fcr Ihre Patient*innen ansprechen und wir Ihr Vertrauen als Kollegen und Partner gewinnen k\u00f6nnen. F\u00fcr \u00dcberweisungspraxen bietet die oralchirurgische und endodontische Abteilung im Dentalzentrum Essen umfangreiche Leistungen der ambulanten Oralchirurgie, Implantologie und Endodontie an.<\/h2>\n<h3>Leistungsspektrum<\/h3>\n<ul class=\"features\">\n<li>Weisheitszahnentfernungen \/ Zahnsanierungen<\/li>\n<li>Wurzelspitzenresektionen klassisch<\/li>\n<li>Wurzelspitzenresektionen nach Prof. Kim und Dr. Velvert unter dem OP-Mikroskop<\/li>\n<li>Endodontologie unter dem OP-Mikroskop<\/li>\n<li>Prim\u00e4re Wurzelkanalbehandlung unter Mikroskop mit thermoplastischer Wurzelf\u00fcllung<\/li>\n<li>Endodontonische Revisionsbehandlung, auch nach WSR<\/li>\n<li>Endodontonische Fragmententfernung<\/li>\n<li>Endodontonische Perforationsdeckung<\/li>\n<li>Zystenentfernungen<\/li>\n<li>Chirurgische Parodontalbehandlungen<\/li>\n<li>Behandlung \/ Deckung von parodontalen Rezessionen<\/li>\n<li>Histologische Diagnostik \/ Entfernung von Mundschleimhautver\u00e4nderungen<\/li>\n<li>Knochen- und Weichgewebeaugmentationen<\/li>\n<li>Enossale Implantationen<\/li>\n<li>3D-Diagnostik mit DVT<\/li>\n<li>Behandlungen von Risikopatienten unter Stand-by durch unser Narkoseteam<\/li>\n<li>Herzklinik direkt vor Ort<\/li>\n<li>Behandlungen in Sedierung und Vollnarkose<\/li>\n<\/ul>\n<p>Alle Operationen werden nach aktuellsten Methoden mikrochirurgisch, wenn notwendig unter dem OP-Mikroskop durchgef\u00fchrt!<\/p>\n<p>&nbsp;<\/p>\n<h1>DVT-Zentrum Essen<\/h1>\n<h3>Digitale (oder Dentale) Volumentomografie (DVT): Modernste 3D-Technik f\u00fcr sichere Diagnosen und Operationen<\/h3>\n<p>Computertomografie (CT) war gestern, im Dentalzentrum Essen nutzen wir mit der Digitalen (oder Dentalen) Volumentomografie (DVT) die modernste digitale R\u00f6ntgentechnik, die die Zahn-, Mund- und Kieferheilkunde zu bieten hat. Die wichtigen Vorteile:<\/p>\n<ul>\n<li>Die dreidimensionale Darstellung sorgt f\u00fcr extrem sichere Diagnosen<\/li>\n<li>Eine 3D-Simulation notwendiger Eingriffe erleichtert die korrekte Planung, womit bei Operationen maximale Sicherheit gew\u00e4hrleistet ist<\/li>\n<li>Eventuelle Ver\u00e4nderungen des Kieferknochens, auch durch Zysten, werden f\u00fcr unsere Spezialist*innen sichtbar. Ebenso kann das Team Kieferh\u00f6hlen- und Kiefergelenkserkrankungen feststellen.<\/li>\n<li>Im Rahmen einer Wurzelbehandlung erkennt der Zahnarzt oder die Zahn\u00e4rztin auch Wurzelkanalverlauf und -anzahl<\/li>\n<li>Die Strahlenbelastung ist weit geringer als beim CT, die Aufnahme selbst dauert nur etwa 30 Sekunden<\/li>\n<\/ul>\n<h3>Ihr Vertrauen und ein reibungsloser Ablauf sind uns wichtig<\/h3>\n<p>F\u00fcr unser Team steht das Wohl der Patient*innen an erster Stelle. Das k\u00f6nnen wir nur gemeinsam im Dialog und gegenseitigen Vertrauen erreichen.<\/p>\n<p>Wir machen Ihnen als bisherigen oder zuk\u00fcnftigen \u00dcberweiser die Zuleitung Ihrer Patient*innen so einfach wie m\u00f6glich. Dazu senden wir Ihnen zum Beispiel gern Visitenkarten oder Informationsbrosch\u00fcren unserer Klinik mit Sprechzeiten, Telefonnummern und Anfahrtsskizze zu.<\/p>\n<p>Um einen unkomplizierten Ablauf zu gew\u00e4hrleisten, bitten wir Sie, Ihre Patient*innen in unserer Sprechstunde vorab anzumelden. So vermeiden wir gemeinsam unn\u00f6tige Wartezeiten. Geben Sie bitte alle n\u00f6tigen Unterlagen und R\u00f6ntgenbilder mit und z\u00f6gern Sie nicht, uns bei Fragen pers\u00f6nlich zu kontaktieren. Sollten sich bei uns Fragen aus der Behandlung ergeben, werden wir ebenso umgehend mit Ihnen in Kontakt treten. Wir sind jederzeit f\u00fcr Sie zu sprechen oder rufen gerne kurzfristig zur\u00fcck. Gerne k\u00f6nnen Sie <a href=\"mailto:info@dentalzentrum-essen.de\">Unterlagen und Fragen auch vorab an unsere Klink als E-Mail<\/a> senden.<\/p>\n<p>Notf\u00e4lle behandeln wir jederzeit. Im Anschluss an eine Behandlung \u00fcberweisen wir Ihre Patient*innen selbstverst\u00e4ndlich sofort wieder zu Ihnen zur\u00fcck. Wir handeln im \u00dcberweisungsauftrag!<\/p>\n<p>Wir freuen uns auf eine gute und kollegiale Zusammenarbeit mit Ihnen.<\/p>\n<hr class=\"blue-line\" \/>\n<p><strong><img loading=\"lazy\" class=\"alignnone wp-image-3062 \" src=\"https:\/\/www.dentalzentrum-essen.de\/de\/wp-content\/uploads\/sites\/2\/2022\/01\/rs249866_guenther_6750r-hpr31.jpg\" alt=\"\" width=\"331\" height=\"232\" srcset=\"https:\/\/www.dentalzentrum-essen.de\/de\/wp-content\/uploads\/sites\/2\/2022\/01\/rs249866_guenther_6750r-hpr31.jpg 500w, https:\/\/www.dentalzentrum-essen.de\/de\/wp-content\/uploads\/sites\/2\/2022\/01\/rs249866_guenther_6750r-hpr31-300x210.jpg 300w\" sizes=\"(max-width: 331px) 100vw, 331px\" \/><\/strong><\/p>\n<p><strong>Dr. med. dent. Stefan G\u00fcnther<\/strong><br \/>\n<small>Fachzahnarzt f\u00fcr Oralchirurgie \u2013 Implantologie | <a href=\"\/de\/team\/stefan-guenther\/\">Profil<\/a><\/small><\/p>\n<p><strong><img loading=\"lazy\" class=\"alignnone wp-image-3514\" src=\"https:\/\/www.dentalzentrum-essen.de\/de\/wp-content\/uploads\/sites\/2\/2023\/03\/dze_2022_0224_retusche.jpeg\" alt=\"\" width=\"331\" height=\"220\" \/><\/strong><\/p>\n<p><strong>Dr. Stefan Alexander P\u00fcttmann<\/strong><br \/>\n<small>Fachzahnarzt f\u00fcr Oralchirurgie \u2013 Implantologie | <a href=\"https:\/\/www.dentalzentrum-essen.de\/de\/dr-stefan-alexander-puettmann\/\">Profil<\/a><\/small><\/p>\n<p><strong><img loading=\"lazy\" class=\"alignnone wp-image-3515\" src=\"https:\/\/www.dentalzentrum-essen.de\/de\/wp-content\/uploads\/sites\/2\/2023\/03\/dze_2022_0273.jpeg\" alt=\"\" width=\"331\" height=\"225\" \/><\/strong><\/p>\n<p><strong>Dr. Maximilian Wollenberg<\/strong><br \/>\n<small>Endodontologe| <a href=\"https:\/\/www.dentalzentrum-essen.de\/de\/team\/maximilian-wollenberg\/\">Profil<\/a><\/small><\/p>\n","protected":false},"excerpt":{"rendered":"<p>Wir freuen uns sehr, wenn Sie uns als Mitbehandler f\u00fcr Ihre Patient*innen ansprechen und wir Ihr Vertrauen als Kollegen und Partner gewinnen k\u00f6nnen. F\u00fcr \u00dcberweisungspraxen bietet die oralchirurgische und endodontische Abteilung im Dentalzentrum Essen umfangreiche Leistungen der ambulanten Oralchirurgie, Implantologie und Endodontie an. Leistungsspektrum Weisheitszahnentfernungen \/ Zahnsanierungen Wurzelspitzenresektionen klassisch Wurzelspitzenresektionen nach Prof. Kim und Dr. [&hellip;]<\/p>\n","protected":false},"author":1,"featured_media":0,"parent":0,"menu_order":0,"comment_status":"closed","ping_status":"closed","template":"","meta":[],"_links":{"self":[{"href":"https:\/\/www.dentalzentrum-essen.de\/de\/wp-json\/wp\/v2\/pages\/355"}],"collection":[{"href":"https:\/\/www.dentalzentrum-essen.de\/de\/wp-json\/wp\/v2\/pages"}],"about":[{"href":"https:\/\/www.dentalzentrum-essen.de\/de\/wp-json\/wp\/v2\/types\/page"}],"author":[{"embeddable":true,"href":"https:\/\/www.dentalzentrum-essen.de\/de\/wp-json\/wp\/v2\/users\/1"}],"replies":[{"embeddable":true,"href":"https:\/\/www.dentalzentrum-essen.de\/de\/wp-json\/wp\/v2\/comments?post=355"}],"version-history":[{"count":15,"href":"https:\/\/www.dentalzentrum-essen.de\/de\/wp-json\/wp\/v2\/pages\/355\/revisions"}],"predecessor-version":[{"id":4333,"href":"https:\/\/www.dentalzentrum-essen.de\/de\/wp-json\/wp\/v2\/pages\/355\/revisions\/4333"}],"wp:attachment":[{"href":"https:\/\/www.dentalzentrum-essen.de\/de\/wp-json\/wp\/v2\/media?parent=355"}],"curies":[{"name":"wp","href":"https:\/\/api.w.org\/{rel}","templated":true}]}}