{"id":3616,"date":"2023-06-26T14:19:38","date_gmt":"2023-06-26T12:19:38","guid":{"rendered":"https:\/\/www.dentalzentrum-essen.de\/de\/?page_id=3616"},"modified":"2024-03-06T15:35:51","modified_gmt":"2024-03-06T14:35:51","slug":"veneers","status":"publish","type":"page","link":"https:\/\/www.dentalzentrum-essen.de\/de\/veneers\/","title":{"rendered":"Ihr Spezialist f\u00fcr Veneers in Essen"},"content":{"rendered":"<p>Ein strahlendes L\u00e4cheln ist ein Aush\u00e4ngeschild f\u00fcr ein gepflegtes \u00c4u\u00dferes und ist nach den heutigen Sch\u00f6nheitsstandards sehr erw\u00fcnscht. Doch nicht jeder Mensch hat von Natur aus gerade und wei\u00dfe Z\u00e4hne. Mit einer Veneer-Behandlung erreichen Sie eine <strong>perfekte Zahn\u00e4sthetik<\/strong> und Sie k\u00f6nnen zahlreiche <strong>Zahnfehlstellungen<\/strong> unkompliziert <strong>ausgleichen<\/strong> lassen. Bei uns im Dentalzentrum Essen bieten wir Ihnen eine individuelle Behandlung nach dem <strong>neuesten Stand der Zahnmedizin<\/strong>. Erfahren Sie, welche Vorteile Ihnen hierbei die Zahnverblendungen bieten und was Sie sonst noch rund um diese hochwertige Behandlungsmethode der <a href=\"https:\/\/www.dentalzentrum-essen.de\/de\/zahnaesthetik\/\">Zahn\u00e4sthetik<\/a> wissen m\u00fcssen.<\/p>\n<h2>Verschiedene Arten von Veneers und ihre Unterschiede<\/h2>\n<p>Veneers gibt es in unterschiedlichen Varianten. Vorwiegend wird hierbei zwischen <strong>Prep-Veneers<\/strong> und <strong>Non-Prep-Veneers<\/strong> unterschieden. Bei der ersten Variante wird vor dem Anbringen der Zahnverblendungen der k\u00f6rpereigene Zahn angeschliffen. Die Non-Prep-Veneers dagegen erfordern keine Vorbehandlung. Die Schalen sind d\u00fcnner und haben daher auch eine geringere Haltbarkeit. Wir beraten Sie als erfahrener <a href=\"https:\/\/www.dentalzentrum-essen.de\/de\/\">Zahnarzt in Essen<\/a> umfassend zu den unterschiedlichen Varianten und zeigen Ihnen, welche f\u00fcr Ihre <strong>individuelle Behandlung<\/strong> die beste ist.<\/p>\n<p>Die Zahnverblendungen werden aus unterschiedlichen Werkstoffen hergestellt. Dazu geh\u00f6ren <strong>Porzellanveneers<\/strong> und <strong>Komposite Veneers<\/strong>. Die Kosten und die Haltbarkeit der unterschiedlichen Materialien variieren zum Teil erheblich. Wir legen gro\u00dfen Wert darauf, dass Sie lange Freude an Ihrem neuen L\u00e4cheln haben. Daher verarbeiten wir nur <strong>hochwertige Produkte<\/strong> in unserer Praxis.<\/p>\n<p>Sie wollen ein strahlendes L\u00e4cheln? Vereinbaren Sie jetzt einen Termin f\u00fcr Ihre individuelle Beratung bei uns.<\/p>\n<h2>Vorbereitung und Anpassung von Veneers<\/h2>\n<p>Bevor wir mit der Behandlung beginnen k\u00f6nnen, m\u00fcssen wir zun\u00e4chst Ihre <strong>Z\u00e4hne<\/strong> <strong>genau untersuchen<\/strong>. Dabei nehmen wir Zahnfehlstellungen, Zahnverf\u00e4rbungen und andere Besonderheiten auf. Nach der Diagnostik <strong>fertigen wir die Zahnverblendungen individuell<\/strong> f\u00fcr Sie an. Die Schalen werden pr\u00e4zise an Ihre Z\u00e4hne und deren Farbe angepasst. Im Rahmen einer Behandlungssitzung bringen wir die Zahnverblendungen passgenau an. Das Ergebnis ist ein <strong>perfektes L\u00e4cheln<\/strong>, welches auch im Rahmen einer Zahnrekonstruktion erreicht werden kann.<\/p>\n<h3 style=\"text-align: center;margin-bottom: 50px\"><a href=\"tel:+49201280270\">Kontaktieren Sie uns f\u00fcr eine Beratung!<\/a><\/h3>\n<h2>Entscheidende \u00e4sthetische Vorteile einer Veneers<\/h2>\n<p>Veneers erfreuen sich immer gr\u00f6\u00dferer Beliebtheit. Denn im Rahmen der Behandlung k\u00f6nnen Sie zahlreiche <strong>Zahnfehlstellungen<\/strong> oder unsch\u00f6ne <strong>Verf\u00e4rbungen<\/strong> umgehend <strong>unsichtbar machen<\/strong>.<\/p>\n<p>Langwierige Behandlungen wie bei Invisalign f\u00fcr Ihre Zahnkorrekturen entfallen und Sie genie\u00dfen ein haltbares und perfektes Ergebnis.<\/p>\n<p>Zudem k\u00f6nnen Sie folgende Vorteile genie\u00dfen:<\/p>\n<ul>\n<li>Schonende Behandlung<\/li>\n<li>Hohe Langlebigkeit<\/li>\n<li>Vielseitige Behandlungsm\u00f6glichkeiten<\/li>\n<\/ul>\n<p>Sie m\u00f6chten von diesen und anderen Vorteilen profitieren? Wir bieten Ihnen eine <strong>fachgerechte Behandlung<\/strong>. Nehmen Sie jetzt Kontakt mit uns auf.<\/p>\n<h2>Risiken und Nebenwirkungen von Veneer-Behandlungen<\/h2>\n<p>Wie bei allen Behandlungen haben auch die Zahnverblendungen eine Reihe von Risiken und Nebenwirkungen, die Sie vorab unbedingt kennen sollten. Bei Prep-Veneers muss ein <strong>Teil des Zahnschmelzes<\/strong> von den Z\u00e4hnen <strong>abgeschliffen<\/strong> werden, um diese f\u00fcr das Anbringen der Schalen vorzubereiten. Hierbei besteht die Gefahr, dass der <strong>Zahn hitze- und k\u00e4lteempfindlich<\/strong> wird. Zudem k\u00f6nnen sich auch Bakterien zwischen Zahn und Veneer ansiedeln.<\/p>\n<p>Lassen Sie sich vor der Behandlung bei uns umfassend zu den Risiken und Nebenwirkungen <strong>beraten<\/strong>. Zudem sollten Sie die Behandlung nur <strong>von erfahrenen Spezialisten<\/strong> und Spezialistinnen wie uns durchf\u00fchren lassen. So k\u00f6nnen Sie sicher sein, dass Sie das Ergebnis auch langfristig begeistern wird.<\/p>\n<h2>Kosten und Finanzierung von Veneers<\/h2>\n<p>Die Kosten eine Veneer-Behandlung liegen zwischen <strong>300 und 2000 Euro pro Zahn<\/strong>. Gerne erstellen wir Ihnen ein individuelles Angebot f\u00fcr Ihre Behandlung. Vor allem das <strong>verwendete Material<\/strong> und der <strong>Umfang der Behandlung<\/strong> beeinflussen die H\u00f6he der Rechnung.<\/p>\n<p>Sollten Sie nicht ausreichend R\u00fccklagen zur Verf\u00fcgung haben, bieten wir Ihnen verschiedene Arten der Finanzierung. Sprechen Sie uns gerne an, wenn Sie Fragen hierzu haben.<\/p>\n<h2>Vorher-nachher-Beispiele von Veneer-Behandlungen<\/h2>\n<p>Verf\u00e4rbte Z\u00e4hne, Zahnl\u00fccken oder schiefe Z\u00e4hne k\u00f6nnen f\u00fcr Patienten und Patientinnen belastend sein. Bei uns im Dentalzentrum Essen beheben wir diese Probleme mit <strong>hochwertigen Zahnverblendungen<\/strong>, die individuell f\u00fcr Sie angefertigt werden. Lassen Sie sich von den <strong>zahlreichen positiven Behandlungsergebnissen <\/strong>\u00fcberzeugen.<\/p>\n<h2>Ihr Zahnarzt f\u00fcr Veneers in Essen<\/h2>\n<p>Wir sind Ihr Partner in Essen wenn es um eine fachgerechte zahn\u00e4rztliche Behandlung geht. Ob <a href=\"https:\/\/www.dentalzentrum-essen.de\/de\/prophylaxe-vorsorge\/\">professionelle Zahnreinigung<\/a>, Invisalign oder <a href=\"https:\/\/www.dentalzentrum-essen.de\/de\/zahnbleaching\">Zahnbleaching<\/a>, unsere Experten und Expertinnen sind wir f\u00fcr Sie da. Kontaktieren Sie uns und vereinbaren Sie Ihren <strong>individuellen Beratungstermin<\/strong>. Unsere Patienten und Patientinnen sch\u00e4tzen nicht nur unsere <strong>jahrelange Erfahrung<\/strong>, sondern auch die <strong>pers\u00f6nliche Beratung<\/strong>. Vereinbaren Sie jetzt Ihren pers\u00f6nlichen Termin und \u00fcberzeugen Sie sich selbst.<\/p>\n<h3 style=\"text-align: center;margin-bottom: 50px\"><a href=\"tel:+49201280270\">Kontaktieren Sie uns f\u00fcr einen Termin!<\/a><\/h3>\n<h2 style=\"margin-top: 50px\">FAQ Veneers<\/h3>\n<h3>Inhaltsverzeichnis<\/h3>\n<ol style=\"margin-bottom: 30px\">\n<li><a href=\"#1\">Was sind Veneers und wie werden sie hergestellt?<\/a><\/li>\n<li><a href=\"#2\">F\u00fcr wen sind Veneers geeignet?<\/a><\/li>\n<li><a href=\"#3\">Wie lange halten Veneers?<\/a><\/li>\n<li><a href=\"#4\">Sind Veneers reversibel? Kann man sie wieder entfernen?<\/a><\/li>\n<li><a href=\"#5\">Kann man mit Veneers weiterhin normal essen und trinken?<\/a><\/li>\n<li><a href=\"#6\">Wie viel kosten Veneers in der Regel?<\/a><\/li>\n<li><a href=\"#7\">Wie pflege ich Veneers richtig, um ihre Haltbarkeit zu verl\u00e4ngern?<\/a><\/li>\n<\/ol>\n<h3 id=\"1\">Was sind Veneers und wie werden sie hergestellt?<\/h3>\n<p>Bei Veneers handelt es sich um <strong>hauchd\u00fcnne Verblendschalen<\/strong>, die an der Zahnoberfl\u00e4che befestigt werden. Veneers sind eine \u00fcberaus <strong>beliebte Methode der zahn\u00e4sthetischen Medizin<\/strong>, da sie rasch und effizient eine harmonische Optik der Zahnreihe erm\u00f6glichen. Sie werden in spezialisierten Labors gefertigt, wobei zwischen unterschiedlichen Anbietern und Marken unterschieden wird. Oftmals bestehen Veneers <strong>aus Zahnharz-Kunststoff oder Porzellan<\/strong>.<\/p>\n<h3 id=\"2\">F\u00fcr wen sind Veneers geeignet?<\/h3>\n<p>Veneers sind die richtige Wahl f\u00fcr all jene, die rasche und langanhaltende Ergebnisse w\u00fcnschen. Besonders h\u00e4ufig werden Veneers genutzt, <strong>um die Zahnfarbe zu verbessern<\/strong>. Vor allem bei wurzelbehandelten Z\u00e4hnen oder einer nat\u00fcrlich dunkleren Zahnschmelzfarbe wirken Bleaching-Verfahren oftmals nicht ausreichend, w\u00e4hrend sich bei Bedarf auch einzelne Veneers in der gew\u00fcnschten Farbe anfertigen lassen. Veneers k\u00f6nnen zudem <strong>abgesplitterten Zahnschmelz kaschieren<\/strong>, Unregelm\u00e4\u00dfigkeiten in der <strong>Zahnl\u00e4nge oder Zahnform ausgleichen<\/strong>, Zahnl\u00fccken schlie\u00dfen sowie die Z\u00e4hne optisch verl\u00e4ngern.<\/p>\n<p>Veneers sind f\u00fcr die <strong>Anwendung am bleibenden Gebiss<\/strong> gedacht. Idealerweise sollten Veneers nicht vor geplanten kieferorthop\u00e4dischen Behandlungen angebracht werden. Auch etwaige zahnmedizinische Eingriffe, wie F\u00fcllungen und Parodontitis-Sanierung, sollten vor dem Anbringen der Veneers umgesetzt werden.<\/p>\n<h3 id=\"3\">Wie lange halten Veneers?<\/h3>\n<p>Veneers halten bei ad\u00e4quater Pflege <strong>bis zu 20 Jahre<\/strong>. Eine Haltbarkeit von mindestens 10 Jahren geh\u00f6rt inzwischen zum Standard. Je nach Hersteller und Qualit\u00e4t der Behandlung kann die Haltbarkeit deutlich variieren, weswegen Sie sich ausschlie\u00dflich auf erfahrenes und professionelles zahnmedizinisches Personal verlassen sollten.<\/p>\n<h3 id=\"4\">Sind Veneers reversibel? Kann man sie wieder entfernen?<\/h3>\n<p>Damit Veneers besser haften, wird der Zahnschmelz vor dem Anbringen der Verblendschalen etwas abgeschliffen. Entsprechend lassen sich <strong>Veneers nicht wieder entfernen<\/strong> bzw. muss nach dem Entfernen f\u00fcr eine physiologische Funktionalit\u00e4t aber auch \u00c4sthetik der Z\u00e4hne <strong>ein neues Veneer angebracht<\/strong> werden.<\/p>\n<h3 id=\"5\">Kann man mit Veneers weiterhin normal essen und trinken?<\/h3>\n<p>Veneers sollten <strong>nach einer kurzen Eingew\u00f6hnungszeit nicht mehr als Fremdk\u00f6rper wahrgenommen<\/strong> werden. Sie sollten daher weiterhin Speisen und Getr\u00e4nke nach Ihren Vorlieben genie\u00dfen k\u00f6nnen. In den ersten Tagen nach der Behandlung k\u00f6nnen Z\u00e4hne und Zahnfleisch etwas empfindlich sein, weswegen der Verzicht auf allzu hei\u00dfe oder scharfe Lebensmittel nahezulegen ist. Vorsicht ist bei sehr <strong>harten Lebensmitteln<\/strong> geboten \u2013 beispielsweise beim gen\u00fcsslichen Reinbei\u00dfen in den Apfel. Wenngleich die meisten Veneers diesem Druck problemlos standhalten, kann die hohe mechanische Belastung das Risiko f\u00fcr ein Abbrechen des Veneers erh\u00f6hen.<\/p>\n<h3 id=\"6\">Wie viel kosten Veneers in der Regel?<\/h3>\n<p>Der Preis f\u00fcr Veneers setzt sich aus dem Verkaufspreis des Anbieters, der Anzahl der Veneers sowie den Behandlungskosten der Zahnarztpraxis zusammen. Als durchschnittlicher Richtwert gelten <strong>400 \u20ac bis 800 \u20ac pro Veneer<\/strong>. Die letztendlichen Kosten sind \u00fcberaus individuell.<\/p>\n<h3 id=\"7\">Wie pflege ich Veneers richtig, um ihre Haltbarkeit zu verl\u00e4ngern?<\/h3>\n<p>Auch Veneers sollten mindestens <strong>morgens und abends<\/strong> mit einer weichen Zahnb\u00fcrste und einer zahnschmelzsch\u00fctzenden Zahnpasta <strong>gereinigt<\/strong> werden. Idealerweise sollten Sie zudem t\u00e4glich die Zahnzwischenr\u00e4ume mit <strong>Zahnseide<\/strong> reinigen.<\/p>\n","protected":false},"excerpt":{"rendered":"<p>Ein strahlendes L\u00e4cheln ist ein Aush\u00e4ngeschild f\u00fcr ein gepflegtes \u00c4u\u00dferes und ist nach den heutigen Sch\u00f6nheitsstandards sehr erw\u00fcnscht. Doch nicht jeder Mensch hat von Natur aus gerade und wei\u00dfe Z\u00e4hne. Mit einer Veneer-Behandlung erreichen Sie eine perfekte Zahn\u00e4sthetik und Sie k\u00f6nnen zahlreiche Zahnfehlstellungen unkompliziert ausgleichen lassen. Bei uns im Dentalzentrum Essen bieten wir Ihnen eine [&hellip;]<\/p>\n","protected":false},"author":13,"featured_media":0,"parent":0,"menu_order":0,"comment_status":"closed","ping_status":"closed","template":"","meta":[],"_links":{"self":[{"href":"https:\/\/www.dentalzentrum-essen.de\/de\/wp-json\/wp\/v2\/pages\/3616"}],"collection":[{"href":"https:\/\/www.dentalzentrum-essen.de\/de\/wp-json\/wp\/v2\/pages"}],"about":[{"href":"https:\/\/www.dentalzentrum-essen.de\/de\/wp-json\/wp\/v2\/types\/page"}],"author":[{"embeddable":true,"href":"https:\/\/www.dentalzentrum-essen.de\/de\/wp-json\/wp\/v2\/users\/13"}],"replies":[{"embeddable":true,"href":"https:\/\/www.dentalzentrum-essen.de\/de\/wp-json\/wp\/v2\/comments?post=3616"}],"version-history":[{"count":8,"href":"https:\/\/www.dentalzentrum-essen.de\/de\/wp-json\/wp\/v2\/pages\/3616\/revisions"}],"predecessor-version":[{"id":3865,"href":"https:\/\/www.dentalzentrum-essen.de\/de\/wp-json\/wp\/v2\/pages\/3616\/revisions\/3865"}],"wp:attachment":[{"href":"https:\/\/www.dentalzentrum-essen.de\/de\/wp-json\/wp\/v2\/media?parent=3616"}],"curies":[{"name":"wp","href":"https:\/\/api.w.org\/{rel}","templated":true}]}}