{"id":362,"date":"2016-04-01T01:00:06","date_gmt":"2016-03-31T23:00:06","guid":{"rendered":"https:\/\/www.zahnklinik-essen.de\/de\/?page_id=362"},"modified":"2024-03-20T14:25:11","modified_gmt":"2024-03-20T13:25:11","slug":"kooperation-in-der-implantologie","status":"publish","type":"page","link":"https:\/\/www.dentalzentrum-essen.de\/de\/kooperation-in-der-implantologie\/","title":{"rendered":"Kooperation in der Implantologie"},"content":{"rendered":"<h2>In der heutigen Zeit ist eine interdisziplin\u00e4re Zusammenarbeit und Spezialisierung immer wichtiger. Nur durch Spezialisierung k\u00f6nnen Patient*innen ein H\u00f6chstma\u00df an Qualit\u00e4t erhalten und damit Vertrauen in eine Behandlung und Zufriedenheit gewinnen. Deshalb bietet das Dentalzentrum Essen zwei Wege an, mit denen Sie als Zahn\u00e4rztin oder Zahnarzt Ihre Patient*innen zuk\u00fcnftig bestens versorgen k\u00f6nnen: Die Kooperation mit dem Dentalzentrum Essen sowie die Teilnahme am Study Club Implantology Rhein-Ruhr, in dem Sie von Fachkolleg*innen des Dentalzentrum in Theorie und Praxis unterrichtet und so in die Lage versetzt werden, bald eigene Patient*innen bei uns zu operieren oder dabei zu assistieren.<\/h2>\n<h3>Erfolgreiche Implantologie durch Kooperation<\/h3>\n<p>Das gesamte Gebiet der Zahnheilkunde ist inzwischen zu komplex geworden, um alle Teilbereiche gleicherma\u00dfen hochwertig anbieten zu k\u00f6nnen. Daher m\u00f6chten wir Ihnen insbesondere im Bereich der Implantologie eine Kooperation anbieten, die einerseits Qualit\u00e4t sichert und andererseits Sie als Stammbehandler*in ins Gesamtkonzept integriert. Die Chirurgie und Implantologie kann nach gemeinsamer Absprache mit Ihnen im Sinne prothetischer \u00dcberlegungen (Backwards Planning) in unserer Klinik erfolgen. Gerne k\u00f6nnen Sie bei den implantologischen Eingriffen hospitieren. Nach Heilungsphase wird die prothetische Weiterbehandlung dann bei Ihnen erfolgen. In dieser prothetischen Phase k\u00f6nnen wir oder unsere Au\u00dfendienstmitarbeiter der jeweiligen Implantatfirmen Sie in Ihrer Praxis unterst\u00fctzen und bei einzelnen Schritten sogar vor Ort sein.<\/p>\n<h3>Ihre Patient*innen bleiben Ihre Patient*innen<\/h3>\n<p>Die implantatchirurgischen und implantatprothetischen Behandlungen laufen zwar entsprechend der Spezialisierung getrennt, jedoch erfolgt die Behandlung insgesamt aus einem Guss. Die Kommunikation liegt uns hierbei besonders am Herzen. Sie werden zu jeder Zeit \u00fcber aktuelle Behandlungsabl\u00e4ufe informiert sein.<\/p>\n<p>Ferner k\u00f6nnen wir in gewissen Umf\u00e4ngen durch Zusammenarbeit mit unseren Implantatfirmen auch \u00fcber Jahre hinaus Garantien f\u00fcr Implantatchirurgie und Prothetik gew\u00e4hrleisten. Falls gew\u00fcnscht kann auch die Prothetik durch uns erfolgen. Ihre Patient*innen bleiben trotzdem Ihre Patient*innen. Die Weiterbehandlung erfolgt in Ihrer Praxis. Nur Vertrauen schafft Zukunft.<\/p>\n<p>Wenn Sie Interesse an unserer Implantologie-Kooperation haben, informieren wir Sie gerne. Rufen Sie einfach an oder fordern Sie Unterlagen an. Wir stehen Ihnen gerne jederzeit zur Verf\u00fcgung und freuen uns auf gemeinsame F\u00e4lle und Erfolge.<\/p>\n<h3>Implantologie im Study Club Implantology Rhein-Ruhr lernen<\/h3>\n<p>Den Erfolgen der Implantologie kann sich heute kein Zahnarzt und keine Zahn\u00e4rztin mehr verschlie\u00dfen. Die einen \u00fcberweisen betroffene Patient*innen zum Fachzahnarzt, die anderen wollen selbst den Umgang mit Implantaten erlernen. \u201eWir m\u00f6chten Neueinsteiger*innen in unserem Study Club an die Implantologie heranf\u00fchren\u201d, sagt Dr. Stefan G\u00fcnther, Fachzahnarzt f\u00fcr Oralchirurgie und Implantologie, Gesellschafter des Dentalzentrum Essen und Leiter dieser Initiative. Zum Team geh\u00f6rt auch Mitgesellschafter Dr. Philip Abramowski, Master in Implantology, dessen Schwerpunkt neben der Implantologie die Prothetik ist. \u201eEs geht nicht nur darum, Implantate durch den Chirurgen perfekt einzupflanzen, sondern auch einen \u00e4sthetisch perfekten Zahnersatz auf die Implantate einzugliedern\u201c, so Dr. Abramowski. Bei den Schulungen und Fortbildungen wird eng mit den Implantatfirmen zusammengearbeitet.<\/p>\n<p>Bei monatlichen Kursen werden Interessierte von Fachkolleg*innen des Dentalzentrum in Theorie und Praxis unterrichtet. \u201eSie sind nicht nur bei Operationen dabei, sondern begleiten den Verlauf ausgew\u00e4hlter Patientenf\u00e4lle\u201c, versichert G\u00fcnther. Pro Gruppe werden maximal vier Kandidaten arbeiten, damit der Kurs auch effektiv ist. Die Lehreinheiten reichen von \u201eEinsteiger\u201c \u00fcber \u201eFortgeschrittene\u201c bis zum \u201eExperten\u201c, der bereits im sehr speziellen Bereich des Knochenaufbaus arbeiten kann. \u201eWir freuen uns darauf, unsere Kolleg*innen und \u00dcberweiser*innen an die Hand zu nehmen\u201c, so Dr. G\u00fcnther. \u201eWer m\u00f6chte, kann sp\u00e4ter sogar seine eigenen Patient*innen bei uns operieren oder dabei assistieren.\u201c<\/p>\n<p>Der <a href=\"http:\/\/www.study-club-implantology.de\" target=\"_blank\" rel=\"noopener noreferrer\">Study Club Implantology Rhein-Ruhr<\/a> ist Teil des Instituts f\u00fcr zahn\u00e4rztliche implantologische Fortbildung. Schwerpunkt des Study Clubs ist die Schulung in Kleingruppen direkt am Patienten. Das Dentalzentrum als renommiertes Implantatzentrum ist dazu der perfekte Ort.<\/p>\n<p><strong>Kontakt und Anmeldung:<\/strong><\/p>\n<p>Dentalzentrum Essen<br \/>\nFrau Sabrina Kastrop<br \/>\nHerwarthstra\u00dfe 102 \/ Ecke Moltkestra\u00dfe<br \/>\n45138 Essen<br \/>\nTelefon: +49 (0)201 \/ 2 80 27-0<\/p>\n<p>Wir freuen uns auf die Zusammenarbeit mit Ihnen.<\/p>\n<hr class=\"blue-line\" \/>\n<p><img loading=\"lazy\" class=\"alignnone wp-image-2723 size-medium\" src=\"https:\/\/www.dentalzentrum-essen.de\/de\/wp-content\/uploads\/sites\/2\/2021\/10\/rs249866_guenther_6750r-hpr-300x188.jpg\" alt=\"\" width=\"300\" height=\"188\" srcset=\"https:\/\/www.dentalzentrum-essen.de\/de\/wp-content\/uploads\/sites\/2\/2021\/10\/rs249866_guenther_6750r-hpr-300x188.jpg 300w, https:\/\/www.dentalzentrum-essen.de\/de\/wp-content\/uploads\/sites\/2\/2021\/10\/rs249866_guenther_6750r-hpr.jpg 500w\" sizes=\"(max-width: 300px) 100vw, 300px\" \/><\/p>\n<p><strong>Dr. med. dent. Stefan G\u00fcnther<\/strong><br \/>\n<small>Fachzahnarzt f\u00fcr Oralchirurgie \u2013 Implantologie | <a href=\"\/de\/team\/stefan-guenther\/\">Profil<\/a><\/small><\/p>\n<p>&nbsp;<\/p>\n<p><img loading=\"lazy\" class=\"alignnone wp-image-2718 size-medium\" src=\"https:\/\/www.dentalzentrum-essen.de\/de\/wp-content\/uploads\/sites\/2\/2021\/10\/rs249844_abramowski_7338r-hpr-300x188.jpg\" alt=\"\" width=\"300\" height=\"188\" srcset=\"https:\/\/www.dentalzentrum-essen.de\/de\/wp-content\/uploads\/sites\/2\/2021\/10\/rs249844_abramowski_7338r-hpr-300x188.jpg 300w, https:\/\/www.dentalzentrum-essen.de\/de\/wp-content\/uploads\/sites\/2\/2021\/10\/rs249844_abramowski_7338r-hpr.jpg 500w\" sizes=\"(max-width: 300px) 100vw, 300px\" \/><\/p>\n<p><strong>Dr. Philip Abramowski<\/strong><br \/>\n<small>Master of Science in Implantologie (M.Sc.) | <a href=\"https:\/\/www.dentalzentrum-essen.de\/de\/team\/philip-abramowski\/\">Profil<\/a><\/small><\/p>\n<p>&nbsp;<\/p>\n","protected":false},"excerpt":{"rendered":"<p>In der heutigen Zeit ist eine interdisziplin\u00e4re Zusammenarbeit und Spezialisierung immer wichtiger. Nur durch Spezialisierung k\u00f6nnen Patient*innen ein H\u00f6chstma\u00df an Qualit\u00e4t erhalten und damit Vertrauen in eine Behandlung und Zufriedenheit gewinnen. Deshalb bietet das Dentalzentrum Essen zwei Wege an, mit denen Sie als Zahn\u00e4rztin oder Zahnarzt Ihre Patient*innen zuk\u00fcnftig bestens versorgen k\u00f6nnen: Die Kooperation mit [&hellip;]<\/p>\n","protected":false},"author":1,"featured_media":0,"parent":0,"menu_order":0,"comment_status":"closed","ping_status":"closed","template":"","meta":[],"_links":{"self":[{"href":"https:\/\/www.dentalzentrum-essen.de\/de\/wp-json\/wp\/v2\/pages\/362"}],"collection":[{"href":"https:\/\/www.dentalzentrum-essen.de\/de\/wp-json\/wp\/v2\/pages"}],"about":[{"href":"https:\/\/www.dentalzentrum-essen.de\/de\/wp-json\/wp\/v2\/types\/page"}],"author":[{"embeddable":true,"href":"https:\/\/www.dentalzentrum-essen.de\/de\/wp-json\/wp\/v2\/users\/1"}],"replies":[{"embeddable":true,"href":"https:\/\/www.dentalzentrum-essen.de\/de\/wp-json\/wp\/v2\/comments?post=362"}],"version-history":[{"count":5,"href":"https:\/\/www.dentalzentrum-essen.de\/de\/wp-json\/wp\/v2\/pages\/362\/revisions"}],"predecessor-version":[{"id":3883,"href":"https:\/\/www.dentalzentrum-essen.de\/de\/wp-json\/wp\/v2\/pages\/362\/revisions\/3883"}],"wp:attachment":[{"href":"https:\/\/www.dentalzentrum-essen.de\/de\/wp-json\/wp\/v2\/media?parent=362"}],"curies":[{"name":"wp","href":"https:\/\/api.w.org\/{rel}","templated":true}]}}