{"id":365,"date":"2016-04-01T01:00:57","date_gmt":"2016-03-31T23:00:57","guid":{"rendered":"https:\/\/www.zahnklinik-essen.de\/de\/?page_id=365"},"modified":"2025-04-17T14:38:07","modified_gmt":"2025-04-17T12:38:07","slug":"hospitationen-supervisionen-und-fortbildungen","status":"publish","type":"page","link":"https:\/\/www.dentalzentrum-essen.de\/de\/hospitationen-supervisionen-und-fortbildungen\/","title":{"rendered":"Hospitationen, Supervisionen und Fortbildungen"},"content":{"rendered":"<h2>Im Dentalzentrum Essen werden im Jahr \u00fcber 2000 Implantate versorgt und t\u00e4glich chirurgische Behandlungen durchgef\u00fchrt. Der Schwerpunkt liegt hierbei auf modernen Verfahren und Techniken. Das DVT bei implantologischen Eingriffen, das Operationsmikroskop bei Wurzelspitzenresektion, die Microsaw nach Prof. Khoury und die Piezochirurgie bei Knochenaugmentationen sind t\u00e4gliche Behandlungsbegleiter.<\/h2>\n<p>Vielfach erfolgen operative Eingriffe, die vom Aufwand und der Logistik her nur im sehr spezialisierten Team erfolgen k\u00f6nnen und hohe Anforderungen an Behandler*in und Technik stellen.<\/p>\n<h3>Hospitationen und Supervisionen im Rahmen des Curriculums Implantologie der DGI und APW<\/h3>\n<p>Seit 2014 haben Sie die M\u00f6glichkeit Hospitationen und Supervisionen, die im Rahmen des Curriculums Implantologie der DGI und APW zur Erlangung des T\u00e4tigkeitsschwerpunktes Implantologie vorgeschrieben sind, in unserem Hause durchzuf\u00fchren. Unter unserer zertifizierten Leitung k\u00f6nnen wir Ihnen bei erfolgreicher Teilnahme die notwendige Teilnahmebescheinigung ausstellen.<\/p>\n<p>Falls Sie unser Team f\u00fcr eine m\u00f6gliche Zusammenarbeit kennenlernen oder erfahrenen Kolleg*innen \u00fcber die Schulter schauen wollen, k\u00f6nnen Sie gerne jederzeit einen Termin f\u00fcr eine Hospitation oder Supervision ausmachen.<\/p>\n<p>Wir freuen uns auf Ihre Kontaktaufnahme.<\/p>\n<hr class=\"blue-line\" \/>\n<p><strong>Dr. med. dent. Stefan G\u00fcnther<\/strong><br \/>\n<small>Fachzahnarzt f\u00fcr Oralchirurgie \u2013 Implantologie | <a href=\"\/de\/team\/stefan-guenther\/\">Profil<\/a><\/small><\/p>\n<hr class=\"blue-line\" \/>\n<p>&nbsp;<\/p>\n<p><img loading=\"lazy\" width=\"300\" height=\"133\" class=\"alignnone size-medium wp-image-1066\" style=\"margin-top: 3em;\" src=\"\/de\/wp-content\/uploads\/sites\/2\/2016\/07\/logo-izif-300x133.png\" alt=\"logo-izif\" \/><\/p>\n<h2>Fortbildung am IZIF<\/h2>\n<p>Das Institut f\u00fcr zahn\u00e4rztliche implantologische Fortbildung (IZIF) mit Sitz im Ruhrturm Essen ist ein weiterer aktiver Beitrag des Dentalzentrum Essen zur Kooperation mit Kolleginnen und Kollegen. Im IZIF finden regelm\u00e4\u00dfig gr\u00f6\u00dfere Veranstaltungen und Kongresse mit wichtigen Referent*innen und aktuellen Themenstellungen statt. So wird nicht nur die Zusammenarbeit im Study Club Implantology Rhein-Ruhr stets mit wichtigem Expertenwissen verkn\u00fcpft, vielmehr erhalten hier eine Vielzahl interessierter Fachkolleg*innen aus der ganzen Region Einblicke in die moderne Implantologie als h\u00f6chst spannendes Themenfeld der Zahnheilkunde.<\/p>\n<h2>Fortbildungen 2025<\/h2>\n<p>Auch im Jahr 2025 bieten wir Ihnen wieder eine Reihe von interessanten Fortbildungsm\u00f6glichkeiten an:<\/p>\n<ul>\n<li style=\"list-style-type: none;\">\n<ul>\n<li>Guided Bone Regeneration mit titanverst\u00e4rkten Membranen | 14. Mai 2025 | Dortmund | Dr. Stefan G\u00fcnther | <a href=\"https:\/\/www.dentalzentrum-essen.de\/de\/wp-content\/uploads\/sites\/2\/2025\/04\/einladung_studyclub_westfalen_14.05.2025.pdf\">Flyer ansehen<\/a><\/li>\n<\/ul>\n<\/li>\n<\/ul>\n<h2>\u201eDER STUDY CLUB IMPLANTOLOGY\u201c 2025<\/h2>\n<p>Implantologische Fortbildungen in Kleingruppen zu den Themen Implantologie, Planung, Knochenaufbau, Implantatprothetik und Komplikationen inklusive LIVE-OP und LIVE-PROTHETIK \/ auch eigene Patient*innen k\u00f6nnen im Rahmen von Supervisionen operiert werden. Die Study Clubs Implantology finden in Kooperationen mit den Implantatherstellern <strong>NEOSS<\/strong> und <strong>Dentsply<\/strong> statt. Ihre Referenten sind Dr. Stefan G\u00fcnther und Dr. Philip Abramowski.<\/p>\n<p><strong>Folgende Kurse sind in Kooperation buchbar:<\/strong><\/p>\n<ul>\n<li style=\"list-style-type: none;\">\n<ul>\n<li>19. Februar<\/li>\n<li>12. M\u00e4rz<\/li>\n<li>09. April<\/li>\n<li>21. Mai<\/li>\n<li>25. Juni<\/li>\n<li>17. September<\/li>\n<li>01. Oktober<\/li>\n<li>29. Oktober<\/li>\n<li>12. November<\/li>\n<\/ul>\n<\/li>\n<\/ul>\n","protected":false},"excerpt":{"rendered":"<p>Im Dentalzentrum Essen werden im Jahr \u00fcber 2000 Implantate versorgt und t\u00e4glich chirurgische Behandlungen durchgef\u00fchrt. Der Schwerpunkt liegt hierbei auf modernen Verfahren und Techniken. Das DVT bei implantologischen Eingriffen, das Operationsmikroskop bei Wurzelspitzenresektion, die Microsaw nach Prof. Khoury und die Piezochirurgie bei Knochenaugmentationen sind t\u00e4gliche Behandlungsbegleiter. Vielfach erfolgen operative Eingriffe, die vom Aufwand und der [&hellip;]<\/p>\n","protected":false},"author":1,"featured_media":0,"parent":0,"menu_order":0,"comment_status":"closed","ping_status":"closed","template":"page-training.php","meta":[],"_links":{"self":[{"href":"https:\/\/www.dentalzentrum-essen.de\/de\/wp-json\/wp\/v2\/pages\/365"}],"collection":[{"href":"https:\/\/www.dentalzentrum-essen.de\/de\/wp-json\/wp\/v2\/pages"}],"about":[{"href":"https:\/\/www.dentalzentrum-essen.de\/de\/wp-json\/wp\/v2\/types\/page"}],"author":[{"embeddable":true,"href":"https:\/\/www.dentalzentrum-essen.de\/de\/wp-json\/wp\/v2\/users\/1"}],"replies":[{"embeddable":true,"href":"https:\/\/www.dentalzentrum-essen.de\/de\/wp-json\/wp\/v2\/comments?post=365"}],"version-history":[{"count":56,"href":"https:\/\/www.dentalzentrum-essen.de\/de\/wp-json\/wp\/v2\/pages\/365\/revisions"}],"predecessor-version":[{"id":4489,"href":"https:\/\/www.dentalzentrum-essen.de\/de\/wp-json\/wp\/v2\/pages\/365\/revisions\/4489"}],"wp:attachment":[{"href":"https:\/\/www.dentalzentrum-essen.de\/de\/wp-json\/wp\/v2\/media?parent=365"}],"curies":[{"name":"wp","href":"https:\/\/api.w.org\/{rel}","templated":true}]}}