{"id":378,"date":"2016-07-05T16:52:43","date_gmt":"2016-07-05T14:52:43","guid":{"rendered":"https:\/\/www.zahnklinik-essen.de\/de\/?page_id=378"},"modified":"2023-12-15T14:21:47","modified_gmt":"2023-12-15T13:21:47","slug":"philip-abramowski","status":"publish","type":"page","link":"https:\/\/www.dentalzentrum-essen.de\/de\/team\/philip-abramowski\/","title":{"rendered":"Philip Abramowski"},"content":{"rendered":"<h3>Vita<\/h3>\n<dl class=\"vita\">\n<dt>1996 &#8211; 2002<\/dt>\n<dd>Studium der Zahnheilkunde an der Rheinischen Friedrich-Wilhelms-Universit\u00e4t Bonn<\/dd>\n<dt>2002<\/dt>\n<dd>Studienaufenthalt an der University of Melbourne, Australia<\/dd>\n<dt>2002 &#8211; 2007<\/dt>\n<dd>Promotion zum Dr. med. dent. an der Klinik und Poliklinik f\u00fcr Mund-, Kiefer- und plastische Gesichtschirurgie der Universit\u00e4t Bonn<\/dd>\n<dt>2002 &#8211; 2003<\/dt>\n<dd>Assistenzzahnarzt in oralchirurgischer Praxis Remscheid<\/dd>\n<dt>2003 &#8211; 2005<\/dt>\n<dd>Zahnarzt in Bonner Praxisgemeinschaft mit T\u00e4tigkeitsschwerpunkten: Implantologie, Parodontologie<\/dd>\n<dt>2005 &#8211; 2007<\/dt>\n<dd>Zahnarzt in der Zahnklinik am Elisabethkrankenhaus Essen<\/dd>\n<dt>Seit 2008<\/dt>\n<dd>Mitglied der Berufsaus\u00fcbungsgemeinschaft Dr. J.Oberbeckmann, Dr. P.Abramowski, Dr. C. Vo\u00df. Gesellschafter der Zahnklinik am Elisabethkrankenhaus<\/dd>\n<dt>2007 &#8211; 2009<\/dt>\n<dd>Studium zum Master of Science in Implantologie (M.Sc.) an der Steinbeis-Hochschule Berlin<\/dd>\n<dt>2007<\/dt>\n<dd>Zertifizierter T\u00e4tigkeitsschwerpunkt Implantologie (DGI)<\/dd>\n<dt>2009<\/dt>\n<dd>Qualifikation f\u00fcr Volumentomographie: Zur Erweiterung des Kompetenzspektrums der Zahnklinik Essen hat Dr. Philip Abramowski die Qualifikation zur Anwendung der hochmodernen Volumentomographie erworben. Diese erm\u00f6glicht noch pr\u00e4zisere Behandlungs- &amp; Operationsmethoden.<\/dd>\n<dt>2011<\/dt>\n<dd>Zertifizierter Spezialist und Referenzanwender f\u00fcr das Bego Semados Implantatsystem (Bego Academia Implantology)<\/dd>\n<dt>2013<\/dt>\n<dd>Gr\u00fcndung des Institutes f\u00fcr Zahn\u00e4rztliche Implantologische Fortbildung (IZIF) und des Study-Clubs Implantology Rhein-Ruhr, Fortbildungsreferent<\/dd>\n<dt>2016<\/dt>\n<dd>Gesellschafter der Berufsaus\u00fcbungsgemeinschaft Dr. P. Abramowski, Dr. C. Gerckens, Dr. S. G\u00fcnther und Dr. M. Langer<\/dd>\n<dt>2017\u20132018<\/dt>\n<dd>Studium zum Master of Science in Implantologie und Parodontologie (M.Sc.) an der Steinbeis-Hochschule Berlin<\/dd>\n<dt>2019<\/dt>\n<dd>Curriculum Sport-Zahnmedizin und Traumatologie: Zertifizierter Sportzahnmediziner<\/dd>\n<\/dl>\n<h3>Aktive Mitgliedschaften<\/h3>\n<ul>\n<li>Deutsche Gesellschaft f\u00fcr Implantologie (DGI)<\/li>\n<li>Deutsche Gesellschaft f\u00fcr Zahn-, Mund- und Kieferheilkunde (DGZMK)<\/li>\n<\/ul>\n<h3>Referenzen<\/h3>\n<ul>\n<li>Betreuender Zahnarzt der olympischen Sommerspiele 2012 in London im deutschen Haus<\/li>\n<li>Zertifizierter Spezialist und Referenzanwender f\u00fcr Bego Implantat Systeme<\/li>\n<li>Zertifizierter Spezialist und Referenzanwender f\u00fcr das Neoss Implantat System<\/li>\n<li>Aus- und Weiterbildung f\u00fcr das fachgebiet Implantologie und Implantatprothetik<\/li>\n<li>Fortbildungsreferent f\u00fcr namhafte deutsche und internationale Implantathersteller<\/li>\n<li>Ambassador und Referenzanwender f\u00fcr Dentsply Friadent Implantatsysteme<\/li>\n<\/ul>\n","protected":false},"excerpt":{"rendered":"<p>Vita 1996 &#8211; 2002 Studium der Zahnheilkunde an der Rheinischen Friedrich-Wilhelms-Universit\u00e4t Bonn 2002 Studienaufenthalt an der University of Melbourne, Australia 2002 &#8211; 2007 Promotion zum Dr. med. dent. an der Klinik und Poliklinik f\u00fcr Mund-, Kiefer- und plastische Gesichtschirurgie der Universit\u00e4t Bonn 2002 &#8211; 2003 Assistenzzahnarzt in oralchirurgischer Praxis Remscheid 2003 &#8211; 2005 Zahnarzt in [&hellip;]<\/p>\n","protected":false},"author":1,"featured_media":0,"parent":41,"menu_order":0,"comment_status":"closed","ping_status":"closed","template":"","meta":[],"_links":{"self":[{"href":"https:\/\/www.dentalzentrum-essen.de\/de\/wp-json\/wp\/v2\/pages\/378"}],"collection":[{"href":"https:\/\/www.dentalzentrum-essen.de\/de\/wp-json\/wp\/v2\/pages"}],"about":[{"href":"https:\/\/www.dentalzentrum-essen.de\/de\/wp-json\/wp\/v2\/types\/page"}],"author":[{"embeddable":true,"href":"https:\/\/www.dentalzentrum-essen.de\/de\/wp-json\/wp\/v2\/users\/1"}],"replies":[{"embeddable":true,"href":"https:\/\/www.dentalzentrum-essen.de\/de\/wp-json\/wp\/v2\/comments?post=378"}],"version-history":[{"count":4,"href":"https:\/\/www.dentalzentrum-essen.de\/de\/wp-json\/wp\/v2\/pages\/378\/revisions"}],"predecessor-version":[{"id":3189,"href":"https:\/\/www.dentalzentrum-essen.de\/de\/wp-json\/wp\/v2\/pages\/378\/revisions\/3189"}],"up":[{"embeddable":true,"href":"https:\/\/www.dentalzentrum-essen.de\/de\/wp-json\/wp\/v2\/pages\/41"}],"wp:attachment":[{"href":"https:\/\/www.dentalzentrum-essen.de\/de\/wp-json\/wp\/v2\/media?parent=378"}],"curies":[{"name":"wp","href":"https:\/\/api.w.org\/{rel}","templated":true}]}}