{"id":41,"date":"2016-04-01T01:00:46","date_gmt":"2016-03-31T23:00:46","guid":{"rendered":"https:\/\/www.zahnklinik-essen.de\/de\/?page_id=41"},"modified":"2026-03-05T13:46:54","modified_gmt":"2026-03-05T12:46:54","slug":"team","status":"publish","type":"page","link":"https:\/\/www.dentalzentrum-essen.de\/de\/team\/","title":{"rendered":"Team"},"content":{"rendered":"<p>Im Dentalzentrum Essen erwartet Sie ein Team aus hochspezialisierten Zahn\u00e4rztinnen, Zahn\u00e4rzten und Chirurg*innen. Unsere kompetenten und motivierten Mitarbeiter*innen freuen sich darauf, Sie als Patient*in begr\u00fc\u00dfen zu d\u00fcrfen!<\/p>\n","protected":false},"excerpt":{"rendered":"<p>Im Dentalzentrum Essen erwartet Sie ein Team aus hochspezialisierten Zahn\u00e4rztinnen, Zahn\u00e4rzten und Chirurg*innen. Unsere kompetenten und motivierten Mitarbeiter*innen freuen sich darauf, Sie als Patient*in begr\u00fc\u00dfen zu d\u00fcrfen!<\/p>\n","protected":false},"author":1,"featured_media":0,"parent":0,"menu_order":0,"comment_status":"closed","ping_status":"closed","template":"","meta":[],"_links":{"self":[{"href":"https:\/\/www.dentalzentrum-essen.de\/de\/wp-json\/wp\/v2\/pages\/41"}],"collection":[{"href":"https:\/\/www.dentalzentrum-essen.de\/de\/wp-json\/wp\/v2\/pages"}],"about":[{"href":"https:\/\/www.dentalzentrum-essen.de\/de\/wp-json\/wp\/v2\/types\/page"}],"author":[{"embeddable":true,"href":"https:\/\/www.dentalzentrum-essen.de\/de\/wp-json\/wp\/v2\/users\/1"}],"replies":[{"embeddable":true,"href":"https:\/\/www.dentalzentrum-essen.de\/de\/wp-json\/wp\/v2\/comments?post=41"}],"version-history":[{"count":73,"href":"https:\/\/www.dentalzentrum-essen.de\/de\/wp-json\/wp\/v2\/pages\/41\/revisions"}],"predecessor-version":[{"id":4646,"href":"https:\/\/www.dentalzentrum-essen.de\/de\/wp-json\/wp\/v2\/pages\/41\/revisions\/4646"}],"wp:attachment":[{"href":"https:\/\/www.dentalzentrum-essen.de\/de\/wp-json\/wp\/v2\/media?parent=41"}],"curies":[{"name":"wp","href":"https:\/\/api.w.org\/{rel}","templated":true}]}}