{"id":43,"date":"2016-04-01T01:00:58","date_gmt":"2016-03-31T23:00:58","guid":{"rendered":"https:\/\/www.zahnklinik-essen.de\/de\/?page_id=43"},"modified":"2024-03-20T14:59:12","modified_gmt":"2024-03-20T13:59:12","slug":"impressionen","status":"publish","type":"page","link":"https:\/\/www.dentalzentrum-essen.de\/de\/impressionen\/","title":{"rendered":"Impressionen"},"content":{"rendered":"<h2>Verschaffen Sie sich einen ersten Eindruck vom Ambiente des Dentalzentrum Essen<\/h2>\n<p>Ob am Empfang oder in den Behandlungsr\u00e4umen: Das Dentalzentrum Essen pr\u00e4sentiert sich Ihnen nicht nur zahnmedizinisch auf der H\u00f6he der Zeit. Dabei sind Modernit\u00e4t und Behaglichkeit keineswegs Gegens\u00e4tze \u2013 vielmehr verschmelzen sie zu einem Ambiente, in dem sich unsere Patient*innen in angenehmer und entspannter Atmosph\u00e4re wohlf\u00fchlen k\u00f6nnen.<\/p>\n","protected":false},"excerpt":{"rendered":"<p>Verschaffen Sie sich einen ersten Eindruck vom Ambiente des Dentalzentrum Essen Ob am Empfang oder in den Behandlungsr\u00e4umen: Das Dentalzentrum Essen pr\u00e4sentiert sich Ihnen nicht nur zahnmedizinisch auf der H\u00f6he der Zeit. Dabei sind Modernit\u00e4t und Behaglichkeit keineswegs Gegens\u00e4tze \u2013 vielmehr verschmelzen sie zu einem Ambiente, in dem sich unsere Patient*innen in angenehmer und entspannter [&hellip;]<\/p>\n","protected":false},"author":1,"featured_media":0,"parent":0,"menu_order":0,"comment_status":"closed","ping_status":"closed","template":"page-impressionen.php","meta":[],"_links":{"self":[{"href":"https:\/\/www.dentalzentrum-essen.de\/de\/wp-json\/wp\/v2\/pages\/43"}],"collection":[{"href":"https:\/\/www.dentalzentrum-essen.de\/de\/wp-json\/wp\/v2\/pages"}],"about":[{"href":"https:\/\/www.dentalzentrum-essen.de\/de\/wp-json\/wp\/v2\/types\/page"}],"author":[{"embeddable":true,"href":"https:\/\/www.dentalzentrum-essen.de\/de\/wp-json\/wp\/v2\/users\/1"}],"replies":[{"embeddable":true,"href":"https:\/\/www.dentalzentrum-essen.de\/de\/wp-json\/wp\/v2\/comments?post=43"}],"version-history":[{"count":6,"href":"https:\/\/www.dentalzentrum-essen.de\/de\/wp-json\/wp\/v2\/pages\/43\/revisions"}],"predecessor-version":[{"id":3896,"href":"https:\/\/www.dentalzentrum-essen.de\/de\/wp-json\/wp\/v2\/pages\/43\/revisions\/3896"}],"wp:attachment":[{"href":"https:\/\/www.dentalzentrum-essen.de\/de\/wp-json\/wp\/v2\/media?parent=43"}],"curies":[{"name":"wp","href":"https:\/\/api.w.org\/{rel}","templated":true}]}}