{"id":4642,"date":"2026-03-05T13:40:18","date_gmt":"2026-03-05T12:40:18","guid":{"rendered":"https:\/\/www.dentalzentrum-essen.de\/de\/?page_id=4642"},"modified":"2026-03-05T13:55:30","modified_gmt":"2026-03-05T12:55:30","slug":"michael-schwagrowski","status":"publish","type":"page","link":"https:\/\/www.dentalzentrum-essen.de\/de\/team\/michael-schwagrowski\/","title":{"rendered":"Michael Schwagrowski"},"content":{"rendered":"<h3>Vita<\/h3>\n<dl class=\"vita\">\n<dt>1990<\/dt>\n<dd>Abgeschlossene Ausbildung zum Zahntechniker<\/dd>\n<dt>1996<\/dt>\n<dd>Examen der Zahnmedizin an der WWU M\u00fcnster<\/dd>\n<dt>1997 &#8211; 1998<\/dt>\n<dd>Assistentenzeit in der Fachzahnarztpraxis f\u00fcr Parodontologie Dr. Klaus H\u00f6cker<\/dd>\n<dt>1999<\/dt>\n<dd>Niederlassung in eigener Praxis<\/dd>\n<dt>Seit 2026<\/dt>\n<dd>Angestellter Zahnarzt im Dentalzentrum Essen<\/dd>\n<\/dl>\n<h3>Referenzen:<\/h3>\n<ul>\n<li>Eingetragene T\u00e4tigkeitsschwerpunkte: Implantologie, Parodontologie, Laserzahnheilkunde.<\/li>\n<li>Umfangreiche Expertise in der Endodontie und Implantologie (z.B. externer Sinuslift), Alignerbehandlungen und Schlafzahnmedizin.<\/li>\n<\/ul>\n<h3>Mitgliedschaften:<\/h3>\n<ul>\n<li>DGOI &#8211; Deutsche Gesellschaft f\u00fcr Orale Implantologie \u2028ITI &#8211; International Team for Implantology<\/li>\n<li>\u2028ICOI &#8211; International Congress of Oral Implantologists<\/li>\n<li>\u2028DGZI &#8211; Deutsche Gesellschaft f\u00fcr Zahn\u00e4rztliche Implantologie<\/li>\n<li>\u2028DGZMK &#8211; Deutsche Gesellschaft f\u00fcr Zahn-, Mund- und Kieferheilkunde<\/li>\n<li>\u2028WGZMK &#8211; Westf\u00e4lische Gesellschaft f\u00fcr Zahn-, Mund- und Kieferheilkunde<\/li>\n<li>\u2028DGP &#8211; Deutsche Gesellschaft f\u00fcr Parodontologie<\/li>\n<li>\u2028EFP &#8211; European Federation of Periodontologie<\/li>\n<li>\u2028DGL &#8211; Deutsche Gesellschaft f\u00fcr Laserzahnheilkunde<\/li>\n<li>DG\u00c4Z &#8211; Deutsche Gesellschaft f\u00fcr \u00c4sthetische Zahnheilkunde<\/li>\n<li>GPZ &#8211; Gesellschaft f\u00fcr Pr\u00e4ventive Zahnheilkunde<\/li>\n<li>DGZS &#8211; Deutsche Gesellschaft Zahn\u00e4rztliche Schlafmedizin<\/li>\n<li>ITI &#8211; Mitglied im ITI Study Club D\u00fcsseldorf<\/li>\n<\/ul>\n","protected":false},"excerpt":{"rendered":"<p>Vita 1990 Abgeschlossene Ausbildung zum Zahntechniker 1996 Examen der Zahnmedizin an der WWU M\u00fcnster 1997 &#8211; 1998 Assistentenzeit in der Fachzahnarztpraxis f\u00fcr Parodontologie Dr. Klaus H\u00f6cker 1999 Niederlassung in eigener Praxis Seit 2026 Angestellter Zahnarzt im Dentalzentrum Essen Referenzen: Eingetragene T\u00e4tigkeitsschwerpunkte: Implantologie, Parodontologie, Laserzahnheilkunde. Umfangreiche Expertise in der Endodontie und Implantologie (z.B. externer Sinuslift), Alignerbehandlungen [&hellip;]<\/p>\n","protected":false},"author":11,"featured_media":0,"parent":41,"menu_order":0,"comment_status":"closed","ping_status":"closed","template":"","meta":[],"_links":{"self":[{"href":"https:\/\/www.dentalzentrum-essen.de\/de\/wp-json\/wp\/v2\/pages\/4642"}],"collection":[{"href":"https:\/\/www.dentalzentrum-essen.de\/de\/wp-json\/wp\/v2\/pages"}],"about":[{"href":"https:\/\/www.dentalzentrum-essen.de\/de\/wp-json\/wp\/v2\/types\/page"}],"author":[{"embeddable":true,"href":"https:\/\/www.dentalzentrum-essen.de\/de\/wp-json\/wp\/v2\/users\/11"}],"replies":[{"embeddable":true,"href":"https:\/\/www.dentalzentrum-essen.de\/de\/wp-json\/wp\/v2\/comments?post=4642"}],"version-history":[{"count":3,"href":"https:\/\/www.dentalzentrum-essen.de\/de\/wp-json\/wp\/v2\/pages\/4642\/revisions"}],"predecessor-version":[{"id":4650,"href":"https:\/\/www.dentalzentrum-essen.de\/de\/wp-json\/wp\/v2\/pages\/4642\/revisions\/4650"}],"up":[{"embeddable":true,"href":"https:\/\/www.dentalzentrum-essen.de\/de\/wp-json\/wp\/v2\/pages\/41"}],"wp:attachment":[{"href":"https:\/\/www.dentalzentrum-essen.de\/de\/wp-json\/wp\/v2\/media?parent=4642"}],"curies":[{"name":"wp","href":"https:\/\/api.w.org\/{rel}","templated":true}]}}