{"id":4644,"date":"2026-03-05T13:43:00","date_gmt":"2026-03-05T12:43:00","guid":{"rendered":"https:\/\/www.dentalzentrum-essen.de\/de\/?page_id=4644"},"modified":"2026-03-05T13:48:15","modified_gmt":"2026-03-05T12:48:15","slug":"dr-mareen-rudolph","status":"publish","type":"page","link":"https:\/\/www.dentalzentrum-essen.de\/de\/team\/dr-mareen-rudolph\/","title":{"rendered":"Dr. Mareen Rudolph"},"content":{"rendered":"<h3>Vita<\/h3>\n<dl class=\"vita\">\n<dt>2016-2022<\/dt>\n<dd>Studium der Zahnmedizin an der Technischen Universit\u00e4t Dresden<\/dd>\n<dt>2023<\/dt>\n<dd>Promotion zum Dr. med. dent. an der Technischen Universit\u00e4t Dresden<\/dd>\n<dt>2023-2025<\/dt>\n<dd>Assistenzzahn\u00e4rztin in allgemeinzahn\u00e4rztlicher Praxis Dresden<\/dd>\n<dt>2024-2026<\/dt>\n<dd>Fachkunde dentale digitale Volumentomographie (DVT)<\/dd>\n<dt>2025-2026<\/dt>\n<dd>Zahn\u00e4rztin in allgemeinzahn\u00e4rztlicher Praxis Dresden<\/dd>\n<dt>Seit 2026<\/dt>\n<dd>Zahn\u00e4rztin im Dentalzentrum Essen<\/dd>\n<\/dl>\n<\/dl>\n","protected":false},"excerpt":{"rendered":"<p>Vita 2016-2022 Studium der Zahnmedizin an der Technischen Universit\u00e4t Dresden 2023 Promotion zum Dr. med. dent. an der Technischen Universit\u00e4t Dresden 2023-2025 Assistenzzahn\u00e4rztin in allgemeinzahn\u00e4rztlicher Praxis Dresden 2024-2026 Fachkunde dentale digitale Volumentomographie (DVT) 2025-2026 Zahn\u00e4rztin in allgemeinzahn\u00e4rztlicher Praxis Dresden Seit 2026 Zahn\u00e4rztin im Dentalzentrum Essen<\/p>\n","protected":false},"author":11,"featured_media":0,"parent":41,"menu_order":0,"comment_status":"closed","ping_status":"closed","template":"","meta":[],"_links":{"self":[{"href":"https:\/\/www.dentalzentrum-essen.de\/de\/wp-json\/wp\/v2\/pages\/4644"}],"collection":[{"href":"https:\/\/www.dentalzentrum-essen.de\/de\/wp-json\/wp\/v2\/pages"}],"about":[{"href":"https:\/\/www.dentalzentrum-essen.de\/de\/wp-json\/wp\/v2\/types\/page"}],"author":[{"embeddable":true,"href":"https:\/\/www.dentalzentrum-essen.de\/de\/wp-json\/wp\/v2\/users\/11"}],"replies":[{"embeddable":true,"href":"https:\/\/www.dentalzentrum-essen.de\/de\/wp-json\/wp\/v2\/comments?post=4644"}],"version-history":[{"count":3,"href":"https:\/\/www.dentalzentrum-essen.de\/de\/wp-json\/wp\/v2\/pages\/4644\/revisions"}],"predecessor-version":[{"id":4648,"href":"https:\/\/www.dentalzentrum-essen.de\/de\/wp-json\/wp\/v2\/pages\/4644\/revisions\/4648"}],"up":[{"embeddable":true,"href":"https:\/\/www.dentalzentrum-essen.de\/de\/wp-json\/wp\/v2\/pages\/41"}],"wp:attachment":[{"href":"https:\/\/www.dentalzentrum-essen.de\/de\/wp-json\/wp\/v2\/media?parent=4644"}],"curies":[{"name":"wp","href":"https:\/\/api.w.org\/{rel}","templated":true}]}}