{"id":515,"date":"2016-04-01T01:00:08","date_gmt":"2016-03-31T23:00:08","guid":{"rendered":"https:\/\/www.zahnklinik-essen.de\/de\/?page_id=515"},"modified":"2025-05-28T07:25:45","modified_gmt":"2025-05-28T05:25:45","slug":"abc-der-zahngesundheit","status":"publish","type":"page","link":"https:\/\/www.dentalzentrum-essen.de\/de\/aktuell\/abc-der-zahngesundheit\/","title":{"rendered":"ABC der Zahngesundheit"},"content":{"rendered":"<h2>Warum ist ein Bruximus im Gegensatz zur Okklusion schlecht f\u00fcr Ihre Z\u00e4hne?<\/h2>\n<p>Hier finden Sie eine ganze Reihe in der Zahnmedizin h\u00e4ufig verwendeter Begriffe ganz einfach erkl\u00e4rt.<\/p>\n","protected":false},"excerpt":{"rendered":"<p>Warum ist ein Bruximus im Gegensatz zur Okklusion schlecht f\u00fcr Ihre Z\u00e4hne? Hier finden Sie eine ganze Reihe in der Zahnmedizin h\u00e4ufig verwendeter Begriffe ganz einfach erkl\u00e4rt.<\/p>\n","protected":false},"author":1,"featured_media":0,"parent":13,"menu_order":0,"comment_status":"closed","ping_status":"closed","template":"page-glossar.php","meta":[],"_links":{"self":[{"href":"https:\/\/www.dentalzentrum-essen.de\/de\/wp-json\/wp\/v2\/pages\/515"}],"collection":[{"href":"https:\/\/www.dentalzentrum-essen.de\/de\/wp-json\/wp\/v2\/pages"}],"about":[{"href":"https:\/\/www.dentalzentrum-essen.de\/de\/wp-json\/wp\/v2\/types\/page"}],"author":[{"embeddable":true,"href":"https:\/\/www.dentalzentrum-essen.de\/de\/wp-json\/wp\/v2\/users\/1"}],"replies":[{"embeddable":true,"href":"https:\/\/www.dentalzentrum-essen.de\/de\/wp-json\/wp\/v2\/comments?post=515"}],"version-history":[{"count":4,"href":"https:\/\/www.dentalzentrum-essen.de\/de\/wp-json\/wp\/v2\/pages\/515\/revisions"}],"predecessor-version":[{"id":4516,"href":"https:\/\/www.dentalzentrum-essen.de\/de\/wp-json\/wp\/v2\/pages\/515\/revisions\/4516"}],"up":[{"embeddable":true,"href":"https:\/\/www.dentalzentrum-essen.de\/de\/wp-json\/wp\/v2\/pages\/13"}],"wp:attachment":[{"href":"https:\/\/www.dentalzentrum-essen.de\/de\/wp-json\/wp\/v2\/media?parent=515"}],"curies":[{"name":"wp","href":"https:\/\/api.w.org\/{rel}","templated":true}]}}