{"id":62,"date":"2016-04-01T01:00:05","date_gmt":"2016-03-31T23:00:05","guid":{"rendered":"https:\/\/www.zahnklinik-essen.de\/de\/?page_id=62"},"modified":"2025-03-12T20:47:48","modified_gmt":"2025-03-12T19:47:48","slug":"prophylaxe-vorsorge","status":"publish","type":"page","link":"https:\/\/www.dentalzentrum-essen.de\/de\/prophylaxe-vorsorge\/","title":{"rendered":"Prophylaxe \/ Vorsorge"},"content":{"rendered":"<p>Gepflegte, wei\u00dfe Z\u00e4hne steigern das Selbstbewusstsein und tragen viel zum pers\u00f6nlichen Wohlgef\u00fchl bei. Damit die Z\u00e4hne sch\u00f6n und gepflegt bleiben, ist die richtige Vorsorge entscheidend. Durch die regelm\u00e4\u00dfige Prophylaxe lassen sich Zahnerkrankungen gezielt vorbeugen. Zahnfleisch und Z\u00e4hne bleiben gesund, was sich positiv auf den gesamten K\u00f6rper auswirkt. Zudem ersparen gesunde Z\u00e4hne kostspielige Behandlungen. In unserem<strong> Dentalzentrum Essen<\/strong> bieten wir<strong> Zahnreinigung und Prophylaxe<\/strong> von einem professionellen Team an.<\/p>\n<h2>Eine regelm\u00e4\u00dfige Zahnprophylaxe durch den Zahnarzt oder die Zahn\u00e4rztin ist Grundlage f\u00fcr gesunde Z\u00e4hne.<\/h2>\n<p>In unserem Mund ist eine ganze Menge los. Bakterien wandeln permanent Zucker in S\u00e4ure um, die Ihre Z\u00e4hne angreift. Wenn sie dann in Ihre Z\u00e4hne und Ihr Zahnfleisch eindringen, verursachen sie oft Infektionskrankheiten wie Karies und Parodontose.<\/p>\n<p>Es kommt zu L\u00e4sionen in den Z\u00e4hnen, zu schmerzhaften Entz\u00fcndungen und letztlich auch zum Zahnverlust. Hier gilt es, vorbeugend einzugreifen. Der zahnmedizinische Begriff <strong>Prophylaxe<\/strong> ist an das Griechische angelehnt, wo das Wort <em>prophyl\u00e1sso<\/em> die Bedeutung <em>von vornherein ausschlie\u00dfen<\/em> hat. Genau das wollen wir tun: Gemeinsam mit Ihnen Infektionskrankheiten an Z\u00e4hnen und Zahnfleisch dauerhaft vermeiden.<\/p>\n<h2>Warum entstehen Karies und Co.?<\/h2>\n<p>Kari\u00f6se Z\u00e4hne und Entz\u00fcndungen des Zahnfleischs k\u00f6nnen auch bei einer guten Zahnpflege entstehen. Denn Z\u00e4hneputzen allein reicht nicht. Der Grund hierf\u00fcr ist, dass selbst die beste Zahnb\u00fcrste nicht immer alle Zahnzwischenr\u00e4ume erreicht. Die Folge ist, dass sich Entz\u00fcndungen entwickeln und ausbreiten. Wer raucht, Alkohol trinkt und zuckerhaltige Lebensmittel verzehrt, beschleunigt diesen Prozess. Eine regelm\u00e4\u00dfige Zahnreinigung und Prophylaxe wirken Erkrankungen im Mund entgegen.<\/p>\n<h2>Was bewirken Zahnreinigung und Prophylaxe?<\/h2>\n<p>Lassen Sie eine Zahnreinigung und Prophylaxe in Essen durchf\u00fchren und profitieren Sie von den Vorteilen! Eine Zahnreinigung entfernt Bel\u00e4ge von den Z\u00e4hnen und verhindert Verf\u00e4rbungen sowie die Entstehung von Karies. Bei unserer Zahnreinigung und Prophylaxe in Essen werden Sie von versierten Zahn\u00e4rzten und -\u00e4rztinnen betreut. Das garantiert die hohe Qualit\u00e4t unserer zahnmedizinischen Behandlung. Nehmen Sie gerne Kontakt zu uns auf und machen Sie noch heute einen Termin aus!<\/p>\n<h2>Zahnreinigung und Prophylaxe: der Unterschied<\/h2>\n<p>Die Prophylaxe beim Zahnarzt\/bei der Zahn\u00e4rztin dient der Zahnvorsorge, sodass Z\u00e4hne und Zahnfleisch gar nicht erst krank werden. In der Zahnmedizin beschreibt die Prophylaxe alle Unternehmungen, die die Entstehung von Karies und Parodontitis von vornherein verhindern. Die <strong>Zahnreinigung<\/strong> ist die Basis jeder <strong>Prophylaxe<\/strong>. Sie wird in regelm\u00e4\u00dfigen Abst\u00e4nden in Ihrer Zahnarztpraxis durchgef\u00fchrt und soll Erkrankungen im Mund gezielt vorbeugen.<\/p>\n<h3 style=\"text-align: center\"><a href=\"tel:+49201280270\">Kontaktieren Sie uns f\u00fcr eine Beratung!<\/a><\/h3>\n<p>&nbsp;<\/p>\n<h2>Zahnprophylaxe: Geben Sie Parodontitis, Karies &amp; Co. keine Chance<\/h2>\n<p>Bei Zahnfleischproblemen lohnt sich ein Besuch in der <a href=\"https:\/\/www.dentalzentrum-essen.de\/de\/parodontologie\/\">Parodontologie Essen<\/a>. Wenn Sie sich f\u00fcr eine <strong>Zahnreinigung und Prophylaxe in Essen<\/strong> entscheiden, beugen Sie Zahnfleischentz\u00fcndungen und Karies gezielt vor. Unser freundliches Team besteht aus geschultem Fachpersonal, das Ihnen w\u00e4hrend der Behandlung kompetent zur Seite steht. Die Prophylaxe in Essen bietet folgende Vorteile:<\/p>\n<ul>\n<li>Risiko f\u00fcr Zahnerkrankungen wird reduziert<\/li>\n<li>Z\u00e4hne wirken \u00e4sthetisch ansprechend<\/li>\n<li>Risiko f\u00fcr kostspielige Zahnbehandlungen wird minimiert<\/li>\n<li>Gepflegte Z\u00e4hne bis ins hohe Alter<\/li>\n<li>F\u00fcr jedes Alter empfohlen<\/li>\n<\/ul>\n<h2>Wer kommt f\u00fcr die Kosten f\u00fcr Prophylaxe und Zahnreinigung auf?<\/h2>\n<p>Die g\u00e4ngigen Vorsorgeuntersuchungen beim <a href=\"https:\/\/www.dentalzentrum-essen.de\/de\/patienten\/\">Zahnarzt in Essen<\/a> werden von den Krankenkassen \u00fcbernommen. Eine professionelle Zahnreinigung ist jedoch keine gesetzliche Kassenleistung. Viele Kassen \u00fcbernehmen aber einen Teil der Behandlungskosten. Die Preise f\u00fcr eine Zahnreinigung schwanken stark und h\u00e4ngen mitunter vom Behandlungsaufwand ab. Anatomische Besonderheiten oder besonders starke Bel\u00e4ge spielen in die H\u00f6he der Kosten mit ein.<\/p>\n<h2>Warum die beste h\u00e4usliche Zahnpflege nicht ausreicht<\/h2>\n<p>Regelm\u00e4\u00dfiges und richtiges Z\u00e4hneputzen, die Verwendung von Zahnseide oder anderen Hilfsmitteln und handels\u00fcbliche Zahnsp\u00fclungen schaffen eine gute Ausgangsbasis f\u00fcr gesunde Z\u00e4hne und ein intaktes Zahnfleisch. Aber sie allein reicht nicht aus. Denn die vielen Stellen an Ihren Z\u00e4hnen, die Sie beim Z\u00e4hneputzen nicht erreichen k\u00f6nnen, sind ungez\u00e4hlt. Es bildet sich immer wieder gef\u00e4hrlicher Zahnbelag \u2013 ein Umstand, den Sie leider nicht verhindern k\u00f6nnen.<\/p>\n<h2>Prophylaxe beim Zahnarzt: Alle 4\u20136 Monate ist ein Besuch Pflicht!<\/h2>\n<p>Auch im Dentalzentrum Essen ist die professionelle Zahnreinigung ein wichtiger Baustein f\u00fcr Mundhygiene und Sauberkeit. Aber wir beschr\u00e4nken uns nicht darauf. Stattdessen nutzen wir neuste Methoden der Diagnostik und nehmen Sie gleichzeitig als individuellen Menschen wahr, um gemeinsam mit Ihnen Ihren ganz eigenen Zahnprophylaxe-Fahrplan zu erstellen.<\/p>\n<h2>Ihr Spezialist f\u00fcr Zahnreinigung und Prophylaxe in Essen<\/h2>\n<p>Sie m\u00f6chten eine professionelle Zahnreinigung vornehmen lassen? Dann entscheiden Sie sich f\u00fcr eine Behandlung im Dentalzentrum Essen. Das erfahrene Fachpersonal f\u00fcr Zahnmedizin tut alles daf\u00fcr, damit Sie sich bei uns wohlf\u00fchlen. Auch \u00e4ngstliche Patienten und Patientinnen werden von unseren Behandlungsmethoden \u00fcberzeugt sein. Um lange Wartezeiten zu vermeiden, profitieren Sie vom Allround-Service. Unsere Zahnarztpraxis ist an ein Dentallabor angeschlossen, was kurze Kommunikationswege und schnelle Ergebnisse erm\u00f6glicht.<\/p>\n<h3 style=\"text-align: center\"><a href=\"tel:+49201280270\">Kontaktieren Sie uns f\u00fcr einen Termin!<\/a><\/h3>\n<p>&nbsp;<\/p>\n<h2>FAQ Prophylaxe \/ Zahnreinigung<\/h2>\n<ol>\n<li><a href=\"#warum\">Warum sollte man regelm\u00e4\u00dfig eine professionelle Zahnreinigung machen lassen?<\/a><\/li>\n<li><a href=\"#wie\">Wie h\u00e4ufig sollte man eine professionelle Zahnreinigung machen lassen?<\/a><\/li>\n<li><a href=\"#rauchen\">Darf man vor und nach einer professionellen Zahnreinigung rauchen?<\/a><\/li>\n<li><a href=\"#schmerzen\">Hat man bei einer professionellen Zahnreinigung Schmerzen?<\/a><\/li>\n<\/ol>\n<h3 id=\"warum\">Warum sollte man regelm\u00e4\u00dfig eine professionelle Zahnreinigung machen lassen?<\/h3>\n<p>Eine professionelle Zahnreinigung sollte erg\u00e4nzend zur h\u00e4uslichen Zahnpflege regelm\u00e4\u00dfig erfolgen, um auch Ablagerungen an schwer erreichbaren Stellen zu entfernen und Entz\u00fcndungen vorzubeugen. So k\u00f6nnen Sie das<strong> Risiko f\u00fcr Zahnerkrankungen <\/strong>wie z.B. eine Parodontitis<strong> deutlich verringern<\/strong>. Denn selbst mit der richtigen Putztechnik und regelm\u00e4\u00dfigem Z\u00e4hneputzen zu Hause k\u00f6nnen in den Zahnzwischenr\u00e4umen Ablagerungen entstehen, die die Entstehung von Karies beg\u00fcnstigen.<\/p>\n<p>In diesen F\u00e4llen ist eine unterst\u00fctzende Prophylaxe in unserer Praxis unerl\u00e4sslich:<\/p>\n<ul>\n<li>Neigung zu mineralisierten Ablagerungen<\/li>\n<li>Ung\u00fcnstige Bedingungen f\u00fcr die eigene Mundhygiene<\/li>\n<li>Br\u00fccken, Kronen oder Implantate im Mundraum<\/li>\n<li>Unsch\u00f6ne Verf\u00e4rbungen der Z\u00e4hne<\/li>\n<\/ul>\n<h3 id=\"wie\">Wie h\u00e4ufig sollte man eine professionelle Zahnreinigung machen lassen?<\/h3>\n<p>Wir empfehlen Ihnen, die Dentalhygiene <strong>mindestens zweimal im Jahr <\/strong>in unserem Dentalzentrum Essen durchf\u00fchren zu lassen. Je nach genetischer Disposition, Ihrem individuellen Ern\u00e4hrungsverhalten und Ihrer h\u00e4uslichen Zahnpflege kann auch ein k\u00fcrzeres Intervall<strong> zwischen eineinhalb und vier Monaten<\/strong> ratsam sein. Gerne nehmen wir uns in unserer Praxis in Essen die Zeit, um Ihre Zahnsituation zu begutachten und Sie pers\u00f6nlich zu den Themen Prophylaxe und Zahnreinigung in unserem Hause zu beraten.<\/p>\n<h3 id=\"rauchen\">Darf man vor und nach einer professionellen Zahnreinigung rauchen?<\/h3>\n<p>Vor und nach einer Zahnreinigung gelten gewisse Verhaltensregeln. Dazu z\u00e4hlt unter anderem, dass Sie vor und nach der Behandlung<strong> auf das Rauchen verzichten <\/strong>sollten. Denn Nikotin greift den eingebrachten Schutz der Versiegelung an und verhindert das Einwirken der verwendeten Fluoridlacke. Rauchen beeinflusst daher auf negative Art und Weise das Endergebnis der professionellen Zahnreinigung. Das gilt \u00fcbrigens auch f\u00fcr <strong>f\u00e4rbende Getr\u00e4nke<\/strong> wie Kaffee, Schwarztee oder Wein.<\/p>\n<h3 id=\"schmerzen\">Hat man bei einer professionellen Zahnreinigung Schmerzen?<\/h3>\n<p>Diese Frage stellen sich viele Patientinnen und Patienten. Wir k\u00f6nnen Ihnen diese Angst nehmen, denn in der Regel empfinden Sie bei einer professionellen Zahnreinigung<strong> keine Schmerzen<\/strong>. Im Normalfall ist der Zahnhals durch das umliegende Zahnfleisch gut gesch\u00fctzt.<\/p>\n<p>Risiken sind aber nicht ausgeschlossen. So kann es bei speziellen Vorerkrankungen wie z.B. freiliegenden Zahnh\u00e4lsen oder Entz\u00fcndungen sein, dass die Z\u00e4hne empfindlich auf die Reinigung reagieren. Auf Wunsch und nach pers\u00f6nlicher Beratung bieten wir Ihnen in einem solchen Fall eine professionelle Zahnreinigung unter <strong>lokaler Bet\u00e4ubung <\/strong>an.<\/p>\n<p>&nbsp;<\/p>\n<p><script type=\"application\/ld+json\">\n{\n  \"@context\": \"https:\/\/schema.org\",\n  \"@type\": \"Dentist\",\n  \"name\": \"Prophylaxe & Vorsorge Essen\",\n  \"url\": \"https:\/\/www.dentalzentrum-essen.de\/de\/prophylaxe-vorsorge\/\",\n  \"description\": \"Professionelle Prophylaxe, Zahnreinigung und Vorsorgebehandlungen f\u00fcr gesunde Z\u00e4hne in Essen.\",\n  \"image\": \"https:\/\/www.dentalzentrum-essen.de\/de\/wp-content\/uploads\/sites\/2\/2021\/05\/rs238359_dze_2021_2285_r.jpeg\",\n  \"address\": {\n    \"@type\": \"PostalAddress\",\n    \"streetAddress\": \"Herwarthstra\u00dfe 102, Ecke Moltkestra\u00dfe\",\n    \"addressLocality\": \"Essen\",\n    \"postalCode\": \"45138\",\n    \"addressCountry\": \"DE\"\n  },\n  \"telephone\": \"+49-201-280-270\",\n  \"priceRange\": \"$$\",\n  \"parentOrganization\": {\n    \"@type\": \"MedicalOrganization\",\n    \"name\": \"Dentalzentrum Essen\",\n    \"url\": \"https:\/\/www.dentalzentrum-essen.de\"\n  }\n}\n<\/script><\/p>\n\n","protected":false},"excerpt":{"rendered":"<p>Gepflegte, wei\u00dfe Z\u00e4hne steigern das Selbstbewusstsein und tragen viel zum pers\u00f6nlichen Wohlgef\u00fchl bei. Damit die Z\u00e4hne sch\u00f6n und gepflegt bleiben, ist die richtige Vorsorge entscheidend. Durch die regelm\u00e4\u00dfige Prophylaxe lassen sich Zahnerkrankungen gezielt vorbeugen. Zahnfleisch und Z\u00e4hne bleiben gesund, was sich positiv auf den gesamten K\u00f6rper auswirkt. Zudem ersparen gesunde Z\u00e4hne kostspielige Behandlungen. In unserem [&hellip;]<\/p>\n","protected":false},"author":1,"featured_media":0,"parent":0,"menu_order":100,"comment_status":"closed","ping_status":"closed","template":"","meta":[],"_links":{"self":[{"href":"https:\/\/www.dentalzentrum-essen.de\/de\/wp-json\/wp\/v2\/pages\/62"}],"collection":[{"href":"https:\/\/www.dentalzentrum-essen.de\/de\/wp-json\/wp\/v2\/pages"}],"about":[{"href":"https:\/\/www.dentalzentrum-essen.de\/de\/wp-json\/wp\/v2\/types\/page"}],"author":[{"embeddable":true,"href":"https:\/\/www.dentalzentrum-essen.de\/de\/wp-json\/wp\/v2\/users\/1"}],"replies":[{"embeddable":true,"href":"https:\/\/www.dentalzentrum-essen.de\/de\/wp-json\/wp\/v2\/comments?post=62"}],"version-history":[{"count":16,"href":"https:\/\/www.dentalzentrum-essen.de\/de\/wp-json\/wp\/v2\/pages\/62\/revisions"}],"predecessor-version":[{"id":4377,"href":"https:\/\/www.dentalzentrum-essen.de\/de\/wp-json\/wp\/v2\/pages\/62\/revisions\/4377"}],"wp:attachment":[{"href":"https:\/\/www.dentalzentrum-essen.de\/de\/wp-json\/wp\/v2\/media?parent=62"}],"curies":[{"name":"wp","href":"https:\/\/api.w.org\/{rel}","templated":true}]}}