{"id":672,"date":"2016-04-01T01:00:21","date_gmt":"2016-03-31T23:00:21","guid":{"rendered":"https:\/\/www.zahnklinik-essen.de\/de\/?page_id=672"},"modified":"2025-03-12T21:00:30","modified_gmt":"2025-03-12T20:00:30","slug":"implantologie","status":"publish","type":"page","link":"https:\/\/www.dentalzentrum-essen.de\/de\/implantologie\/","title":{"rendered":"Implantologie"},"content":{"rendered":"<p>Statt sich und die eigene Lebensqualit\u00e4t durch konventionelle Prothesen viel zu stark einzuschr\u00e4nken, sollten Sie ein Implantat als die oftmals beste L\u00f6sung in Betracht ziehen \u2013 selbst bei zahnlosem Kiefer, der keinen zuverl\u00e4ssigen Halt mehr f\u00fcr Prothesen bietet.<\/p>\n<p>Was viele zudem nicht wissen: F\u00fcr unsere <strong>Zahnimplantate in Essen<\/strong> gibt es nach Abschluss des Knochenwachstums (im Alter um ca. 18 Jahre) keinerlei Altersgrenze.<\/p>\n<p>Unsere Praxis ist die Adresse Ihres Vertrauens f\u00fcr hochwertigen Zahnersatz und langlebige Zahnimplantate. Kontaktieren Sie Ihren <a href=\"https:\/\/www.dentalzentrum-essen.de\/de\/patienten\/\">Zahnarzt in Essen<\/a> f\u00fcr eine ausf\u00fchrliche Beratung.<\/p>\n<h2>Erfahrung und Fachkompetenz: Das A und O f\u00fcr gelungene Zahnimplantate<\/h2>\n<p>Der Markt der Zahnimplantate ist f\u00fcr Patientinnen und Patienten un\u00fcbersichtlich. Wem k\u00f6nnen Sie tats\u00e4chlich vertrauen? Im Dentalzentrum Essen haben wir uns auf das Fachgebiet der Implantologie spezialisiert und setzen j\u00e4hrlich \u00fcber 2.000 Implantate bei unseren Patientinnen und Patienten ein. Au\u00dferdem \u00fcberzeugen wir durch:<\/p>\n<ul>\n<li>Eine solide zahnmedizinische, implantologische und chirurgische Ausbildung<\/li>\n<li>Viele Jahre Erfahrung in der Implantologie<\/li>\n<li>Regelm\u00e4\u00dfige Teilnahme an Fortbildungen<\/li>\n<li>Fundierte Beratung zum Thema <a href=\"https:\/\/www.dentalzentrum-essen.de\/de\/prophylaxe-vorsorge\/\">Prophylaxe<\/a> und professionelle <a href=\"https:\/\/www.dentalzentrum-essen.de\/de\/prophylaxe-vorsorge\/\">Zahnreinigung<\/a><\/li>\n<li>Pr\u00e4zise Diagnostik mit Fokus auf den Gesamtbefund der Mundh\u00f6hle<\/li>\n<li>Eine nachhaltige, hochwertige Zahnversorgung<\/li>\n<li>Die Kenntnis hochwertiger Alternativl\u00f6sungen, wenn Implantate nicht infrage kommen<\/li>\n<\/ul>\n<p>Z\u00f6gern Sie nicht, Kontakt zu unserer Praxis f\u00fcr <em>Zahnimplantate in Essen<\/em> aufzunehmen. Gerne beraten wir Sie zum Ablauf und zu den Kosten eines m\u00f6glichen Zahnersatzes.<\/p>\n<h2>Zahnimplantate setzen Druckstellen und Entz\u00fcndungen ein Ende<\/h2>\n<p>Endlich wieder alles kauen k\u00f6nnen, kein Verrutschen mehr und auch keine Druckstellen oder gar Entz\u00fcndungen: Mit Zahnimplantaten in Essen erhalten Sie einen festsitzenden Zahnersatz mit k\u00fcnstlichen Wurzeln aus biologisch vertr\u00e4glichem Titan.<\/p>\n<p>Dabei ist es gleich, ob bei Ihnen nur ein einzelner Zahn oder vielleicht sogar ein komplettes Gebiss wiederhergestellt werden soll. Implantate k\u00f6nnen selbst dann eingesetzt werden, wenn Sie bereits seit Jahren unter Zahnverlust leiden oder sich Ihre Knochensubstanz verringert hat. Dann n\u00e4mlich hilft <strong>k\u00f6rpervertr\u00e4gliches Knochenaufbaumaterial<\/strong>, das in Ihren Kieferknochen gef\u00fcllt wird. Schlie\u00dflich braucht ein Implantat ebenso wie ein Zahn eine starke Wurzel. Ein sch\u00f6ner Nebeneffekt des Implantats: Die Schrumpfung Ihres Kieferknochens wird ebenso gestoppt wie der Abbau Ihres Zahnfleisches.<\/p>\n<h3 style=\"text-align: center\"><a href=\"tel:+49201280270\">Nehmen Sie jetzt Kontakt f\u00fcr eine Beratung auf!<\/a><\/h3>\n<p>&nbsp;<\/p>\n<h2>Was kosten Zahnimplantate?<\/h2>\n<p>Zahnimplantate kommen nicht von der Stange, sondern sind individuell auf den Menschen, der sie tr\u00e4gt, zugeschnitten. Dementsprechend sind Arbeitsintensit\u00e4t und Materialeinsatz sehr unterschiedlich. Folglich ist auch die Bandbreite einer m\u00f6glichen Investition in Ihr professionelles Implantat relativ gro\u00df und kann erst nach genauer Untersuchung sicher bestimmt werden.<\/p>\n<p>Deshalb ist es aus unserer Sicht auch nicht sonderlich seri\u00f6s, Patientinnen und Patienten mit Einheitspreisen in falscher Sicherheit zu wiegen. Wir stellen Ihnen aber gerne \u2013 wenn auch bewusst nur sehr grob \u2013 anhand zweier ganz unterschiedlicher Beispiele vor, in welchem Rahmen sich der Einsatz von Implantaten finanziell bewegen kann:<\/p>\n<p>Eine Patientin oder ein Patient, die oder der lediglich ein Implantat mit entsprechender Krone ben\u00f6tigt, sollte inklusive der notwendigen Laborkosten mit einer Investition von ca. 2.500 Euro f\u00fcr die gesamte Behandlungsdauer rechnen.<\/p>\n<p>Eine Patientin oder ein Patient, die oder der beispielsweise vier Implantate mit einer <strong>Stegprothese<\/strong> ben\u00f6tigt, investiert ca. 11.000 Euro, nat\u00fcrlich ebenfalls inklusive aller Labort\u00e4tigkeiten.<\/p>\n<p>Sie sehen, dass die Bandbreite recht hoch ist \u2013 dennoch muss vor allem auch in Betracht gezogen werden, welche vielen Vorteile Sie als Patientin oder Patient durch eine solche Investition voraussichtlich ein Leben lang genie\u00dfen k\u00f6nnen. Gerne beraten Sie unsere Zahn\u00e4rztinnen und Zahn\u00e4rzte in Essen ausf\u00fchrlich in einem pers\u00f6nlichen Gespr\u00e4ch zu einer m\u00f6glichen Behandlung.<\/p>\n<p>&nbsp;<\/p>\n<h2>Sofortversorgung auf Implantaten im Dentalzentrum Essen &#8211; #WeilWirFesteZ\u00e4hneMachen<\/h2>\n<p>Stellen Sie sich vor: Sie betreten unsere Praxis mit Zahnproblemen und verlassen sie am selben Tag mit festen, strahlenden Z\u00e4hnen. Klingt gut? Dank unserer Sofortversorgung ist genau das m\u00f6glich! Ob Einzelzahn, Br\u00fccke oder eine komplett neue Zahnreihe: Wir bieten schnelle, pr\u00e4zise L\u00f6sungen f\u00fcr alle, die sich sofort ein neues L\u00e4cheln w\u00fcnschen. Warum monatelang auf Zahnersatz warten, wenn es auch direkt geht? Mit modernster Technik und langj\u00e4hriger Erfahrung setzen wir Implantate so, dass Sie noch am selben Tag wieder zubei\u00dfen und lachen k\u00f6nnen. Minimalinvasiv, pr\u00e4zise und komfortabel \u2013 f\u00fcr Ihr Wohlbefinden von Anfang an.<\/p>\n<p>Neugierig? Erfahren Sie alles \u00fcber den Ablauf, die Vorteile und ob die Sofortversorgung die richtige L\u00f6sung f\u00fcr Sie ist. Ihr strahlendes L\u00e4cheln wartet schon!<\/p>\n<h3 style=\"text-align: center\"><a href=\"https:\/\/www.weilwirfestezaehnemachen.de\">Mehr Infos gibt&#8217;s hier<\/a><\/h3>\n<p><iframe title=\"Oralchirurg Dr. Stefan G\u00fcnther - Sofortversorgung im Dentalzentrum Essen\" width=\"500\" height=\"281\" src=\"https:\/\/www.youtube.com\/embed\/bctFMHUxmwo?feature=oembed&#038;rel=0\" frameborder=\"0\" allow=\"accelerometer; autoplay; clipboard-write; encrypted-media; gyroscope; picture-in-picture; web-share\" referrerpolicy=\"strict-origin-when-cross-origin\" allowfullscreen><\/iframe><\/p>\n<h2>Wir schenken Ihnen neue Lebensfreude<\/h2>\n<p>Ein Implantat ist nicht einfach nur ein hochwertiger Zahnersatz, sondern so viel mehr. Es schenkt Ihnen ein \u00e4sthetisches L\u00e4cheln und damit neues Selbstvertrauen. Mit \u00fcber 2.000 erfolgreich eingesetzten Implantaten pro Jahr haben unsere Spezialistinnen und Spezialisten vielen Menschen eine im Normalfall lebenslange L\u00f6sung verschafft und ihnen damit die Lebensfreude zur\u00fcckgegeben, mit der man sich gerne sehen l\u00e4sst.<\/p>\n<p>Denn gesunde und gepflegte Z\u00e4hne:<\/p>\n<ul>\n<li>sorgen f\u00fcr Pluspunkte beim Gegen\u00fcber \u2013 privat und beruflich,<\/li>\n<li>zaubern ein nat\u00fcrliches L\u00e4cheln \u2013 das bestimmende Signal f\u00fcr Offenheit, Optimismus und Selbstbewusstsein und<\/li>\n<li>setzen ein Zeichen der Vitalit\u00e4t und Gesundheit.<\/li>\n<\/ul>\n<aside class=\"infobox\">Der Wunsch nach einem gelungenen Zahnersatz ist mitnichten eine Modeerscheinung der letzten Jahre, sondern ein bereits sehr alter Wunsch der Menschheit. Schon die Etrusker griffen im 9. Jahrhundert vor Christus bei L\u00fccken im Gebiss zu Tierz\u00e4hnen und befestigten sie mit d\u00fcnnen Goldstreifen an den Nachbarz\u00e4hnen. Diese besa\u00dfen zugegebenerma\u00dfen nur schmuckst\u00fcckhaften Charakter und hatten mit den sinnvollen Implantaten der heutigen Zeit herzlich wenig zu tun.<\/aside>\n<h3 style=\"text-align: center\"><a href=\"tel:+49201280270\">Kontaktieren Sie uns f\u00fcr einen Termin!<\/a><\/h3>\n<p>&nbsp;<\/p>\n<h2>FAQ Zahnimplantate<\/h2>\n<h3>Inhaltsverzeichnis<\/h3>\n<ol>\n<li><a href=\"#1\">Was kosten Zahnimplantate?<\/a><\/li>\n<li><a href=\"#2\">Wie lange halten Zahnimplantate?<\/a><\/li>\n<li><a href=\"#3\">Welche Zahnimplantate gibt es?<\/a><\/li>\n<li><a href=\"#4\">Welche Zahnimplantate sind zu empfehlen?<\/a><\/li>\n<li><a href=\"#5\">Was spricht gegen Zahnimplantate?<\/a><\/li>\n<\/ol>\n<h3 id=\"1\">Was kosten Zahnimplantate?<\/h3>\n<p>Die Kosten der Zahnimplantate schwanken und richten sich nach dem gew\u00e4hlten Material sowie der Anzahl der ben\u00f6tigten Implantate. Rechnen k\u00f6nnen Sie mit etwa <strong>1.000 Euro f\u00fcr das Implantat<\/strong>, jedoch kommen hierbei noch einmal die Kosten f\u00fcr die Krone obendrauf. Bevor Sie ein Implantat eingesetzt bekommen, erhalten Sie einen <strong>Kostenvoranschlag<\/strong>, damit Sie besser kalkulieren k\u00f6nnen. Lassen Sie sich dazu am besten bei der Behandlung beraten.<\/p>\n<h3 id=\"2\">Wie lange halten Zahnimplantate?<\/h3>\n<p>Zahnimplantate bestehen aus<strong> robusten Materialien wie Titan oder Keramik<\/strong>. Dadurch sind sie \u00e4u\u00dferst langlebig und halten h\u00e4ufig<strong> bis zu 15 Jahre lang<\/strong>. Aber auch<strong> l\u00e4ngere Zeitr\u00e4ume <\/strong>sind durchaus denkbar, in denen Sie von den Implantaten profitieren. Welches Material f\u00fcr Sie infrage kommt und wie die Einsch\u00e4tzung der Haltbarkeit ist, erfahren Sie in Ihrem Beratungstermin in unserer Praxis.<\/p>\n<h3 id=\"3\">Welche Zahnimplantate gibt es?<\/h3>\n<p>Zahnimplantate k\u00f6nnen entweder <strong>aus Titan oder aus Keramik<\/strong> gefertigt werden. Beide Materialien haben verschiedene Vor- und Nachteile, sind jedoch generell robust und langlebig.<\/p>\n<p><strong>Titan:<\/strong><\/p>\n<ul>\n<li>Hohe Einheilungsquote \/ schnelles Einwachsen<\/li>\n<li>Robust, belastbar und bruchfest<\/li>\n<li>Hohe Vertr\u00e4glichkeit<\/li>\n<li>F\u00fcr Allergiker und Allergikerinnen geeignet<\/li>\n<li>Leicht<\/li>\n<\/ul>\n<p><strong>Keramik:<\/strong><\/p>\n<ul>\n<li>F\u00fcr Allergiker und Allergikerinnen geeignet<\/li>\n<li>Sehr vertr\u00e4glich<\/li>\n<li>Farbgebung entspricht der Zahnfarbe<\/li>\n<li>Gute Heilungsaussichten<\/li>\n<\/ul>\n<h3 id=\"4\">Welche Zahnimplantate sind zu empfehlen?<\/h3>\n<p>Welche Implantate f\u00fcr Sie infrage kommen, muss<strong> individuell abgekl\u00e4rt<\/strong> werden. Es gibt bei der Wahl viele Faktoren zu ber\u00fccksichtigen. Je nachdem, was Ihnen wichtig ist und ob Sie unter Allergien leiden, eine hohe \u00c4sthetik bevorzugen oder welche Kosten Sie tragen k\u00f6nnen, wird das <strong>passende Material ausgew\u00e4hlt<\/strong>. Doch keine Sorge! In der Zahnarztpraxis werden Sie bestens beraten, sodass Sie genau das erhalten, was zu Ihnen und Ihren Bed\u00fcrfnissen passt.<\/p>\n<h3 id=\"5\">Was spricht gegen Zahnimplantate?<\/h3>\n<p>Grunds\u00e4tzlich sind Zahnimplantate f\u00fcr alle Menschen eine geeignete L\u00f6sung bei Zahnverlust. Jedoch sollte auch im Nachgang der Behandlung auf eine gute Mundhygiene geachtet werden, da es sonst zu Entz\u00fcndungen im Bereich des Implantats kommen kann. Wenn Sie regelm\u00e4\u00dfig die Z\u00e4hne putzen, zur Vorsorge kommen und die Anweisungen Ihrer Zahn\u00e4rztin oder Ihres Zahnarztes zur Nachsorge befolgen, k\u00f6nnen Sie sich jedoch normalerweise entspannt zur\u00fccklehnen. Neben der <strong>Periimplantitis <\/strong>sind auch die<strong> hohen Kosten<\/strong> ein Faktor, der ber\u00fccksichtigt werden muss.<\/p>\n<p><script type=\"application\/ld+json\">\n{\n  \"@context\": \"https:\/\/schema.org\",\n  \"@type\": \"Dentist\",\n  \"name\": \"Implantologie & Zahnimplantate Essen\",\n  \"url\": \"https:\/\/www.dentalzentrum-essen.de\/de\/implantologie\/\",\n  \"description\": \"Hochwertige Zahnimplantate f\u00fcr ein nat\u00fcrliches L\u00e4cheln in Essen.\",\n  \"image\": \"https:\/\/www.dentalzentrum-essen.de\/de\/wp-content\/uploads\/sites\/2\/2021\/05\/rs238368_dze_2021_7694_r.jpeg\",\n  \"address\": {\n    \"@type\": \"PostalAddress\",\n    \"streetAddress\": \"Herwarthstra\u00dfe 102, Ecke Moltkestra\u00dfe\",\n    \"addressLocality\": \"Essen\",\n    \"postalCode\": \"45138\",\n    \"addressCountry\": \"DE\"\n  },\n  \"telephone\": \"+49-201-280-270\",\n  \"priceRange\": \"$$\",\n  \"parentOrganization\": {\n    \"@type\": \"MedicalOrganization\",\n    \"name\": \"Dentalzentrum Essen\",\n    \"url\": \"https:\/\/www.dentalzentrum-essen.de\"\n  }\n}\n<\/script><\/p>\n\n","protected":false},"excerpt":{"rendered":"<p>Statt sich und die eigene Lebensqualit\u00e4t durch konventionelle Prothesen viel zu stark einzuschr\u00e4nken, sollten Sie ein Implantat als die oftmals beste L\u00f6sung in Betracht ziehen \u2013 selbst bei zahnlosem Kiefer, der keinen zuverl\u00e4ssigen Halt mehr f\u00fcr Prothesen bietet. Was viele zudem nicht wissen: F\u00fcr unsere Zahnimplantate in Essen gibt es nach Abschluss des Knochenwachstums (im [&hellip;]<\/p>\n","protected":false},"author":1,"featured_media":0,"parent":0,"menu_order":200,"comment_status":"closed","ping_status":"closed","template":"","meta":[],"_links":{"self":[{"href":"https:\/\/www.dentalzentrum-essen.de\/de\/wp-json\/wp\/v2\/pages\/672"}],"collection":[{"href":"https:\/\/www.dentalzentrum-essen.de\/de\/wp-json\/wp\/v2\/pages"}],"about":[{"href":"https:\/\/www.dentalzentrum-essen.de\/de\/wp-json\/wp\/v2\/types\/page"}],"author":[{"embeddable":true,"href":"https:\/\/www.dentalzentrum-essen.de\/de\/wp-json\/wp\/v2\/users\/1"}],"replies":[{"embeddable":true,"href":"https:\/\/www.dentalzentrum-essen.de\/de\/wp-json\/wp\/v2\/comments?post=672"}],"version-history":[{"count":32,"href":"https:\/\/www.dentalzentrum-essen.de\/de\/wp-json\/wp\/v2\/pages\/672\/revisions"}],"predecessor-version":[{"id":4387,"href":"https:\/\/www.dentalzentrum-essen.de\/de\/wp-json\/wp\/v2\/pages\/672\/revisions\/4387"}],"wp:attachment":[{"href":"https:\/\/www.dentalzentrum-essen.de\/de\/wp-json\/wp\/v2\/media?parent=672"}],"curies":[{"name":"wp","href":"https:\/\/api.w.org\/{rel}","templated":true}]}}