{"id":68,"date":"2016-04-01T01:00:46","date_gmt":"2016-03-31T23:00:46","guid":{"rendered":"https:\/\/www.zahnklinik-essen.de\/de\/?page_id=68"},"modified":"2025-03-12T21:13:33","modified_gmt":"2025-03-12T20:13:33","slug":"zahnersatz","status":"publish","type":"page","link":"https:\/\/www.dentalzentrum-essen.de\/de\/zahnersatz\/","title":{"rendered":"Zahnersatz"},"content":{"rendered":"<h2>Professionell gearbeiteter und eingesetzter Zahnersatz erf\u00fcllt neben dem prim\u00e4ren Ziel, besser kauen zu k\u00f6nnen, l\u00e4ngst auch h\u00f6chste \u00e4sthetische Anspr\u00fcche. Wichtig sind aber auch eine sichere Diagnostik der Z\u00e4hne im Vorfeld und ein modernes Dentallabor direkt im Haus. Hier punktet das Dentalzentrum Essen mit dreidimensionaler Diagnostik und einem Meister-Dentallabor, das eine schnelle und unkomplizierte Zusammenarbeit auf h\u00f6chstem Niveau sichert und festsitzenden Zahnersatz, wie Kronen oder herausnehmbaren Zahnersatz wie z.B. Vollprothesen hochwertig herstellt.<\/h2>\n<h3>Was Patient*innen heute zu Recht von modernem Zahnersatz erwarten<\/h3>\n<p>Der Zahnersatz soll<\/p>\n<ul>\n<li>nat\u00fcrlich und sch\u00f6n aussehen,<\/li>\n<li>biologisch vertr\u00e4glich sein,<\/li>\n<li>belastbar, stabil und widerstandsf\u00e4hig sein,<\/li>\n<li>sich harmonisch in die Zahnreihen und den Mund einf\u00fcgen,<\/li>\n<li>langfristig daf\u00fcr sorgen, dass man alles kauen kann und<\/li>\n<li>eine gute Mundhygiene gew\u00e4hrleisten.<\/li>\n<\/ul>\n<h3>Ihre Vorteile im Dentalzentrum Essen f\u00fcr sch\u00f6ne, gesunde Z\u00e4hne<\/h3>\n<ul>\n<li>Keramik-Inlays als unsichtbare F\u00fcllungen<\/li>\n<li>Keramische Kronen, Br\u00fccken und Prothesen, individuell angefertigt von Expert*innen<\/li>\n<li>Keramische Verblendschalen (Veneers): Sie korrigieren, wenn im Frontzahnbereich etwas verf\u00e4rbt, verdreht oder abgesplittert ist. Veneers sind hauchd\u00fcnne, lichtdurchl\u00e4ssige Keramikschalen, die den Frontzahnbereich versch\u00f6nern k\u00f6nnen.<\/li>\n<\/ul>\n<p><strong>Zus\u00e4tzliche Infos zum Thema <a href=\"https:\/\/www.dentalzentrum-essen.de\/de\/category\/zahnersatz\/\">Zahnersatz<\/a> finden Sie bei uns im Blog. <b>Bei Fragen zu unserem Zahnersatz in Essen k\u00f6nnen Sie uns jederzeit kontaktieren.<\/b><\/strong><\/p>\n<h3>Dreidimensionale Diagnostik des Kiefergelenks im Dentalzentrum Essen<\/h3>\n<p>Damit der zuk\u00fcnftige Zahnersatz <span style=\"font-weight: 400\">wie z.B. eine Zahnprothese, <\/span>auch wirklich passt, ist die dreidimensionale Diagnostik wichtig. Denn nur so erf\u00e4hrt der behandelnde Zahnarzt oder die behandelnde Zahn\u00e4rztin, wie sich der Kiefer des Patienten oder der Patientin bewegt. Bei der Vermessung, die strahlungsfrei erfolgt, werden optoelektronische Sensoren am Kopf und am Kiefer des\/der Patient*in befestigt. Am Computer werden nun dreidimensionale Aufnahmen der Unterkieferbewegung und der Gelenkfunktion aufgezeichnet. So kann die ideale Kieferposition rekonstruiert werden und sich der \u201erichtige Biss\u201c in die N\u00e4he des Ursprungszustandes zur\u00fcckverlegen lassen. Abgesehen davon, dass somit Informationen f\u00fcr den passgenauen Zahnersatz gewonnen werden, lassen sich auch Erkenntnisse zu einer m\u00f6glichen Problematik aufgrund einer Fehlstellung des Gelenks gewinnen. Diese k\u00f6nnen hilfreich sein, falls Sie als Patient*in h\u00e4ufiger \u00fcber Kopfschmerzen, Verspannungen oder Schmerzen in Nacken und R\u00fccken klagen.<\/p>\n<h3>Deutsches Meisterlabor: hochwertiger Zahnersatz aus Essen<\/h3>\n<p>Hochqualifizierte Zahntechniker*innen, bew\u00e4hrte Technologien und vertr\u00e4gliche Materialien sind die Kernelemente des Dentallabors im Dentalzentrum Essen. Die Mitarbeiter*innen des Labors werden von der Planung bis zur Fertigstellung Ihres Zahnersatzes einbezogen \u2013 und so werden auch Zahnfarbe und Zahnform nicht nur zwischen Zahntechniker*in und Zahnmediziner*in, sondern auch gemeinsam mit Ihnen als Patient*in vor Ort besprochen.<\/p>\n<p>F\u00fcr Ihren Zahnersatz bedeutet das nicht nur eine hervorragende Funktionalit\u00e4t, Vertr\u00e4glichkeit und \u00c4sthetik, sondern auch eine verk\u00fcrzte Behandlungszeit. Denn eine technische Beratung und eventuelle Korrekturen des Zahnersatzes aus Essen erfolgen ohne Umwege.<\/p>\n<h3>Professionelle Zahnmedizin aus Essen<\/h3>\n<p>Profitieren Sie von hochwertigen sowie effektiven zahn\u00e4rztlichen Behandlungsm\u00f6glichkeiten und einer ausf\u00fchrlichen Beratung vorab. Ob eine neue Zahnbr\u00fccke, eine Korrektur einer \u00e4lteren Prothese oder eine Beratung zu den verschiedenen Materialien einer Krone \u2013 wir sind f\u00fcr Sie da!<\/p>\n<h3>FAQ Krone als Zahnersatz<\/h3>\n<ol>\n<li><a href=\"#krone\">Ist eine Krone ein Zahnersatz?<\/a><\/li>\n<li><a href=\"#kosten\">Wie viel kostet eine Krone?<\/a><\/li>\n<li><a href=\"#wie\">Wie kommt die Krone auf den Zahn?<\/a><\/li>\n<li><a href=\"#wielange\">Wie lange h\u00e4lt eine Krone?<\/a><\/li>\n<\/ol>\n<h4 id=\"krone\">Ist eine Krone ein Zahnersatz?<\/h4>\n<p>Eine Krone ist eine <strong>effektive und langanhaltende Option<\/strong>, die eingesetzt wird, wenn der Zahn so weit zerst\u00f6rt ist, dass eine normale F\u00fcllung nicht mehr ausreicht. Es gibt drei verschiedene Arten von Kronen: eine Vollmetallkrone, eine Vollkeramikkrone und eine Metallverblendkrone.<\/p>\n<p>Welche Variante oder welches Material letztendlich verwendet wird, h\u00e4ngt von dem Zustand der Z\u00e4hne und der Zahnl\u00fccke ab.<\/p>\n<h4 id=\"kosten\">Wie viel kostet eine Krone?<\/h4>\n<p>Die Kosten f\u00fcr eine Krone unterscheiden sich je nach Material der ausgew\u00e4hlten Krone, dem Zeitaufwand und den Laborkosten. Der Einsatz einer Krone kostet in den meisten F\u00e4llen <strong>mehrere hundert Euro<\/strong>. In der Regel \u00fcbernimmt die <strong>gesetzliche Krankenkasse nur einen Teil<\/strong> der Kosten. Den Restbetrag muss der Patient bzw. die Patientin selbst zahlen. Mit einer <strong>Zahnzusatzversicherung<\/strong> wird der Eigenanteil des notwendigen Zahnersatzes reduziert oder im besten Fall sogar vollst\u00e4ndig von der Krankenkasse \u00fcbernommen.<\/p>\n<h4 id=\"wie\">Wie kommt die Krone auf den Zahn?<\/h4>\n<p>Mithilfe eines Scans des betroffenen Bereiches wird im Labor eine <strong>passgenaue Krone<\/strong> hergestellt und anschlie\u00dfend auf den Zahn gesetzt. Hierbei wird der herausstehende beziehungsweise <strong>sichtbare Anteil<\/strong> des Zahnes von der Krone <strong>komplett umfasst<\/strong> und gibt diesem die urspr\u00fcngliche Form und ausreichend Stabilit\u00e4t wieder. Eine F\u00fcllung hingegen wird im Zahn verankert und umgibt nicht den kompletten Zahn.<\/p>\n<p>Ein Zahn kann \u00fcberkront werden, wenn die vorhandene Zahnwurzel fest im Kieferknochen verankert ist, das Zahnfleisch sowie die Zahnwurzel gesund sind und dort keine Entz\u00fcndungen bestehen.<\/p>\n<h4 id=\"wielange\">Wie lange h\u00e4lt eine Krone?<\/h4>\n<p>In der Regel rechnet man mit einer Lebensdauer von <strong>ca. zehn bis f\u00fcnfzehn Jahren<\/strong>. Zwei Jahre werden f\u00fcr Patienten und Patientinnen in der gesetzlichen Krankenkasse gew\u00e4hrleistet. Viele <strong>unterschiedliche Faktoren<\/strong> spielen dabei eine tragende Rolle. Es kommt unter anderem auf die Planung, das pr\u00e4zise Einsetzen und die Verarbeitung des Zahnersatzes an. Zudem wird f\u00fcr eine lange Haltbarkeit auch nach der Behandlung eine optimale Mundhygiene vorausgesetzt. Wichtig ist auch die urspr\u00fcngliche Ausgangssituation des Zahnes und ob z.B. schon eine Zahnfleischerkrankung bestand. Auch Z\u00e4hneknirschen oder Fehlbelastungen k\u00f6nnen zu einer verk\u00fcrzten Lebensdauer des Zahnersatzes f\u00fchren.<\/p>\n<p>Sie als Patient bzw. Patientin k\u00f6nnen durch <strong>regelm\u00e4\u00dfige Kontrollen<\/strong> und eine <strong>gute Mundhygiene<\/strong> effektiv mitwirken.<\/p>\n<h3>FAQ Zahnersatz<\/h3>\n<ol>\n<li><a href=\"#arten\">Welche verschiedenen Arten von Zahnersatz gibt es?<\/a><\/li>\n<li><a href=\"#lange\">Wie lange h\u00e4lt Zahnersatz in der Regel?<\/a><\/li>\n<li><a href=\"#zahnfleischbehandlungen\">Sind Zahnersatzbehandlungen schmerzhaft?<\/a><\/li>\n<li><a href=\"#material\">Welche Materialien werden f\u00fcr Zahnersatz verwendet?<\/a><\/li>\n<li><a href=\"#reparieren\">Ist es m\u00f6glich, Zahnersatz zu reparieren oder zu erweitern?<\/a><\/li>\n<li><a href=\"#kosten-zahnersatz\">Wie viel kostet Zahnersatz in der Regel?<\/a><\/li>\n<li><a href=\"#pflege\">Wie pflege ich meinen Zahnersatz richtig?<\/a><\/li>\n<\/li>\n<\/ol>\n<h4 id=\"arten\">Welche verschiedenen Arten von Zahnersatz gibt es?<\/h4>\n<p>Typische Arten von Zahnersatz sind <strong>Kronen<\/strong>, <strong>Br\u00fccken<\/strong>, <strong>Implantate sowie Teil- und Vollprothesen<\/strong>. Kronen bedecken einzelne besch\u00e4digte Z\u00e4hne, Br\u00fccken wiederum schlie\u00dfen L\u00fccken zwischen den Z\u00e4hnen. Implantate werden eingesetzt, um als k\u00fcnstliche Zahnwurzeln zu fungieren, auf denen Kronen oder Br\u00fccken befestigt werden. Teil- und Vollprothesen ersetzen mehrere oder alle Z\u00e4hne.<\/p>\n<h4 id=\"lange\">Wie lange h\u00e4lt Zahnersatz in der Regel?<\/h4>\n<p>Je nach Art des Zahnersatzes kann dieser unterschiedlich lange funktionieren und halten. Grunds\u00e4tzlich h\u00e4lt Zahnersatz, der auf <strong>Implantaten<\/strong> befestigt ist, am l\u00e4ngsten (und meist weit \u00fcber 10 Jahre). <strong>Br\u00fccken und Kronen<\/strong> hingegen halten etwas weniger lang. Vollprothesen sind meist zwischen 5 und 10 Jahren funktionst\u00fcchtig, w\u00e4hrend <strong>Teilprothesen<\/strong> ca. 15 Jahre alt werden k\u00f6nnen.<\/p>\n<h4 id=\"zahnfleischbehandlungen\">Sind Zahnersatzbehandlungen schmerzhaft?<\/h4>\n<p>Dank der modernen Techniken und der M\u00f6glichkeit zur lokalen Bet\u00e4ubung laufen <strong>die meisten Behandlungen schmerzfrei<\/strong> ab. Gelegentlich k\u00f6nnen leichte Beschwerden auftreten, die jedoch meist rasch nachlassen.<\/p>\n<h4 id=\"material\">Welche Materialien werden f\u00fcr Zahnersatz verwendet?<\/h4>\n<p>Auch hier k\u00f6nnen die Materialien f\u00fcr unterschiedliche Zahnersatz-Typen variieren. H\u00e4ufig werden Stoffe, wie <strong>Keramik<\/strong>, <strong>Metalle<\/strong> (z. B. Goldlegierungen) und <strong>Kunststoffe,<\/strong> verwendet. Die Wahl des Materials h\u00e4ngt von \u00e4sthetischen, funktionellen und finanziellen Faktoren sowie der individuellen Situation des Patienten bzw. der Patientin ab.<\/p>\n<h4 id=\"reparieren\">Ist es m\u00f6glich, Zahnersatz zu reparieren oder zu erweitern?<\/h4>\n<p>Ja, h\u00e4ufig ist es m\u00f6glich, Zahnersatz zu reparieren oder zu erweitern, was letztlich jedoch von der <strong>Art des Zahnersatzes<\/strong> und der <strong>Art des Schadens<\/strong> abh\u00e4ngt. Ihr Zahnarzt bzw. Ihre Zahn\u00e4rztin kann Sie zu diesem Thema am besten informieren und Sie aufkl\u00e4ren, inwiefern eine Reparatur oder Erweiterung umgesetzt werden kann.<\/p>\n<h4 id=\"kosten-zahnersatz\">Wie viel kostet Zahnersatz in der Regel?<\/h4>\n<p>Die Kosten f\u00fcr Zahnersatz fallen sehr unterschiedlich aus. Dabei spielen Faktoren, wie die Art des Zahnersatzes, Materialien, Aufwand und \u00f6rtliche Gegebenheiten, eine Rolle. Die Kosten f\u00fcr <strong>Zahnimplantate<\/strong> k\u00f6nnen sich zwischen 1.800 Euro und 3.400 Euro pro Zahn bewegen. Eine <strong>Zahnkrone<\/strong> kann zwischen 400 und 700 Euro kosten. F\u00fcr <strong>Voll- und Teilprothesen<\/strong> sind die Kosten deutlich h\u00f6her: Zwischen 3.000 und 6.000 Euro fallen als Investition an.<\/p>\n<p>In Deutschland \u00fcbernehmen Krankenkassen meist <strong>60 Prozent<\/strong> f\u00fcr eine ausreichende, notwendige und wirtschaftliche Standardtherapie.<\/p>\n<h4 id=\"pflege\">Wie pflege ich meinen Zahnersatz richtig?<\/h4>\n<p>Eine gute Pflege ist wichtig, damit sie auch auf lange Sicht von Ihrem Zahnersatz profitieren. Dabei sollten Sie auf verschiedene Punkte achten: <strong>Regelm\u00e4\u00dfiges B\u00fcrsten<\/strong> mit einer speziellen Zahnb\u00fcrste f\u00fcr Prothesen, <strong>Reinigungstabletten<\/strong> oder spezielle <strong>Reinigungsl\u00f6sungen<\/strong> sowie regelm\u00e4\u00dfige Kontrollen beim Zahnarzt oder bei der Zahn\u00e4rztin sind wichtig, um die Lebensdauer des Zahnersatzes zu maximieren.<\/p>\n<p><script type=\"application\/ld+json\">\n{\n  \"@context\": \"https:\/\/schema.org\",\n  \"@type\": \"Dentist\",\n  \"name\": \"Zahnersatz Essen\",\n  \"url\": \"https:\/\/www.dentalzentrum-essen.de\/de\/zahnersatz\/\",\n  \"description\": \"Individuell angepasster Zahnersatz f\u00fcr h\u00f6chsten Tragekomfort in Essen.\",\n  \"image\": \"https:\/\/www.dentalzentrum-essen.de\/de\/wp-content\/uploads\/sites\/2\/2021\/05\/rs238363_dze_2021_0815_r.jpg\",\n  \"address\": {\n    \"@type\": \"PostalAddress\",\n    \"streetAddress\": \"Herwarthstra\u00dfe 102, Ecke Moltkestra\u00dfe\",\n    \"addressLocality\": \"Essen\",\n    \"postalCode\": \"45138\",\n    \"addressCountry\": \"DE\"\n  },\n  \"telephone\": \"+49-201-280-270\",\n  \"priceRange\": \"$$\",\n  \"parentOrganization\": {\n    \"@type\": \"MedicalOrganization\",\n    \"name\": \"Dentalzentrum Essen\",\n    \"url\": \"https:\/\/www.dentalzentrum-essen.de\"\n  }\n}\n<\/script><\/p>\n\n","protected":false},"excerpt":{"rendered":"<p>Professionell gearbeiteter und eingesetzter Zahnersatz erf\u00fcllt neben dem prim\u00e4ren Ziel, besser kauen zu k\u00f6nnen, l\u00e4ngst auch h\u00f6chste \u00e4sthetische Anspr\u00fcche. Wichtig sind aber auch eine sichere Diagnostik der Z\u00e4hne im Vorfeld und ein modernes Dentallabor direkt im Haus. Hier punktet das Dentalzentrum Essen mit dreidimensionaler Diagnostik und einem Meister-Dentallabor, das eine schnelle und unkomplizierte Zusammenarbeit auf [&hellip;]<\/p>\n","protected":false},"author":1,"featured_media":0,"parent":0,"menu_order":300,"comment_status":"closed","ping_status":"closed","template":"","meta":[],"_links":{"self":[{"href":"https:\/\/www.dentalzentrum-essen.de\/de\/wp-json\/wp\/v2\/pages\/68"}],"collection":[{"href":"https:\/\/www.dentalzentrum-essen.de\/de\/wp-json\/wp\/v2\/pages"}],"about":[{"href":"https:\/\/www.dentalzentrum-essen.de\/de\/wp-json\/wp\/v2\/types\/page"}],"author":[{"embeddable":true,"href":"https:\/\/www.dentalzentrum-essen.de\/de\/wp-json\/wp\/v2\/users\/1"}],"replies":[{"embeddable":true,"href":"https:\/\/www.dentalzentrum-essen.de\/de\/wp-json\/wp\/v2\/comments?post=68"}],"version-history":[{"count":29,"href":"https:\/\/www.dentalzentrum-essen.de\/de\/wp-json\/wp\/v2\/pages\/68\/revisions"}],"predecessor-version":[{"id":4403,"href":"https:\/\/www.dentalzentrum-essen.de\/de\/wp-json\/wp\/v2\/pages\/68\/revisions\/4403"}],"wp:attachment":[{"href":"https:\/\/www.dentalzentrum-essen.de\/de\/wp-json\/wp\/v2\/media?parent=68"}],"curies":[{"name":"wp","href":"https:\/\/api.w.org\/{rel}","templated":true}]}}