{"id":70,"date":"2016-04-01T01:00:02","date_gmt":"2016-03-31T23:00:02","guid":{"rendered":"https:\/\/www.zahnklinik-essen.de\/de\/?page_id=70"},"modified":"2025-03-12T21:16:03","modified_gmt":"2025-03-12T20:16:03","slug":"wurzelbehandlung","status":"publish","type":"page","link":"https:\/\/www.dentalzentrum-essen.de\/de\/wurzelbehandlung\/","title":{"rendered":"Wurzelbehandlung"},"content":{"rendered":"<p>Es gibt sicherlich Sch\u00f6neres als einen Zahnarztbesuch. Jedoch wird dieser sp\u00e4testens dann notwendig, wenn starke Schmerzen das Leben erschweren. Ursache k\u00f6nnen Infektionen in Z\u00e4hnen oder im Kieferknochen sein. Diese werden meist durch <strong>Bakterien, die den Zahnnerv angreifen, hervorgerufen.<\/strong> Auch das Gewebe in unmittelbarer N\u00e4he kann betroffen sein. Eine <strong>professionelle Endodontie in Essen<\/strong> ist jetzt die Behandlung der Wahl. Bei Ihrem <a href=\"https:\/\/www.dentalzentrum-essen.de\/de\/patienten\/\">Zahnarzt in Essen<\/a> werden Sie von einem kompetenten Praxisteam betreut!<\/p>\n<h2>Wurzelbehandlung in Essen durchf\u00fchren lassen<\/h2>\n<p>Aus biologischer Sicht kann der infizierte Zahn zu einer ganzen Reihe von medizinischen Problemen f\u00fchren. Die fortdauernde Infektion bewirkt schlie\u00dflich einen Verlust des Zahnes. Um dies zu vermeiden, ist die <strong>richtige Behandlung wichtig: <\/strong>Die moderne Zahnmedizin bietet hierf\u00fcr die sogenannte Wurzelbehandlung an.<\/p>\n<h3 style=\"text-align: center\"><a href=\"tel:+49201280270\">Kontaktieren Sie uns f\u00fcr eine Beratung!<\/a><\/h3>\n<p>&nbsp;<\/p>\n<h2>Moderne Praxisausstattung und kompetentes Fachpersonal<\/h2>\n<p>Im Dentalzentrum Essen f\u00fchrt unser Spezialistenteam eine professionelle Wurzelbehandlung unter <strong>\u00f6rtlicher Bet\u00e4ubung<\/strong> durch. Unsere <strong>moderne Praxis<\/strong> verf\u00fcgt \u00fcber neueste <strong>technologisch fortschrittliche Ger\u00e4te<\/strong> wie: zwei OP-Mikroskope, endometrische L\u00e4ngenbestimmung, maschinelle Aufbereitung mit allen g\u00e4ngigen Systemen, aktivierte Sp\u00fclprotokolle und viele andere. Wir orientieren uns dabei stets an den Qualit\u00e4tsrichtlinien der Europ\u00e4ischen Gesellschaft f\u00fcr Endodontie,\u00a0 sodass wir den besten Service und die beste Therapie bieten k\u00f6nnen. Damit Sie sich rundum wohlf\u00fchlen, werden Sie von Anfang an in jeden Behandlungsschritt miteinbezogen. Es geschieht nichts ohne Ihr Einverst\u00e4ndnis!<\/p>\n<h2>Endodontie in Essen: Wie l\u00e4uft eine Wurzelbehandlung ab?<\/h2>\n<p>Die Endodontie in Essen wird von unseren versierten und spezialisierten Zahn\u00e4rzten und Zahn\u00e4rztinnen durchgef\u00fchrt. Ziel der Wurzelbehandlung ist, den Wurzelkanal Ihres Zahns <strong>von\u00a0 entz\u00fcndetem und abgestorbenem Gewebe und Infektionen durch Mikroorganismen wie Bakterien\u00a0 zu befreien <\/strong>und danach dicht zu verschlie\u00dfen. Hierzu verschaffen wir uns in schwierigen F\u00e4llen mit 3D R\u00f6ntgen (DVT) und dem Operationsmikroskop zuerst einen \u00dcberblick \u00fcber die <strong>individuelle Situation<\/strong>: Ist der Zahn entz\u00fcndet, werden im ersten Schritt die Karies entfernt, der Zahn unter lokaler steriler Abdeckung (Kofferdam) gr\u00fcndlich gereinigt, dekontaminiert und provisorisch aufgebaut. In der eigentlichen Wurzelbehandlung wird dann das Zahninnere bestm\u00f6glich aufbereitet und desinfiziert. Sobald die Entz\u00fcndung abgeheilt ist, wird an dem Folgetermin der betroffene Wurzelkanal dreidimensional warmplastisch gef\u00fcllt. Abschlie\u00dfend wird der Zugang in den Zahn bakteriendicht und definitiv versiegelt.<\/p>\n<h2>Ist eine Wurzelbehandlung immer erfolgreich?<\/h2>\n<p>Wenn Sie Ihre Wurzelbehandlung im Dentalzentrum Essen durchf\u00fchren lassen, wollen wir maximalen Erfolg garantieren. Je nach Zahnzustand ist das aber nicht immer m\u00f6glich. Aber auch in solch einem Fall k\u00f6nnen wir unter Umst\u00e4nden <strong>zahnerhaltend weiterbehandeln<\/strong>, etwa mit einer mikroskopischen\u00a0 Wurzelspitzenresektion. Bei dieser Wurzelspitzenresektion wird die <strong>Wurzelspitze minimal chirurgisch abgetragen<\/strong>, um Schmerzen und letztes Entz\u00fcndungsgewebe zu beseitigen.<\/p>\n<h2>Nach der Endodontie<\/h2>\n<p>Nach dem Eingriff am Zahn sollten Sie bis zum Nachlassen der Bet\u00e4ubung <strong>auf Nahrung und den Genuss hei\u00dfer Getr\u00e4nke verzichten<\/strong>. Dies ist wichtig, da Sie sonst ein erh\u00f6htes Verletzungsrisiko haben. Dar\u00fcber hinaus sollten Sie sich in den ersten 24 Stunden <strong>k\u00f6rperlich schonen<\/strong>.<br \/>\nWurzelkanalbehandelte Z\u00e4hne sind meist frakturanf\u00e4lliger. Bei starken Belastungen oder nur geringer verbliebener Restzahnsubstanz werden wir die Optionen einer Folgetherapie mit Teilkronen oder Kronen mit Ihnen besprechen.<\/p>\n<h2>Endodontie in Essen: Die Anlaufstelle f\u00fcr Angstpatienten<\/h2>\n<p>Da wir auch auf die <strong>Behandlung von Angstpatienten und Angstpatientinnen<\/strong> spezialisiert sind, sind Sie bei unserem kompetenten Team in besten H\u00e4nden. Der Eingriff findet normalerweise unter lokaler Bet\u00e4ubung statt. Unser Ziel ist eine <strong>schmerzfreie Behandlung<\/strong>. Auch eine Vollnarkose ist m\u00f6glich. Wenn Sie eine Wurzelbehandlung in Essen vornehmen lassen m\u00f6chten, vereinbaren Sie am besten noch heute einen Termin.<\/p>\n<h2>Wurzelbehandlung in Essen: Dauer und Kosten<\/h2>\n<p>Im g\u00fcnstigsten Fall ist die Wurzelbehandlung in <strong>zwei Terminen<\/strong>, die jeweils etwa eine bis zwei Stunden dauern, abgeschlossen. W\u00e4hrend des ersten Termins wird der Zahn gereinigt, am zweiten Termin der Wurzelkanal aufgef\u00fcllt und versiegelt.<\/p>\n<p>Die Kosten der Behandlung richten sich nach dem individuellen Aufwand Ihres Zahnes. Wir erstellen Ihnen daher sehr gerne eine <strong>Kostensch\u00e4tzung<\/strong>. Je nach Versicherungsschutz werden die Behandlungskosten vollst\u00e4ndig \u00fcbernommen. Meist ist ein Zahnerhalt g\u00fcnstiger als eine Rekonstruktion der L\u00fccke, die mit der Zahnentfernung einhergeht.<\/p>\n<h2>Zahnmedizin auf h\u00f6chstem Niveau<\/h2>\n<p>Im Dentalzentrum Essen erhalten Patienten und Patientinnen eine <strong>individuelle Zahnbehandlung<\/strong>. Ganz gleich, ob ein erkrankter Zahn entfernt und ersetzt werden soll, oder ob es sich um die j\u00e4hrlichen Kontrolluntersuchungen handelt: Bei uns sind Sie in besten H\u00e4nden. Unser <strong>Leistungsspektrum<\/strong> umfasst unter anderem:<\/p>\n<ul>\n<li>Prophylaxe<\/li>\n<li>Parodontologie<\/li>\n<li>Implantologie<\/li>\n<li>Oralchirurgie<\/li>\n<li>3D-Diagnostik<\/li>\n<\/ul>\n<p>Au\u00dferdem bieten wir in unserer Praxis <strong>weitere Services<\/strong> wie <strong>Schnarchtherapie <\/strong>und <strong>Sportzahnmedizin <\/strong>an.<\/p>\n<h2>Kontaktieren Sie uns im Dentallabor in Essen<\/h2>\n<p>Egal, welches Zahn-Anliegen Sie haben: Wir finden eine L\u00f6sung und geben Ihnen die Behandlung, die f\u00fcr Ihre individuelle Situation am besten ist. Vereinbaren Sie noch heute einen Termin bei Ihrem Zahnarzt in Essen! Unser <strong>breites Leistungsspektrum<\/strong> deckt auch <strong>zahn\u00e4sthetische Behandlungen<\/strong> wie <a href=\"https:\/\/www.dentalzentrum-essen.de\/de\/zahnaesthetik\/\">Bleaching<\/a> sowie s\u00e4mtliche zahnchirurgische und implantologische Eingriffe ab. Um sich vorab ein genaueres Bild von unseren Leistungen zu machen, finden Sie weiterf\u00fchrende Informationen auf unserer Webseite.<\/p>\n<h3 style=\"text-align: center\"><a href=\"tel:+49201280270\">Kontaktieren Sie uns f\u00fcr einen Termin!<\/a><\/h3>\n<p>&nbsp;<\/p>\n<p><script type=\"application\/ld+json\">\n{\n  \"@context\": \"https:\/\/schema.org\",\n  \"@type\": \"Dentist\",\n  \"name\": \"Wurzelbehandlung Essen\",\n  \"url\": \"https:\/\/www.dentalzentrum-essen.de\/de\/wurzelbehandlung\/\",\n  \"description\": \"Moderne Wurzelkanalbehandlungen f\u00fcr den Zahnerhalt in Essen.\",\n  \"image\": \"https:\/\/www.dentalzentrum-essen.de\/de\/wp-content\/uploads\/sites\/2\/2021\/05\/rs238374_dze_2021_5485_r.jpeg\",\n  \"address\": {\n    \"@type\": \"PostalAddress\",\n    \"streetAddress\": \"Herwarthstra\u00dfe 102, Ecke Moltkestra\u00dfe\",\n    \"addressLocality\": \"Essen\",\n    \"postalCode\": \"45138\",\n    \"addressCountry\": \"DE\"\n  },\n  \"telephone\": \"+49-201-280-270\",\n  \"priceRange\": \"$$\",\n  \"parentOrganization\": {\n    \"@type\": \"MedicalOrganization\",\n    \"name\": \"Dentalzentrum Essen\",\n    \"url\": \"https:\/\/www.dentalzentrum-essen.de\"\n  }\n}\n<\/script><\/p>\n\n","protected":false},"excerpt":{"rendered":"<p>Es gibt sicherlich Sch\u00f6neres als einen Zahnarztbesuch. Jedoch wird dieser sp\u00e4testens dann notwendig, wenn starke Schmerzen das Leben erschweren. Ursache k\u00f6nnen Infektionen in Z\u00e4hnen oder im Kieferknochen sein. Diese werden meist durch Bakterien, die den Zahnnerv angreifen, hervorgerufen. Auch das Gewebe in unmittelbarer N\u00e4he kann betroffen sein. Eine professionelle Endodontie in Essen ist jetzt die [&hellip;]<\/p>\n","protected":false},"author":1,"featured_media":0,"parent":0,"menu_order":400,"comment_status":"closed","ping_status":"closed","template":"","meta":[],"_links":{"self":[{"href":"https:\/\/www.dentalzentrum-essen.de\/de\/wp-json\/wp\/v2\/pages\/70"}],"collection":[{"href":"https:\/\/www.dentalzentrum-essen.de\/de\/wp-json\/wp\/v2\/pages"}],"about":[{"href":"https:\/\/www.dentalzentrum-essen.de\/de\/wp-json\/wp\/v2\/types\/page"}],"author":[{"embeddable":true,"href":"https:\/\/www.dentalzentrum-essen.de\/de\/wp-json\/wp\/v2\/users\/1"}],"replies":[{"embeddable":true,"href":"https:\/\/www.dentalzentrum-essen.de\/de\/wp-json\/wp\/v2\/comments?post=70"}],"version-history":[{"count":16,"href":"https:\/\/www.dentalzentrum-essen.de\/de\/wp-json\/wp\/v2\/pages\/70\/revisions"}],"predecessor-version":[{"id":4407,"href":"https:\/\/www.dentalzentrum-essen.de\/de\/wp-json\/wp\/v2\/pages\/70\/revisions\/4407"}],"wp:attachment":[{"href":"https:\/\/www.dentalzentrum-essen.de\/de\/wp-json\/wp\/v2\/media?parent=70"}],"curies":[{"name":"wp","href":"https:\/\/api.w.org\/{rel}","templated":true}]}}