{"id":72,"date":"2016-04-01T01:00:17","date_gmt":"2016-03-31T23:00:17","guid":{"rendered":"https:\/\/www.zahnklinik-essen.de\/de\/?page_id=72"},"modified":"2025-03-12T21:03:45","modified_gmt":"2025-03-12T20:03:45","slug":"oralchirurgie","status":"publish","type":"page","link":"https:\/\/www.dentalzentrum-essen.de\/de\/oralchirurgie\/","title":{"rendered":"Oral- \/ Kieferchirurgie"},"content":{"rendered":"<p>Das Dentalzentrum Essen bietet Ihnen bestens ausgebildetes Fachpersonal aus den unterschiedlichsten Bereichen der Zahnheilkunde unter einem Dach. Dazu z\u00e4hlen insbesondere unsere Fach\u00e4rzte und -\u00e4rztinnen mit Spezialisierung f\u00fcr die <strong>Oralchirurgie und Kieferchirurgie in Essen<\/strong>. Sie sind in vielen unterschiedlichen Bereichen rund um die Kiefer- und Mundheilkunde t\u00e4tig. Zu ihren Aufgabengebieten geh\u00f6ren unter anderem Wurzelbehandlungen, Kiefernh\u00f6hlenoperationen inklusive Knochenaufbau oder Speicheldr\u00fcsenbehandlungen.<\/p>\n<h2>Oralchirurgie und Kieferchirurgie in Essen: Ihre Fachkr\u00e4fte f\u00fcr Weisheitszahnentfernungen<\/h2>\n<p>Die Weisheitsz\u00e4hne, auch achte Z\u00e4hne oder dritte Backenz\u00e4hne genannt, sind l\u00e4ngst nicht mehr in jedem Kiefer angelegt. Doch dort, wo sie zu finden sind, verursachen sie oft erhebliche Probleme. Manche sind ganz oder teilweise von Knochen eingeschlossen, andere weisen ein horizontales Wachstum auf und bedrohen so die Zahnwurzeln der benachbarten Z\u00e4hne. In all diesen F\u00e4llen ist eine Weisheitszahnentfernung in unserer Praxis unumg\u00e4nglich.<\/p>\n<p>Das oralchirurgische Fachgebiet erstreckt sich auf die Chirurgie der Z\u00e4hne, des Mundes, der Kiefer sowie des benachbarten Gewebes. Die Oralchirurgie weist ein enorm breites Behandlungsspektrum auf, das von der Entfernung der Weisheitsz\u00e4hne \u00fcber die Wurzelspitzenresektion bis hin zu <strong>Kiefernh\u00f6hlenoperationen<\/strong> und <strong>Speicheldr\u00fcsenbehandlungen<\/strong> f\u00fchrt. Dabei ist die Oralchirurgie hochspezialisiert. Um als Oralchirurg*in arbeiten zu k\u00f6nnen, bedarf es deshalb auch einer vierj\u00e4hrigen Weiterbildung auf dem Gebiet der zahn\u00e4rztlichen Chirurgie.<\/p>\n<p>Die Oralchirurg*innen im Dentalzentrum Essen bilden sich auch im Anschluss daran st\u00e4ndig fort, um unsere Patient*innen stets nach neusten medizinischen Erkenntnissen und Behandlungsmethoden sicher zu behandeln. Informieren Sie sich hier \u00fcber verschiedenste Felder, Diagnosen und Behandlungsmethoden, die wir Ihnen im Folgenden vorstellen.<\/p>\n<h3>Weisheitsz\u00e4hne<\/h3>\n<p>Bei sehr vielen Menschen gibt es einfach nicht genug Raum im Kiefer f\u00fcr ein gesundes Wachstum der sogenannten Weisheitsz\u00e4hne. Oft genug werden diese sp\u00e4ten vier Z\u00e4hne auch teilweise oder ganz vom Knochen eingeschlossen. Zudem ist auch die Richtung des Zahnwachstums der Weisheitsz\u00e4hne oft unbefriedigend: Sie sind manchmal horizontal oder vertikal verlagert, also geneigt. So wachsen sie unweigerlich in die falsche Richtung und bereiten dann zunehmend Probleme. Deshalb ist eine fr\u00fchzeitige Diagnostik wichtig, denn mit der Zeit steigt das Risiko von Komplikationen. So ist es nicht verwunderlich, dass Weisheitsz\u00e4hne h\u00e4ufig schon im Alter zwischen 14 und 23 Jahren gezogen (\u201eextrahiert\u201c) werden.<\/p>\n<p>Sp\u00e4testens aber, wenn Weisheitsz\u00e4hne \u00c4rger oder Schmerzen bereiten, gilt es, sie zu extrahieren, also zu entfernen. Ist ein Zahn bereits in die Mundh\u00f6hle durchgebrochen, kann er konventionell gezogen werden (Extraktion). In anderen F\u00e4llen, wenn die Weisheitsz\u00e4hne noch vollst\u00e4ndig oder teilweise im Kieferknochen stecken bleiben, ist ein kleiner operativer Eingriff n\u00f6tig.<\/p>\n<p>Aber Sie brauchen keine Angst zu haben, denn das Dentalzentrum Essen ist nicht nur auf Seiten moderner oralchirurgischer <strong>Diagnose- und Operationsverfahren<\/strong> bestens aufgestellt. Sie bietet Ihnen auch die M\u00f6glichkeit, einen notwendigen Eingriff nicht nur mit \u00f6rtlicher Bet\u00e4ubung, sondern auch unter Sedierung oder sogar Vollnarkose durchf\u00fchren zu lassen. Wenn Sie also m\u00f6chten, sp\u00fcren Sie rein gar nichts. Die Expert*innen im Dentalzentrum Essen beraten Sie gern zu diesem Thema.<\/p>\n<h3>Zahnverlagerung und Zahnretention<\/h3>\n<p>Bei manchen Patient*innen haben sich Z\u00e4hne im Kiefer so verlagert, dass sie nicht in die vorgesehene Position hineinwachsen, sondern sich eine andere und leider falsche Richtung suchen. Problematisch werden verlagerte Z\u00e4hne zudem, wenn sie dem normalen Wachstum andere Z\u00e4hne im Weg stehen, Entz\u00fcndungen hervorrufen oder eine Geschwulst bilden.<\/p>\n<p>Bei einer <strong>Zahnretention<\/strong> hingegen handelt es sich beim \u00dcbergang von den Milchz\u00e4hnen zu den bleibenden Z\u00e4hnen um das Ph\u00e4nomen eines Zahnes, der nicht oder zumindest nicht zeitgerecht durchbrechen will und vielleicht noch dazu in eine falsche Richtung wandert.<\/p>\n<p>Und neben Patient*innen, die in ihrer Anlage einen Zahn zu wenig haben, gibt es auch diejenigen, die einen zu viel haben.<\/p>\n<p>Die Ursache f\u00fcr all diese Ph\u00e4nomene sind Entwicklungsst\u00f6rungen. F\u00fcr den Oralchirurgen jedoch ist zum Beispiel die operative Entfernung solcher Z\u00e4hne unproblematisch. Patient*innen k\u00f6nnen, je nach <strong>Komplikationsgrad<\/strong>, mittels \u00f6rtlicher Bet\u00e4ubung oder auch Vollnarkose versorgt werden.<\/p>\n<h3>Parodontalbehandlung<\/h3>\n<p>Die bakteriell bedingte Entz\u00fcndung bei einer Parodontose und die erfolgreiche Behandlung geh\u00f6ren mit in das Fachgebiet des Oralchirurgen. Wir haben die Ursache, die Behandlungsmethodik und unser F\u00fcnf-Stufen-Programm <a href=\"https:\/\/www.dentalzentrum-essen.de\/de\/patienten\/parodontologie\/\">hier<\/a> eingehend f\u00fcr Sie beschrieben.<\/p>\n<h3>Wurzelspitzenresektion<\/h3>\n<p>Sehr ausf\u00fchrlich haben wir f\u00fcr Sie Informationen zum operativen Verfahren der Wurzelspitzenresektion im Bereich <a href=\"https:\/\/www.dentalzentrum-essen.de\/de\/patienten\/wurzelbehandlung\/\">Endodontie<\/a> aufbereitet.<\/p>\n<h3>Zahnfleischkorrekturen<\/h3>\n<p>Die Empfindlichkeit bei hei\u00df oder kalt kennen viele Patient*innen. Nicht selten liegt das auch an zur\u00fcckgegangenem Zahnfleisch und entsprechend langen Zahnh\u00e4lsen. Auch Ber\u00fchrungen k\u00f6nnen dann schon Schmerzen verursachen. Ganz abgesehen davon entsprechen lange Zahnh\u00e4lse auch nicht unserem \u00e4sthetischen Empfinden. Hier kann ein <strong>mikrochirurgischer Eingriff<\/strong> unter \u00f6rtlicher Bet\u00e4ubung helfen, die Ursachen zu beseitigen.<\/p>\n<h3>Mundschleimhaut- und Kieferentz\u00fcndungen<\/h3>\n<p>Starke Schmerzen, manchmal auch Fieber und Schwellungen im Gesicht, so \u00e4u\u00dfern sich akute Entz\u00fcndungen allzu oft. Verantwortlich sind in der Regel Mundbakterien, die verschiedene Teile Ihres Mundraums befallen k\u00f6nnen.<\/p>\n<p>Wenn Patient*innen an entz\u00fcndlichen Erkrankungen ihrer Mundschleimh\u00e4ute oder der Kieferknochen leiden, leitet der Oralchirurg die Diagnostik ein, f\u00fcr die gegebenenfalls eine Gewebeprobe notwendig sein kann, um zu einem sicheren Befund zu gelangen. Je nachdem, wie dieser ausf\u00e4llt, kommen als therapeutische Ma\u00dfnahmen sowohl die Gabe von Medikamenten als auch chirurgische Eingriffe infrage. Manche Entz\u00fcndungen m\u00fcssen auch schnell oralchirurgisch er\u00f6ffnet werden, dann ist gegebenenfalls auch die Gabe von Antibiotika angezeigt.<\/p>\n<p>Wie so oft gilt auch bei Entz\u00fcndungen: Je fr\u00fcher diese diagnostiziert sind, umso schneller kann der Behandlungserfolg eintreten. Z\u00f6gern Sie also nicht, uns anzusprechen, wenn Sie selbst Ver\u00e4nderungen bemerken.<\/p>\n<p><span style=\"font-weight: 400\">Bei Fragen wenden Sie sich vertrauensvoll an Ihren <\/span><a href=\"https:\/\/www.dentalzentrum-essen.de\/de\/patienten\/\"><span style=\"font-weight: 400\">Zahnarzt in Essen<\/span><\/a><span style=\"font-weight: 400\">!<\/span><\/p>\n<h3>Kiefergelenkerkrankung<\/h3>\n<p>Wenn es beim Kauen h\u00e4ufiger im Kiefergelenk knackt und Sie \u00fcber Schmerzen im Gesicht oder an den Ohren klagen, liegt eventuell eine Kiefergelenkerkrankung vor. Auch hierbei gilt: Je fr\u00fchzeitiger Sie uns bei diesen Anzeichen aufsuchen, desto besser sind die Heilungschancen. Die gute Nachricht: <strong>Chirurgische Eingriffe<\/strong> sind eher selten n\u00f6tig. Vielmehr sorgen Aufbissschiene, Entspannungs\u00fcbungen und Massagen f\u00fcr wiederkehrendes Wohlbefinden. Allerdings muss der Ursache nat\u00fcrlich auf den Grund gegangen werden: Haben Sie eine Fehlstellung der Z\u00e4hne, liegt ein sogenannter falscher Biss vor oder sorgen vielleicht fehlende Z\u00e4hne f\u00fcr Ihr Ungemach? Unsere Spezialisten f\u00fcr <em>Oralchirurgie und Kieferchirurgie in Essen<\/em> beraten Sie gern.<\/p>\n<h3>Orthop\u00e4dische Chirurgie bei Fehlstellung des Kiefers<\/h3>\n<p>Gerade im Bereich der Kiefer- und Zahnfehlstellungen hat sich in den vergangenen Jahren sehr viel getan. Heute muss niemand mehr unter vorstehenden Z\u00e4hnen leiden, das gilt f\u00fcr Kinder ebenso wie f\u00fcr Erwachsene. Wenn Sie unter Fehlstellungen leiden, wenden Sie sich an uns. Wir helfen Ihnen mit aller Fachkompetenz und den modernsten Methoden, schnell und dauerhaft.<\/p>\n<h3>Lasertherapie<\/h3>\n<p>Die Lasertherapie er\u00f6ffnet heute vielf\u00e4ltige M\u00f6glichkeiten der Behandlung des Gewebes, so zum Beispiel bei der Entfernung von (kleineren) Aphthen oder (gr\u00f6\u00dferen) Geschw\u00fclsten: Sehr h\u00e4ufig wird sie auch bei der Behandlung der gef\u00e4hrlichen Parodontose eingesetzt. F\u00fcr Patient*innen ist diese Methode gegen\u00fcber anderen Verfahren weitaus angenehmer und wird im Dentalzentrum Essen ganz selbstverst\u00e4ndlich eingesetzt.<\/p>\n<h3>Speicheldr\u00fcsenbehandlung<\/h3>\n<p>Hat sich die Speicheldr\u00fcse entz\u00fcndet oder ist ihr Dr\u00fcsenausf\u00fchrungsgang verstopft, entstehen besonders w\u00e4hrend des Essens unangenehme Schwellungen und gegebenenfalls Schmerzen. Eine Entz\u00fcndung kann medikament\u00f6s behandelt werden, die Verstopfung jedoch wird in der Regel unter \u00f6rtlicher Bet\u00e4ubung chirurgisch behandelt.<\/p>\n<h3>Behandlung von Risikopatient*innen<\/h3>\n<p>Nicht wenige unserer Patient*innen z\u00e4hlen zu den sogenannten Risikopatient*innen, was sich etwas schlimmer anh\u00f6rt, als es eigentlich ist. Wichtig ist vor allem, dass wir Kenntnis dar\u00fcber haben, wenn ein*e Patient*in zum Beispiel regelm\u00e4\u00dfig bestimmte Medikamente einnehmen muss, unter Blutgerinnungsst\u00f6rungen oder gar einer schweren Herzerkrankung leidet. Dann n\u00e4mlich k\u00f6nnen wir mit unserer Fachkenntnis m\u00f6gliche Wechselwirkungen mit anderen Medikamenten ber\u00fccksichtigen, das richtige <strong>Lokalan\u00e4sthetikum<\/strong> bestimmen, die chirurgischen Techniken den individuellen Bed\u00fcrfnissen anpassen und mit speziellen Nachbehandlungsmethoden Blutungsrisiken vermeiden.<\/p>\n<p>Im Dentalzentrum Essen kommt mit der direkten Anbindung an das Elisabeth-Krankenhaus ein weiterer wichtiger Baustein bei der Behandlung von Risikopatient*innen hinzu. Denn durch den direkten Zugriff auf dessen erfahrenes An\u00e4sthesieteam wie auch die Kooperation mit dem dortigen Herzzentrum ist stets allergr\u00f6\u00dfte Sicherheit gew\u00e4hrleistet.<\/p>\n<h2>Ihre Spezialisten f\u00fcr Oralchirurgie und Kieferchirurgie in Essen<\/h2>\n<p>Mit dem Dentalzentrum Essen steht Ihnen ein au\u00dfergew\u00f6hnliches Fachzentrum f\u00fcr Implantologie und Parodontologie in der Region zur Verf\u00fcgung. Getreu unseres Anspruchs <strong>\u201eAlles unter einem Dach\u201c<\/strong> arbeiten hier f\u00fchrende Spezialisten und Spezialistinnen aus verschiedenen Bereichen der Mund-, Kiefer- und Gesichtschirurgie f\u00fcr Ihre Zahngesundheit Hand in Hand zusammen. Z\u00f6gern Sie nicht, machen Sie noch heute einen Termin bei Ihrer <strong>Oralchirurgie und Kieferchirurgie in Essen<\/strong>!<\/p>\n<h3 style=\"text-align: center\"><a href=\"tel:+49201280270\">Kontaktieren Sie uns f\u00fcr einen Termin!<\/a><\/h3>\n<p>&nbsp;<\/p>\n<h2>FAQ Kieferchirurgie \/ Oralchirurgie<\/h2>\n<ol>\n<li><a href=\"#nachblutungen\">Was muss man bei Nachblutungen nach einer OP beachten?<\/a><\/li>\n<li><a href=\"#schmerzen\">Wie stark sind die Schmerzen eines kieferchirurgischen Eingriffs?<\/a><\/li>\n<li><a href=\"#schwellungen\">Was hilft bei Schwellungen nach der OP?<\/a><\/li>\n<li><a href=\"#putzen\">Kann man nach der OP Z&auml;hne putzen?<\/a><\/li>\n<\/ol>\n<h3 id=\"nachblutungen\">Was muss man bei Nachblutungen nach einer OP beachten?<\/h3>\n<p>Nach einem operativen Eingriff kann es vorkommen, dass in der Mundh&ouml;hle leichte Nachblutungen auftreten. Das ist ganz normal und zun&auml;chst kein Grund zur Sorge. Sie k&ouml;nnen die Blutung stoppen, indem Sie<strong> die Stelle k&uuml;hlen und Ruhe halten<\/strong>. Vermeiden Sie es, die Wunde mit den Fingern zu ber&uuml;hren. Nutzen Sie lieber einen trockenen Tupfer aus Verbandmull oder ein Taschentuch, um dieses auf die Blutung zu legen. So sollte sie innerhalb von ein paar Stunden gestillt sein.&nbsp;<\/p>\n<p>Um das Risiko einer solchen Blutung zu minimieren, sollten Sie die Tage nach dem chirurgischen Eingriff <strong>auf sportliche Bet&auml;tigung<\/strong> sowie k&ouml;rperliche Belastung im Allgemeinen <strong>verzichten<\/strong>.&nbsp;<\/p>\n<h3 id=\"schmerzen\">Wie stark sind die Schmerzen eines kieferchirurgischen Eingriffs?<\/h3>\n<p>Ein kieferchirurgischer Eingriff erfolgt in der Regel unter Einfluss einer<strong> lokalen Bet&auml;ubung<\/strong>. Sobald diese abklingt, kann es sein, dass <strong>leichte Schmerzen<\/strong> auftreten. Um die Verletzungsgefahr und die Schmerzen zu verringern, sollten Sie die ersten Stunden nach dem Eingriff nichts essen und keine hei&szlig;en Getr&auml;nke zu sich nehmen. Auch auf Alkohol und koffeinhaltige Getr&auml;nke sollten Sie verzichten.<\/p>\n<p>Je nach Art des Eingriffs k&ouml;nnen hinterher leichte Schwellungen und Wundschmerzen auftreten und &uuml;ber <strong>drei bis vier Tage<\/strong> andauern. Bei anhaltend starken Schmerzen sollten Sie Kontakt zu unserer Kieferchirurgie in Essen aufnehmen.&nbsp;<\/p>\n<h3 id=\"schwellungen\">Was hilft bei Schwellungen nach der OP?<\/h3>\n<p>Schwellungen sind nach einem kieferchirurgischen Eingriff im Mundbereich ganz normal und kein Grund zur Beunruhigung. Diese k&ouml;nnen etwa zwei bis vier Tage andauern, weshalb Sie in dieser Zeit Ruhe halten und die <strong>betroffene Stelle regelm&auml;&szlig;ig k&uuml;hlen<\/strong> sollten. Dazu eignen sich feuchte, kalte Umschl&auml;ge oder Eisbeutel, die Sie mit einem Handtuch umwickeln. Erfahrungsgem&auml;&szlig; eignet sich f&uuml;r das K&uuml;hlen ein Intervall von einer halben Stunde. Anschlie&szlig;end sollten Sie der Schwellung eine halbe Stunde Pause g&ouml;nnen, um Erfrierungen zu vermeiden. Am besten nehmen Sie die K&uuml;hlung in aufrechter Sitzposition vor.&nbsp;<\/p>\n<h3 id=\"putzen\">Kann man nach der OP Z&auml;hne putzen?<\/h3>\n<p>Direkt nach der OP sollten Sie den <strong>Bereich des Eingriffs schonen<\/strong> und nicht direkt mit der Zahnb&uuml;rste auf die betroffene Stelle einwirken. Eine Ausnahme besteht, wenn Ihre &Auml;rztin oder Ihr Arzt die Zahnpflege explizit verordnet und Sie zur richtigen Putztechnik nach einer Operation aufgekl&auml;rt hat.&nbsp;<\/p>\n<p>Grunds&auml;tzlich d&uuml;rfen Sie auch am Tag des Eingriffs Ihre Z&auml;hne putzen, sollten aber den <strong>betroffenen Zahn <\/strong>und seine unmittelbare Umgebung <strong>aussparen<\/strong>. Au&szlig;erdem sollten Sie in den ersten 24 Stunden auf aggressive Mundsp&uuml;lungen sowie Gurgeln verzichten, um das Risiko einer Nachblutung zu reduzieren. Sp&uuml;len Sie Ihren Mund lieber mit lauwarmem Wasser aus, um die Z&auml;hne zu sch&uuml;tzen und eine gute Mundhygiene zu gew&auml;hrleisten.&nbsp;<\/p>\n<p><script type=\"application\/ld+json\">\n{\n  \"@context\": \"https:\/\/schema.org\",\n  \"@type\": \"Dentist\",\n  \"name\": \"Oral- & Kieferchirurgie Essen\",\n  \"url\": \"https:\/\/www.dentalzentrum-essen.de\/de\/oralchirurgie\/\",\n  \"description\": \"Spezialisierte Eingriffe im Bereich der Oral- und Kieferchirurgie in Essen.\",\n  \"image\": \"https:\/\/www.dentalzentrum-essen.de\/de\/wp-content\/uploads\/sites\/2\/2021\/05\/rs238369_dze_2021_7827_r.jpeg\",\n  \"address\": {\n    \"@type\": \"PostalAddress\",\n    \"streetAddress\": \"Herwarthstra\u00dfe 102, Ecke Moltkestra\u00dfe\",\n    \"addressLocality\": \"Essen\",\n    \"postalCode\": \"45138\",\n    \"addressCountry\": \"DE\"\n  },\n  \"telephone\": \"+49-201-280-270\",\n  \"priceRange\": \"$$\",\n  \"parentOrganization\": {\n    \"@type\": \"MedicalOrganization\",\n    \"name\": \"Dentalzentrum Essen\",\n    \"url\": \"https:\/\/www.dentalzentrum-essen.de\"\n  }\n}\n<\/script><\/p>\n\n","protected":false},"excerpt":{"rendered":"<p>Das Dentalzentrum Essen bietet Ihnen bestens ausgebildetes Fachpersonal aus den unterschiedlichsten Bereichen der Zahnheilkunde unter einem Dach. Dazu z\u00e4hlen insbesondere unsere Fach\u00e4rzte und -\u00e4rztinnen mit Spezialisierung f\u00fcr die Oralchirurgie und Kieferchirurgie in Essen. Sie sind in vielen unterschiedlichen Bereichen rund um die Kiefer- und Mundheilkunde t\u00e4tig. Zu ihren Aufgabengebieten geh\u00f6ren unter anderem Wurzelbehandlungen, Kiefernh\u00f6hlenoperationen inklusive [&hellip;]<\/p>\n","protected":false},"author":1,"featured_media":0,"parent":0,"menu_order":700,"comment_status":"closed","ping_status":"closed","template":"","meta":[],"_links":{"self":[{"href":"https:\/\/www.dentalzentrum-essen.de\/de\/wp-json\/wp\/v2\/pages\/72"}],"collection":[{"href":"https:\/\/www.dentalzentrum-essen.de\/de\/wp-json\/wp\/v2\/pages"}],"about":[{"href":"https:\/\/www.dentalzentrum-essen.de\/de\/wp-json\/wp\/v2\/types\/page"}],"author":[{"embeddable":true,"href":"https:\/\/www.dentalzentrum-essen.de\/de\/wp-json\/wp\/v2\/users\/1"}],"replies":[{"embeddable":true,"href":"https:\/\/www.dentalzentrum-essen.de\/de\/wp-json\/wp\/v2\/comments?post=72"}],"version-history":[{"count":10,"href":"https:\/\/www.dentalzentrum-essen.de\/de\/wp-json\/wp\/v2\/pages\/72\/revisions"}],"predecessor-version":[{"id":4391,"href":"https:\/\/www.dentalzentrum-essen.de\/de\/wp-json\/wp\/v2\/pages\/72\/revisions\/4391"}],"wp:attachment":[{"href":"https:\/\/www.dentalzentrum-essen.de\/de\/wp-json\/wp\/v2\/media?parent=72"}],"curies":[{"name":"wp","href":"https:\/\/api.w.org\/{rel}","templated":true}]}}