{"id":74,"date":"2016-04-01T01:00:34","date_gmt":"2016-03-31T23:00:34","guid":{"rendered":"https:\/\/www.zahnklinik-essen.de\/de\/?page_id=74"},"modified":"2025-03-12T21:19:56","modified_gmt":"2025-03-12T20:19:56","slug":"zahnaesthetik","status":"publish","type":"page","link":"https:\/\/www.dentalzentrum-essen.de\/de\/zahnaesthetik\/","title":{"rendered":"Zahn\u00e4sthetik \/ Bleaching"},"content":{"rendered":"<h2>Die \u00e4sthetischen Anspr\u00fcche an das Erscheinungsbild eines Menschen in unserer Gesellschaft sind gewachsen. Sch\u00f6ne, wei\u00dfe Z\u00e4hne sind dabei ein Zeichen f\u00fcr Gesundheit, Wohlbefinden und ein jugendliches Aussehen \u2013 und sorgen zudem auch f\u00fcr ein gesundes Selbstbewusstsein.<\/h2>\n<p>Verf\u00e4rbte Z\u00e4hne, Amalgamf\u00fcllungen und ung\u00fcnstige Zahnstellungen stehen dem im Weg. Aber daf\u00fcr gibt es schlie\u00dflich L\u00f6sungen: Wir zeigen Sie Ihnen auf und beraten bei jeder Behandlungsmethode ganz individuell.<\/p>\n<h3>Unterschiedliche Behandlungsmethoden in der Zahn\u00e4sthetik erg\u00e4nzen sich gegenseitig<\/h3>\n<p>Im Dentalzentrum Essen sorgen wir mit drei unterschiedlichen, aber miteinander kombinierbaren Behandlungsmethoden f\u00fcr Ihr gepflegtes Erscheinungsbild:<\/p>\n<ul>\n<li>Zahn\u00e4sthetik f\u00fcr Z\u00e4hne und Zahnfleisch<\/li>\n<li>Bleaching<\/li>\n<li>Professionelle Zahnreinigung<\/li>\n<\/ul>\n<h3>Zahn\u00e4sthetik ist Teamarbeit<\/h3>\n<p>Die Zahn\u00e4sthetik als Teil der Zahnheilkunde und unser Team im Dentalzentrum Essen kennen eine Vielzahl an Behandlungsm\u00f6glichkeiten, die f\u00fcr sch\u00f6ne, wei\u00dfe und gepflegte Z\u00e4hne eingesetzt werden k\u00f6nnen.<\/p>\n<p>Dabei ist die \u00e4sthetische Zahnmedizin in mehrfacher Hinsicht Teamarbeit:<\/p>\n<ul>\n<li>Nicht nur die Zahnmediziner*innen, sondern auch die Zahntechniker*innen arbeitet gemeinsam mit dem Patienten oder der Patientin an einer Verbesserung der Zahn\u00e4sthetik. Da ist es gut zu wissen, dass das Dentalzentrum Essen mit ausgew\u00e4hlten Meisterlaboren arbeitet. Kurze Wege, exakte Kommunikation und ein gemeinsamer Erfahrungsschatz sichern dabei den Behandlungserfolg.<\/li>\n<li>Auf dem Weg zu einem gepflegten Erscheinungsbild des Mundraums kommt es nicht nur auf die Z\u00e4hne an. Auch die Eigenschaften des Zahnfleischs spielen eine wichtige Rolle. Z\u00e4hne und Zahnfleisch sollen nach der Behandlung mit perfekter Harmonie gl\u00e4nzen. So unterscheiden wir in der Zahnheilkunde auch zwischen dentaler (Zahn) und gingivaler (Zahnfleisch) \u00c4sthetik. Beides muss gut zusammenspielen, denn bei erkranktem Zahnfleisch hilft auch der beste Zahnersatz nur sehr begrenzt weiter. Das gilt in besonderem Ma\u00dfe auch f\u00fcr die obere Frontpartie unserer Z\u00e4hne, die f\u00fcr ein gepflegtes Erscheinungsbild mit entscheidend ist.<\/li>\n<\/ul>\n<h3>Vollkeramikkronen und Veneers sind visuelle Highlights<\/h3>\n<p>Wer sich um sein \u00c4u\u00dferes sorgt und auch in gesundheitlicher Hinsicht keine unangenehmen Folgen erwarten will, der m\u00f6chte sicher kein Amalgam in seinen Z\u00e4hnen tragen. Gl\u00fccklicherweise gibt es l\u00e4ngst Alternativen, die sowohl in medizinischer als auch in \u00e4sthetischer Hinsicht Ma\u00dfst\u00e4be setzen. So erm\u00f6glichen Vollkeramikkronen den perfekten Behandlungserfolg durch anpassbare Farben und sorgen so federf\u00fchrend f\u00fcr die gew\u00fcnschte \u00c4sthetik. Zudem ist ihr Einsatz unbedenklich, da der Substanzverlust der Z\u00e4hne beim Einsatz wirklich minimal gehalten werden kann und sich Keramik neben der extrem guten Vertr\u00e4glichkeit auch einer sehr langen Haltbarkeit r\u00fchmen darf. Das gilt auch f\u00fcr die Keramikschalen (sogenannte Veneers), die gerne eingesetzt werden. Die Spezialisten im Dentalzentrum Essen verbinden die Keramikschalen fest mit dem Zahn und k\u00f6nnen so die gew\u00fcnschten Farb- und Stellungskorrekturen an den Z\u00e4hnen vornehmen.<\/p>\n<p>Auch kleine \u201ekosmetische\u201c Ver\u00e4nderungen sind m\u00f6glich. Haben Sie Z\u00e4hne, die Ihnen als zu lang erscheinen, zum Beispiel, weil das Zahnfleisch etwas zur\u00fcckgegangen ist? Hier bieten wir die M\u00f6glichkeit einer optischen Verk\u00fcrzung Ihres Zahns, um ein homogenes und sch\u00f6nes Gesamtbild Ihrer Z\u00e4hne zu erreichen.<\/p>\n<h3>Mit einem Bleaching im Dentalzentrum Essen kommen Sie schnell zu einem gepflegten \u00c4u\u00dferen<\/h3>\n<p>Mit wirklich wei\u00dfen Z\u00e4hnen zeigen Sie nicht nur, dass Sie Wert auf Ihr \u00c4u\u00dferes legen, obwohl allein das schon oft ausreicht, um in vielen beruflichen wie privaten Situationen schneller und nachhaltiger zum Erfolg zu kommen. Sie betonen ebenso Ihre gute gesundheitliche Verfassung und Vitalit\u00e4t. So steigern Sie Ihr positives Lebensgef\u00fchl und f\u00f6rdern damit auch Ihr eigenes Selbstbewusstsein.<\/p>\n<p>Im Laufe der Jahre ver\u00e4ndert sich die Farbe unserer Z\u00e4hne. Lebensmittel wie Kaffee, Tee oder Rotwein k\u00f6nnen Ihre Z\u00e4hne nachdunkeln lassen. Aber auch Tabak und sogar Medikamente haben Einfluss auf die Zahnfarbe. Aber mit einem Bleaching k\u00f6nnen Sie erfolgreich etwas dagegen tun.<\/p>\n<h3>Wie funktioniert \u201eBleaching\u201c?<\/h3>\n<p>Der Begriff Bleaching kommt aus dem Englischen und bedeutet \u201eBleichen\u201c: Der Vorgang selbst dauert nur rund 90 Minuten und ist in drei Schritte unterteilt:<\/p>\n<ol class=\"custom-counter\">\n<li>Zun\u00e4chst wird bei Ihnen eine gr\u00fcndliche Zahnreinigung durchgef\u00fchrt, mit der der Zahnstein entfernt wird. Im Anschluss daran sorgen wir mit leichten mechanischen Hilfen daf\u00fcr, dass Ihre Z\u00e4hne f\u00fcr die weitere Behandlung wirklich gut erreichbar freiliegen.<\/li>\n<li>Nun wird eine d\u00fcnne Kunststoffschicht sehr exakt auf Ihr Zahnfleisch aufgetragen, die es vor dem im dritten Schritt verwendeten Bleichmittel gut sch\u00fctzt. Und schon kann es mit dem eigentlichen Bleaching losgehen<\/li>\n<li>Unser*e Expert*in bestreicht Ihre Z\u00e4hne mit einem Gel, das Bleichmittel (Wasserstoffperoxid) enth\u00e4lt. Nach einer Einwirkzeit von 20 Minuten entfernt er das Gel wieder und streicht neues auf. Dieser Vorgang kann sich nochmals wiederholen, je nachdem, wann die gew\u00fcnschte Aufhellung erreicht ist. Der jeweilige Bleichvorgang wird ganz einfach mit einer LED-Lampe aktiviert.<\/li>\n<\/ol>\n<p><strong>Ergebnis:<\/strong> Schon nach kurzer Zeit haben Sie Ihren gew\u00fcnschten Aufhellungsgrad erreicht und lachen fortan bestimmt wieder sehr viel \u00f6fter.<\/p>\n<h3>Hinweise<\/h3>\n<p>Die Behandlung ist im Prinzip schmerzfrei. Es kann allerdings vereinzelt zu kurzfristigen Empfindlichkeiten bei W\u00e4rme und K\u00e4lte kommen. Da das Bleaching eine kosmetische Behandlung darstellt, wird diese Leistung leider nicht von der Krankenkasse bezahlt. Lohnen tut sie sich f\u00fcr viele Patient*innen aber allemal.<\/p>\n<p>Was es dar\u00fcber hinaus <a href=\"https:\/\/www.dentalzentrum-essen.de\/de\/bleaching-behandlung-so-machen-wir-es\/\">beim Bleaching zu beachten gilt<\/a>, haben wir gesondert dargestellt.<\/p>\n<h3>Referenzen<\/h3>\n<p>Auch Spitzensportler*innen legen Wert auf ihr \u00c4u\u00dferes: Viele Mitglieder des deutschen Teams bei den Olympischen Sommerspielen 2012 in London haben unsere Bleaching-Methode getestet \u2013 und zwar im \u201eDeutschen Haus\u201c, der Anlaufstelle f\u00fcr Sportler*innen und Journalist*innen, in dem eigens eine Zahnarztpraxis eingerichtet worden war. Mit vor Ort agierten <a href=\"https:\/\/www.dentalzentrum-essen.de\/de\/team\/philip-abramowski\/\">Dr. Philip Abramowski<\/a> und <a href=\"https:\/\/www.dentalzentrum-essen.de\/de\/team\/stefan-guenther\/\">Dr. Stefan G\u00fcnther<\/a>, beide Zahn\u00e4rzte und Gesellschafter des Dentalzentrum Essen.<\/p>\n<h2 style=\"margin-top: 60px\">FAQ Zahn\u00e4sthetik<\/h2>\n<h3>Inhaltsverzeichnis<\/h3>\n<ol style=\"margin-bottom: 30px\">\n<li><a href=\"#1\">Was versteht man unter Zahn\u00e4sthetik?<\/a><\/li>\n<li><a href=\"#2\">Welche Behandlungen geh\u00f6ren zur \u00e4sthetischen Zahnheilkunde?<\/a><\/li>\n<li><a href=\"#3\">Sind \u00e4sthetische Zahnbehandlungen schmerzhaft?<\/a><\/li>\n<li><a href=\"#4\">Kann ich mir das Ergebnis vorher ansehen?<\/a><\/li>\n<li><a href=\"#5\">Welche Faktoren beeinflussen die Kosten \u00e4sthetischer Zahnbehandlungen?<\/a><\/li>\n<li><a href=\"#6\">Wie lange halten \u00e4sthetische Behandlungen?<\/a><\/li>\n<li><a href=\"#7\">Kann ich \u00e4sthetische Zahnbehandlungen mit anderen Zahnproblemen kombinieren?<\/a><\/li>\n<\/ol>\n<h3 id=\"1\">Was versteht man unter Zahn\u00e4sthetik?<\/h3>\n<p>Bei der Zahn\u00e4sthetik steht die <strong>Verbesserung des Erscheinungsbilds der Z\u00e4hne<\/strong> im Vordergrund. Dabei kommen unterschiedliche zahnmedizinische Ma\u00dfnahmen zum Einsatz, um die Z\u00e4hne zu versch\u00f6nern und ein \u00e4sthetisch ansprechendes L\u00e4cheln zu erzielen. Zum Einsatzbereich der Zahn\u00e4sthetik geh\u00f6ren beispielsweise die <strong>Korrektur von Zahnfehlstellungen, Verf\u00e4rbungen, Unebenheiten<\/strong> und anderen \u00e4sthetischen Unregelm\u00e4\u00dfigkeiten.<\/p>\n<h3 id=\"2\">Welche Behandlungen geh\u00f6ren zur \u00e4sthetischen Zahnheilkunde?<\/h3>\n<p>Die \u00e4sthetische Zahnheilkunde umfasst ein <strong>breites Spektrum<\/strong> an Behandlungen. H\u00e4ufig eingesetzte Methoden sind Zahnaufhellung, Bleaching, Veneers, Invisalign (unsichtbare Zahnspangen), \u00e4sthetische <strong>F\u00fcllungen, Kronen und Br\u00fccken sowie Implantate<\/strong>. Ziel der \u00e4sthetischen Zahnheilkunde ist es, <strong>unansehnliche Z\u00e4hne zu korrigieren<\/strong> und ein <strong>strahlendes L\u00e4cheln<\/strong> zu erm\u00f6glichen.<\/p>\n<h3 id=\"3\">Sind \u00e4sthetische Zahnbehandlungen schmerzhaft?<\/h3>\n<p>Die meisten \u00e4sthetischen Zahnbehandlungen sind <strong>wenig bis gar nicht schmerzhaft<\/strong>. Eine Ausnahme sind <strong>Zahnaufhellungen<\/strong>: Hierbei kann es zu <strong>vor\u00fcbergehender Empfindlichkeit<\/strong> kommen, die jedoch normalerweise nach kurzer Zeit abklingt. Bei anderen Eingriffen wird stellenweise eine <strong>\u00f6rtliche Bet\u00e4ubung<\/strong> angewendet, um Schmerzen so weit wie m\u00f6glich zu minimieren. Sprechen Sie vor einem Eingriff unbedingt mit Ihrem Zahnarzt bzw. Ihrer Zahn\u00e4rztin, wenn Sie besonders <strong>schmerzempfindlich<\/strong> sind oder Angst vor m\u00f6glichen Schmerzen haben.<\/p>\n<h3 id=\"4\">Kann ich mir das Ergebnis vorher ansehen?<\/h3>\n<p>Dank der Entwicklung moderner Technologien ist dies oftmals m\u00f6glich. In den meisten F\u00e4llen k\u00f6nnen Sie vor der Behandlung <strong>Einblicke<\/strong> in das erwartete Endergebnis <strong>erhalten<\/strong>. Daf\u00fcr kommen h\u00e4ufig <strong>Simulationen, digitale Modelle oder Vorher-nachher-Fotos<\/strong> zum Einsatz. Dies gibt Ihnen die M\u00f6glichkeit, realistische Erwartungen zu hegen und Ihre Entscheidung besser treffen zu k\u00f6nnen.<\/p>\n<h3 id=\"5\">Welche Faktoren beeinflussen die Kosten \u00e4sthetischer Zahnbehandlungen?<\/h3>\n<p>In erster Linie spielt die <strong>Art der zahn\u00e4sthetischen Behandlung<\/strong> eine Rolle bei den Kosten. Zudem nehmen Faktoren wie die <strong>Anzahl der Z\u00e4hne<\/strong>, die bearbeitet werden m\u00fcssen, die Wahl der <strong>Materialien<\/strong> und die geografische Lage der Zahnarztpraxis die Preise. Nach einer Untersuchung erhalten Sie von Ihrem Zahnarzt bzw. Ihrer Zahn\u00e4rztin einen <strong>Kostenvoranschlag<\/strong>, sodass Sie genau wissen, welche Kosten bei der Behandlung auf Sie zukommen.<\/p>\n<h3 id=\"6\">Wie lange halten \u00e4sthetische Behandlungen?<\/h3>\n<p>Auch hier ist die Art der Behandlung entscheidend. <strong>Veneers<\/strong> k\u00f6nnen <strong>viele Jahre<\/strong> halten, w\u00e4hrend <strong>Zahnaufhellungen<\/strong> periodisch immer wieder <strong>aufgefrischt werden m\u00fcssen<\/strong>. Die Zahnpflege und Mundhygiene nehmen ebenfalls Einfluss darauf, wie lange das Ergebnis erhalten bleibt.<\/p>\n<h3 id=\"7\">Kann ich \u00e4sthetische Zahnbehandlungen mit anderen Zahnproblemen kombinieren?<\/h3>\n<p>Ja, das ist m\u00f6glich. H\u00e4ufig k\u00f6nnen \u00e4sthetische Zahnbehandlungen <strong>parallel<\/strong> zu anderen zahn\u00e4rztlichen Ma\u00dfnahmen <strong>stattfinden<\/strong>. So k\u00f6nnen beispielsweise \u00e4sthetische Kronen nach einer Wurzelkanalbehandlung verwendet werden. Lassen Sie sich hier <strong>individuell<\/strong> von Ihrem Zahnarzt bzw. Ihrer Zahn\u00e4rztin <strong>beraten<\/strong>. So erhalten Sie eine professionelle Einsch\u00e4tzung, wie Ihre Bed\u00fcrfnisse am besten erf\u00fcllt werden k\u00f6nnen.<\/p>\n<p><script type=\"application\/ld+json\">\n{\n  \"@context\": \"https:\/\/schema.org\",\n  \"@type\": \"Dentist\",\n  \"name\": \"Zahn\u00e4sthetik Essen\",\n  \"url\": \"https:\/\/www.dentalzentrum-essen.de\/de\/zahnaesthetik\/\",\n  \"description\": \"\u00c4sthetische Zahnkorrekturen f\u00fcr ein perfektes L\u00e4cheln in Essen.\",\n  \"image\": \"https:\/\/www.dentalzentrum-essen.de\/de\/wp-content\/uploads\/sites\/2\/2023\/07\/zahnreinigung-zahnseide-laecheln-header.jpeg\",\n  \"address\": {\n    \"@type\": \"PostalAddress\",\n    \"streetAddress\": \"Herwarthstra\u00dfe 102, Ecke Moltkestra\u00dfe\",\n    \"addressLocality\": \"Essen\",\n    \"postalCode\": \"45138\",\n    \"addressCountry\": \"DE\"\n  },\n  \"telephone\": \"+49-201-280-270\",\n  \"priceRange\": \"$$\",\n  \"parentOrganization\": {\n    \"@type\": \"MedicalOrganization\",\n    \"name\": \"Dentalzentrum Essen\",\n    \"url\": \"https:\/\/www.dentalzentrum-essen.de\"\n  }\n}\n<\/script><\/p>\n\n","protected":false},"excerpt":{"rendered":"<p>Die \u00e4sthetischen Anspr\u00fcche an das Erscheinungsbild eines Menschen in unserer Gesellschaft sind gewachsen. Sch\u00f6ne, wei\u00dfe Z\u00e4hne sind dabei ein Zeichen f\u00fcr Gesundheit, Wohlbefinden und ein jugendliches Aussehen \u2013 und sorgen zudem auch f\u00fcr ein gesundes Selbstbewusstsein. Verf\u00e4rbte Z\u00e4hne, Amalgamf\u00fcllungen und ung\u00fcnstige Zahnstellungen stehen dem im Weg. Aber daf\u00fcr gibt es schlie\u00dflich L\u00f6sungen: Wir zeigen Sie [&hellip;]<\/p>\n","protected":false},"author":1,"featured_media":0,"parent":0,"menu_order":500,"comment_status":"closed","ping_status":"closed","template":"","meta":[],"_links":{"self":[{"href":"https:\/\/www.dentalzentrum-essen.de\/de\/wp-json\/wp\/v2\/pages\/74"}],"collection":[{"href":"https:\/\/www.dentalzentrum-essen.de\/de\/wp-json\/wp\/v2\/pages"}],"about":[{"href":"https:\/\/www.dentalzentrum-essen.de\/de\/wp-json\/wp\/v2\/types\/page"}],"author":[{"embeddable":true,"href":"https:\/\/www.dentalzentrum-essen.de\/de\/wp-json\/wp\/v2\/users\/1"}],"replies":[{"embeddable":true,"href":"https:\/\/www.dentalzentrum-essen.de\/de\/wp-json\/wp\/v2\/comments?post=74"}],"version-history":[{"count":18,"href":"https:\/\/www.dentalzentrum-essen.de\/de\/wp-json\/wp\/v2\/pages\/74\/revisions"}],"predecessor-version":[{"id":4413,"href":"https:\/\/www.dentalzentrum-essen.de\/de\/wp-json\/wp\/v2\/pages\/74\/revisions\/4413"}],"wp:attachment":[{"href":"https:\/\/www.dentalzentrum-essen.de\/de\/wp-json\/wp\/v2\/media?parent=74"}],"curies":[{"name":"wp","href":"https:\/\/api.w.org\/{rel}","templated":true}]}}