{"id":89,"date":"2016-04-01T01:00:10","date_gmt":"2016-03-31T23:00:10","guid":{"rendered":"https:\/\/www.zahnklinik-essen.de\/de\/?page_id=89"},"modified":"2024-01-18T13:25:11","modified_gmt":"2024-01-18T12:25:11","slug":"service","status":"publish","type":"page","link":"https:\/\/www.dentalzentrum-essen.de\/de\/service\/","title":{"rendered":"Service"},"content":{"rendered":"<h3>Anbindung an das Elisabeth Krankenhaus<\/h3>\n<p>Die F\u00fcrsorge wird im Dentalzentrum Essen gro\u00df geschrieben: Denn auch die unmittelbare N\u00e4he zum Elisabeth-Krankenhaus ist f\u00fcr einige unserer Patient*innen von Vorteil. Sollte ein Aufenthalt nach einem Eingriff notwendig sein, werden unsere Patient*innen dort gerne aufgenommen. Und selbst Risikopatient*innen erfahren durch die Kooperation mit dem Herzzentrum im Elisabeth-Krankenhaus allergr\u00f6\u00dfte Sicherheit.<\/p>\n<h3>Fahrdienst<\/h3>\n<p>Sollte sich nach einem Eingriff herausstellen, dass ein*e Patient*in unerwarteterweise doch nicht mehr verkehrst\u00fcchtig ist oder sollte eine privat verabredete Abholung nicht zustande kommen (Stau o. \u00c4.), dann sind wir f\u00fcr Sie da und k\u00fcmmern uns darum, Sie wohlbehalten wieder nach Hause zu bringen.<\/p>\n<h3>Hotel<\/h3>\n<p>Das Dentalzentrum Essen hat sich in der Region einen Namen gemacht. Viele unserer Patient*innen reisen aus Nachbarst\u00e4dten oder weiter entfernten Orten an, nicht wenige auch aus dem Ausland. Da ist es wichtig zu wissen, dass gute \u00dcbernachtungsm\u00f6glichkeiten nur einen Steinwurf vom Dentalzentrum Essen entfernt sind. Sprechen Sie unser Team hierzu gerne an.<\/p>\n<h3>Brosch\u00fcren<\/h3>\n<p><a href=\"https:\/\/www.dentalzentrum-essen.de\/de\/wp-content\/uploads\/sites\/2\/2022\/01\/dze_flyer_sportmedizin_210x210mm_web.pdf\" target=\"_blank\" rel=\"noopener noreferrer\">Sportzahnmedizin<\/a><\/p>\n<h3>News<\/h3>\n<p><a href=\"https:\/\/www.dentalzentrum-essen.de\/de\/wp-content\/uploads\/sites\/2\/2022\/01\/dental_news_dze_2-2021.pdf\" target=\"_blank\" rel=\"noopener noreferrer\">Dental News<\/a><\/p>\n","protected":false},"excerpt":{"rendered":"<p>Anbindung an das Elisabeth Krankenhaus Die F\u00fcrsorge wird im Dentalzentrum Essen gro\u00df geschrieben: Denn auch die unmittelbare N\u00e4he zum Elisabeth-Krankenhaus ist f\u00fcr einige unserer Patient*innen von Vorteil. Sollte ein Aufenthalt nach einem Eingriff notwendig sein, werden unsere Patient*innen dort gerne aufgenommen. Und selbst Risikopatient*innen erfahren durch die Kooperation mit dem Herzzentrum im Elisabeth-Krankenhaus allergr\u00f6\u00dfte Sicherheit. [&hellip;]<\/p>\n","protected":false},"author":1,"featured_media":0,"parent":0,"menu_order":9999,"comment_status":"closed","ping_status":"closed","template":"","meta":[],"_links":{"self":[{"href":"https:\/\/www.dentalzentrum-essen.de\/de\/wp-json\/wp\/v2\/pages\/89"}],"collection":[{"href":"https:\/\/www.dentalzentrum-essen.de\/de\/wp-json\/wp\/v2\/pages"}],"about":[{"href":"https:\/\/www.dentalzentrum-essen.de\/de\/wp-json\/wp\/v2\/types\/page"}],"author":[{"embeddable":true,"href":"https:\/\/www.dentalzentrum-essen.de\/de\/wp-json\/wp\/v2\/users\/1"}],"replies":[{"embeddable":true,"href":"https:\/\/www.dentalzentrum-essen.de\/de\/wp-json\/wp\/v2\/comments?post=89"}],"version-history":[{"count":12,"href":"https:\/\/www.dentalzentrum-essen.de\/de\/wp-json\/wp\/v2\/pages\/89\/revisions"}],"predecessor-version":[{"id":3755,"href":"https:\/\/www.dentalzentrum-essen.de\/de\/wp-json\/wp\/v2\/pages\/89\/revisions\/3755"}],"wp:attachment":[{"href":"https:\/\/www.dentalzentrum-essen.de\/de\/wp-json\/wp\/v2\/media?parent=89"}],"curies":[{"name":"wp","href":"https:\/\/api.w.org\/{rel}","templated":true}]}}